{"id":1097,"date":"2020-02-03T15:35:10","date_gmt":"2020-02-03T14:35:10","guid":{"rendered":"https:\/\/antykilion.pl\/?post_type=product&#038;p=1097"},"modified":"2021-09-03T14:16:39","modified_gmt":"2021-09-03T12:16:39","slug":"komoda-klasycystyczna-z-poczatku-xix-wieku-okolo-1800-roku","status":"publish","type":"product","link":"https:\/\/antykilion.pl\/fr\/product\/komoda-klasycystyczna-z-poczatku-xix-wieku-okolo-1800-roku\/","title":{"rendered":"Commode classique du d\u00e9but du XIXe si\u00e8cle vers 1800"},"content":{"rendered":"","protected":false},"excerpt":{"rendered":"<p>Commode classique du d\u00e9but du XIXe si\u00e8cle vers 1800<br \/>\navec des c\u00f4t\u00e9s droits, des coins avant coup\u00e9s et une fa\u00e7ade droite, avec un dessus en marbre, quatre tiroirs, plaqu\u00e9s, incrust\u00e9s, d\u00e9cor\u00e9s avec des garnitures en laiton, soutenus par quatre pieds en forme de S. Le devant et les c\u00f4t\u00e9s sont d\u00e9cor\u00e9s de champs g\u00e9om\u00e9triques encadr\u00e9s par une ligne, avec des m\u00e9andres dans les coins, remplis d&#039;un puzzle en forme de losange. poign\u00e9es rococo certainement quelqu&#039;un les a remplac\u00e9es compl\u00e8tement incompatibles avec les meubles.<br \/>\nPlacage: acajou, noyer, prune d&#039;olive, sycomore et bien d&#039;autres.<br \/>\nCh\u00e2teaux du d\u00e9but du 19\u00e8me si\u00e8cle.<br \/>\nBon \u00e9tat, mais pour un entretien conservateur, des d\u00e9fauts mineurs du placage sur les bords du plateau de table, pour enlever l&#039;ancien vernis et en appliquer un nouveau et bien s\u00fbr pour remplacer les poign\u00e9es. Conception saine.<br \/>\nOrigine Europe centrale probablement Italie.<br \/>\nDimensions: Longueur 108 cm, largeur 54,5 cm, hauteur 82 cm.<br \/>\nBeau meuble mais n\u00e9cessite des cosm\u00e9tiques <\/p>","protected":false},"featured_media":1098,"comment_status":"closed","ping_status":"closed","template":"","meta":[],"product_cat":[26,17],"product_tag":[],"class_list":{"0":"post-1097","1":"product","2":"type-product","3":"status-publish","4":"has-post-thumbnail","6":"product_cat-komody","7":"product_cat-meble","9":"entry","10":"has-media","12":"first","13":"instock","14":"taxable","15":"shipping-taxable","16":"purchasable","17":"product-type-simple","18":"has-product-nav","19":"col","20":"span_1_of_3","21":"owp-content-center","22":"owp-thumbs-layout-horizontal","23":"owp-btn-normal","24":"owp-tabs-layout-horizontal"},"aioseo_notices":[],"_links":{"self":[{"href":"https:\/\/antykilion.pl\/fr\/wp-json\/wp\/v2\/product\/1097","targetHints":{"allow":["GET"]}}],"collection":[{"href":"https:\/\/antykilion.pl\/fr\/wp-json\/wp\/v2\/product"}],"about":[{"href":"https:\/\/antykilion.pl\/fr\/wp-json\/wp\/v2\/types\/product"}],"replies":[{"embeddable":true,"href":"https:\/\/antykilion.pl\/fr\/wp-json\/wp\/v2\/comments?post=1097"}],"wp:featuredmedia":[{"embeddable":true,"href":"https:\/\/antykilion.pl\/fr\/wp-json\/wp\/v2\/media\/1098"}],"wp:attachment":[{"href":"https:\/\/antykilion.pl\/fr\/wp-json\/wp\/v2\/media?parent=1097"}],"wp:term":[{"taxonomy":"product_cat","embeddable":true,"href":"https:\/\/antykilion.pl\/fr\/wp-json\/wp\/v2\/product_cat?post=1097"},{"taxonomy":"product_tag","embeddable":true,"href":"https:\/\/antykilion.pl\/fr\/wp-json\/wp\/v2\/product_tag?post=1097"}],"curies":[{"name":"wp","href":"https:\/\/api.w.org\/{rel}","templated":true}]}}