{"id":11024,"date":"2026-04-12T18:43:37","date_gmt":"2026-04-12T16:43:37","guid":{"rendered":"https:\/\/antykilion.pl\/?post_type=product&#038;p=11024"},"modified":"2026-04-12T18:43:38","modified_gmt":"2026-04-12T16:43:38","slug":"ogromna-serwantka-eklektyczna-z-herbem-xix-w-okolo-1870-obledna","status":"publish","type":"product","link":"https:\/\/antykilion.pl\/fr\/product\/ogromna-serwantka-eklektyczna-z-herbem-xix-w-okolo-1870-obledna\/","title":{"rendered":"Ogromna serwantka eklektyczna z herbem, XIX w oko\u0142o 1870 ob\u0142\u0119dna"},"content":{"rendered":"","protected":false},"excerpt":{"rendered":"<p>Ogromna serwantka eklektyczna z herbem, XIX w oko\u0142o 1870 ob\u0142\u0119dna<\/p>\n<p>prostopad\u0142o\u015bcienna, oszklona z 3 stron, plecy w tafli lustrzanej, wsparta na czterech kulistych n\u00f3\u017ckach. Zwie\u0144czona prosto z ozdobn\u0105 listw\u0105 wyko\u0144czon\u0105 w ca\u0142o\u015bci li\u015b\u0107mi akantu, po \u015brodku umieszczona para delfin\u00f3w trzymaj\u0105ca herb. Front flankowany par\u0105 kolumn z rze\u017abionymi, korynckimi kapitelami. We wn\u0119trzu cztery p\u00f3\u0142ki, jedna drewniana, a trzy szklane.<\/p>\n<p>Masywna serwantka o bogatym i dekoracyjnym froncie, elegancka, na \u00a0bardzo wysokim poziomie. Pa\u0142acowy mebel.<\/p>\n<p>Stan: bardzo dobry na stan orginalny drobne rysy, szklane p\u00f3\u0142ki z uszkodzeniami po za tym nie wiem czy mocowanie p\u00f3\u0142ek nie powinno si\u0119 wymieni\u0107 na mocniejsze i ciekawsze, rozeschni\u0119cie na p\u00f3\u0142ce ale to wydaje mi si\u0119 ma\u0142o istotrne<\/p>\n<p>Materia\u0142: Orzech<\/p>\n<p>Wymiary: Szeroko\u015b\u0107 113, g\u0142\u0119boko\u015b\u0107 56, wysoko\u015b\u0107 217 cm. bardzo du\u017ca<\/p>\n<p>Pi\u0119kny mebel<\/p>","protected":false},"featured_media":11025,"comment_status":"closed","ping_status":"closed","template":"","meta":[],"product_cat":[17,37],"product_tag":[],"class_list":{"0":"post-11024","1":"product","2":"type-product","3":"status-publish","4":"has-post-thumbnail","6":"product_cat-meble","7":"product_cat-witryny-serwantki","9":"entry","10":"has-media","12":"first","13":"instock","14":"taxable","15":"shipping-taxable","16":"purchasable","17":"product-type-simple","18":"has-product-nav","19":"col","20":"span_1_of_3","21":"owp-content-center","22":"owp-thumbs-layout-horizontal","23":"owp-btn-normal","24":"owp-tabs-layout-horizontal"},"aioseo_notices":[],"_links":{"self":[{"href":"https:\/\/antykilion.pl\/fr\/wp-json\/wp\/v2\/product\/11024","targetHints":{"allow":["GET"]}}],"collection":[{"href":"https:\/\/antykilion.pl\/fr\/wp-json\/wp\/v2\/product"}],"about":[{"href":"https:\/\/antykilion.pl\/fr\/wp-json\/wp\/v2\/types\/product"}],"replies":[{"embeddable":true,"href":"https:\/\/antykilion.pl\/fr\/wp-json\/wp\/v2\/comments?post=11024"}],"wp:featuredmedia":[{"embeddable":true,"href":"https:\/\/antykilion.pl\/fr\/wp-json\/wp\/v2\/media\/11025"}],"wp:attachment":[{"href":"https:\/\/antykilion.pl\/fr\/wp-json\/wp\/v2\/media?parent=11024"}],"wp:term":[{"taxonomy":"product_cat","embeddable":true,"href":"https:\/\/antykilion.pl\/fr\/wp-json\/wp\/v2\/product_cat?post=11024"},{"taxonomy":"product_tag","embeddable":true,"href":"https:\/\/antykilion.pl\/fr\/wp-json\/wp\/v2\/product_tag?post=11024"}],"curies":[{"name":"wp","href":"https:\/\/api.w.org\/{rel}","templated":true}]}}