{"id":11059,"date":"2026-04-15T14:53:26","date_gmt":"2026-04-15T12:53:26","guid":{"rendered":"https:\/\/antykilion.pl\/?post_type=product&#038;p=11059"},"modified":"2026-04-15T15:07:17","modified_gmt":"2026-04-15T13:07:17","slug":"kufer-barokowy-bardzo-wczesny-poczatek-xviii-w-piekny","status":"publish","type":"product","link":"https:\/\/antykilion.pl\/fr\/product\/kufer-barokowy-bardzo-wczesny-poczatek-xviii-w-piekny\/","title":{"rendered":"Kufer barokowy bardzo wczesny pocz\u0105tek XVIII w Pi\u0119kny !!!"},"content":{"rendered":"","protected":false},"excerpt":{"rendered":"<p>Kufer barokowy bardzo wczesny pocz\u0105tek XVIII w Pi\u0119kny !!!<\/p>\n<p>o prostych, zbie\u017cnych ku do\u0142owi bokach, z odk\u0142adanym wypuk\u0142ym wiekiem, bogato okuty a\u017curowymi pasami z blachy stalowej, kutymi i repusowanymi. Okucia tworz\u0105 na froncie i wieku koronkowy wz\u00f3r. Na bokach kute uchwyty. Zamek wpuszczany, hakowy, jednoryglowy.<\/p>\n<p>Stan: bardzo dobry gdzie nie gdzie brak gwo\u017adzi bardzo wysoki poziom<\/p>\n<p>Pochodzenie: Polska lub Niemcy<\/p>\n<p>Materia\u0142: d\u0119bina<\/p>\n<p>Wymiary: d\u0142ugo\u015b\u0107 121 cm, g\u0142\u0119boko\u015b\u0107 63 cm, wysoko\u015b\u0107 79 cm<\/p>\n<p>Polecam bardzo atrakcyjna cena mebla, warto zainwestowa\u0107 !!!<\/p>","protected":false},"featured_media":11060,"comment_status":"closed","ping_status":"closed","template":"","meta":[],"product_cat":[17,64],"product_tag":[],"class_list":{"0":"post-11059","1":"product","2":"type-product","3":"status-publish","4":"has-post-thumbnail","6":"product_cat-meble","7":"product_cat-skrzynie-meble","9":"entry","10":"has-media","12":"first","13":"instock","14":"taxable","15":"shipping-taxable","16":"purchasable","17":"product-type-simple","18":"has-product-nav","19":"col","20":"span_1_of_3","21":"owp-content-center","22":"owp-thumbs-layout-horizontal","23":"owp-btn-normal","24":"owp-tabs-layout-horizontal"},"aioseo_notices":[],"_links":{"self":[{"href":"https:\/\/antykilion.pl\/fr\/wp-json\/wp\/v2\/product\/11059","targetHints":{"allow":["GET"]}}],"collection":[{"href":"https:\/\/antykilion.pl\/fr\/wp-json\/wp\/v2\/product"}],"about":[{"href":"https:\/\/antykilion.pl\/fr\/wp-json\/wp\/v2\/types\/product"}],"replies":[{"embeddable":true,"href":"https:\/\/antykilion.pl\/fr\/wp-json\/wp\/v2\/comments?post=11059"}],"wp:featuredmedia":[{"embeddable":true,"href":"https:\/\/antykilion.pl\/fr\/wp-json\/wp\/v2\/media\/11060"}],"wp:attachment":[{"href":"https:\/\/antykilion.pl\/fr\/wp-json\/wp\/v2\/media?parent=11059"}],"wp:term":[{"taxonomy":"product_cat","embeddable":true,"href":"https:\/\/antykilion.pl\/fr\/wp-json\/wp\/v2\/product_cat?post=11059"},{"taxonomy":"product_tag","embeddable":true,"href":"https:\/\/antykilion.pl\/fr\/wp-json\/wp\/v2\/product_tag?post=11059"}],"curies":[{"name":"wp","href":"https:\/\/api.w.org\/{rel}","templated":true}]}}