{"id":11103,"date":"2026-04-19T17:29:38","date_gmt":"2026-04-19T15:29:38","guid":{"rendered":"https:\/\/antykilion.pl\/?post_type=product&#038;p=11103"},"modified":"2026-04-19T17:29:38","modified_gmt":"2026-04-19T15:29:38","slug":"krucyfiks-barokowy-xvii-w-olbrzymi","status":"publish","type":"product","link":"https:\/\/antykilion.pl\/fr\/product\/krucyfiks-barokowy-xvii-w-olbrzymi\/","title":{"rendered":"Krucyfiks barokowy XVII w olbrzymi !!!"},"content":{"rendered":"","protected":false},"excerpt":{"rendered":"<p>Krucyfiks barokowy XVII w olbrzymi !!!<\/p>\n<p>Szylkretowe krucyfiksy to\u00a0antyczne, artystyczne przedmioty kultu, popularne zw\u0142aszcza w baroku (XVII\/XVIII w.), wykonane z d\u0119bu lub hebanu ok\u0142adanego naturalnym szylkretem (p\u0142ytki \u017c\u00f3\u0142wia morskiego). Cz\u0119sto \u0142\u0105czono je z aplikacjami z ko\u015bci s\u0142oniowej, srebra lub br\u0105zu, osi\u0105gaj\u0105c wysoki kontrast.<\/p>\n<p>Pochodzenie: Flandria<\/p>\n<p>Stan: bardzo dobry orginalny,<\/p>\n<p>Materia\u0142: Heban, ko\u015b\u0107 s\u0142oniowa, Szylkret ( pancerz \u017c\u00f3\u0142wia)<\/p>\n<p>Wymiary: wysoko\u015b\u0107 92 cm, g\u0142\u0119boko\u015b\u0107\u00a0 17 cm, d\u0142ugo\u015b\u0107\u00a0 25 cm<\/p>","protected":false},"featured_media":11104,"comment_status":"closed","ping_status":"closed","template":"","meta":[],"product_cat":[16,55],"product_tag":[],"class_list":{"0":"post-11103","1":"product","2":"type-product","3":"status-publish","4":"has-post-thumbnail","6":"product_cat-inne","7":"product_cat-varia","9":"entry","10":"has-media","12":"first","13":"instock","14":"taxable","15":"shipping-taxable","16":"purchasable","17":"product-type-simple","18":"has-product-nav","19":"col","20":"span_1_of_3","21":"owp-content-center","22":"owp-thumbs-layout-horizontal","23":"owp-btn-normal","24":"owp-tabs-layout-horizontal"},"aioseo_notices":[],"_links":{"self":[{"href":"https:\/\/antykilion.pl\/fr\/wp-json\/wp\/v2\/product\/11103","targetHints":{"allow":["GET"]}}],"collection":[{"href":"https:\/\/antykilion.pl\/fr\/wp-json\/wp\/v2\/product"}],"about":[{"href":"https:\/\/antykilion.pl\/fr\/wp-json\/wp\/v2\/types\/product"}],"replies":[{"embeddable":true,"href":"https:\/\/antykilion.pl\/fr\/wp-json\/wp\/v2\/comments?post=11103"}],"wp:featuredmedia":[{"embeddable":true,"href":"https:\/\/antykilion.pl\/fr\/wp-json\/wp\/v2\/media\/11104"}],"wp:attachment":[{"href":"https:\/\/antykilion.pl\/fr\/wp-json\/wp\/v2\/media?parent=11103"}],"wp:term":[{"taxonomy":"product_cat","embeddable":true,"href":"https:\/\/antykilion.pl\/fr\/wp-json\/wp\/v2\/product_cat?post=11103"},{"taxonomy":"product_tag","embeddable":true,"href":"https:\/\/antykilion.pl\/fr\/wp-json\/wp\/v2\/product_tag?post=11103"}],"curies":[{"name":"wp","href":"https:\/\/api.w.org\/{rel}","templated":true}]}}