{"id":11114,"date":"2026-04-21T13:41:39","date_gmt":"2026-04-21T11:41:39","guid":{"rendered":"https:\/\/antykilion.pl\/?post_type=product&#038;p=11114"},"modified":"2026-04-21T13:41:42","modified_gmt":"2026-04-21T11:41:42","slug":"jacob-gillig-1636-1701-martwa-natura-z-rybami-na-tle-pejzazu-lub-jego-krag","status":"publish","type":"product","link":"https:\/\/antykilion.pl\/fr\/product\/jacob-gillig-1636-1701-martwa-natura-z-rybami-na-tle-pejzazu-lub-jego-krag\/","title":{"rendered":"JACOB GILLIG 1636 &#8211; 1701 martwa natura z rybami na tle pejza\u017cu lub jego kr\u0105g"},"content":{"rendered":"","protected":false},"excerpt":{"rendered":"<p>JACOB GILLIG 1636 &#8211; 1701 martwa natura z rybami na tle pejza\u017cu lub jego kr\u0105g<\/p>\n<p>Jacob Gillig\u00a0(r\u00f3wnie\u017c pisany jako\u00a0Jakob\u00a0lub\u00a0Gellig\u00a0; ok. 1636 \u2013 24 lipca 1701)\u00a0[\u00a01\u00a0]\u00a0by\u0142\u00a0holenderskim malarzem z\u0142otej ery\u00a0, tworz\u0105cym martwe natury, zazwyczaj z rybami. Cho\u0107 stworzy\u0142 kilka portret\u00f3w, to w\u0142a\u015bnie z malowania ryb jest najbardziej znany.<\/p>\n<p>Gillig urodzi\u0142 si\u0119 i zmar\u0142 w\u00a0Utrechcie\u00a0. Najwyra\u017aniej zacz\u0105\u0142 malowa\u0107 dopiero po uko\u0144czeniu dwudziestki, nigdy nie zarejestrowa\u0142 si\u0119 jako mistrz w Cechu Malarzy w Utrechcie, pracowa\u0142 jako kupiec, a nast\u0119pnie jako stra\u017cnik wi\u0119zienny. W Utrechcie wi\u0119zienie miejskie znajdowa\u0142o si\u0119 obok targu rybnego.<\/p>\n<p>W 1661 roku po\u015blubi\u0142 c\u00f3rk\u0119\u00a0Abrahama Willaertsa.\u00a0Wed\u0142ug\u00a0Houbrakena\u00a0pr\u00f3bowa\u0142 swoich si\u0142 w malarstwie portretowym, ale jego podobizny nie by\u0142y zbyt podobne do portretowanych.\u00a0[\u00a02\u00a0]<\/p>\n<p>W jego pracach, jak w przyk\u0142adzie po prawej, dominowa\u0142y kompozycje piramidalne. By\u0142y one w\u00f3wczas bardzo cenione w Utrechcie, a kilka jego dzie\u0142 zosta\u0142o skopiowanych przez\u00a0Abrahama Mignona\u00a0.<\/p>\n<p>Odniesienia<\/p>\n<p>W Wikimedia Commons znajduj\u0105 si\u0119 multimedia zwi\u0105zane z\u00a0Jacobem Gilliganem\u00a0.<\/p>\n<p>Wpis\u00a0na li\u015bcie nazwisk artyst\u00f3w serwisu Getty<br \/>\nBiografia Jakoba Gelliga\u00a0w\u00a0De groote schouburgh der Nederlantsche konstschilders en schilderessen\u00a0(1718) autorstwa\u00a0Arnolda Houbrakena\u00a0, dzi\u0119ki uprzejmo\u015bci\u00a0Biblioteki cyfrowej literatury holenderskiej<\/p>\n<p>https:\/\/commons.wikimedia.org\/wiki\/Category:Paintings_by_Jacob_Gillig<\/p>\n<p>https:\/\/www.boijmans.nl\/en\/collection\/artists\/7321\/jacob-gillig<\/p>\n<p>Bardzo dekoracyjny obraz<\/p>\n<p>Obraz klasy muzealnej !!!<\/p>\n<p>Okazja !!!<\/p>\n<p>Technika: olej na desce<\/p>\n<p>Stan:\u00a0 Bardzo dobry<\/p>\n<p>Sygnatura:\u00a0 prawdopodobnie prawy g\u00f3rny r\u00f3g<\/p>\n<p>Wymiary: Deska ok. 40 x 52,5 cm.\u00a0Rama ok. 60 x 73 cm.<\/p>\n<p>Obraz oprawiony w przepi\u0119kn\u0105 ram\u0119<\/p>\n<p>Do ka\u017cdego przedmiotu Galeria wystawia certyfikat.<\/p>","protected":false},"featured_media":11115,"comment_status":"closed","ping_status":"closed","template":"","meta":[],"product_cat":[41,39,40],"product_tag":[],"class_list":{"0":"post-11114","1":"product","2":"type-product","3":"status-publish","4":"has-post-thumbnail","6":"product_cat-malarstwo-dawne","7":"product_cat-dziela-sztuki","8":"product_cat-malarstwo","10":"entry","11":"has-media","13":"first","14":"instock","15":"taxable","16":"shipping-taxable","17":"product-type-simple","18":"has-product-nav","19":"col","20":"span_1_of_3","21":"owp-content-center","22":"owp-thumbs-layout-horizontal","23":"owp-btn-normal","24":"owp-tabs-layout-horizontal","25":"has-no-thumbnails"},"aioseo_notices":[],"_links":{"self":[{"href":"https:\/\/antykilion.pl\/fr\/wp-json\/wp\/v2\/product\/11114","targetHints":{"allow":["GET"]}}],"collection":[{"href":"https:\/\/antykilion.pl\/fr\/wp-json\/wp\/v2\/product"}],"about":[{"href":"https:\/\/antykilion.pl\/fr\/wp-json\/wp\/v2\/types\/product"}],"replies":[{"embeddable":true,"href":"https:\/\/antykilion.pl\/fr\/wp-json\/wp\/v2\/comments?post=11114"}],"wp:featuredmedia":[{"embeddable":true,"href":"https:\/\/antykilion.pl\/fr\/wp-json\/wp\/v2\/media\/11115"}],"wp:attachment":[{"href":"https:\/\/antykilion.pl\/fr\/wp-json\/wp\/v2\/media?parent=11114"}],"wp:term":[{"taxonomy":"product_cat","embeddable":true,"href":"https:\/\/antykilion.pl\/fr\/wp-json\/wp\/v2\/product_cat?post=11114"},{"taxonomy":"product_tag","embeddable":true,"href":"https:\/\/antykilion.pl\/fr\/wp-json\/wp\/v2\/product_tag?post=11114"}],"curies":[{"name":"wp","href":"https:\/\/api.w.org\/{rel}","templated":true}]}}