{"id":1117,"date":"2020-02-04T08:10:36","date_gmt":"2020-02-04T07:10:36","guid":{"rendered":"https:\/\/antykilion.pl\/?post_type=product&#038;p=1117"},"modified":"2021-09-03T14:16:39","modified_gmt":"2021-09-03T12:16:39","slug":"komoda-rokokowa-z-xviii-wieku-w-stylu-mathiasa-ortmanna-okolo-1740-roku","status":"publish","type":"product","link":"https:\/\/antykilion.pl\/fr\/product\/komoda-rokokowa-z-xviii-wieku-w-stylu-mathiasa-ortmanna-okolo-1740-roku\/","title":{"rendered":"Commode rococo du 18\u00e8me si\u00e8cle dans le style de Mathias Ortmann vers 1740"},"content":{"rendered":"<p>Les meubles d&#039;Ortmann sont d&#039;une qualit\u00e9 exceptionnelle et repr\u00e9sentent le meilleur du domaine Rococo en Europe du Nord. Ce qui distingue vraiment Ortmann des principaux fabricants de meubles d&#039;aujourd&#039;hui, c&#039;est son habitude de signer ses cr\u00e9ations. Le nom d&#039;Ortmann est donc devenu immortel et son \u0153uvre est devenue une pi\u00e8ce de collection tr\u00e8s recherch\u00e9e, mais rarement rapport\u00e9e.<br \/>\nGarantie du collectionneur<\/p>\n<p>Mathias Ortmann (vers 1700-1757) est n\u00e9 en Su\u00e8de en tant que fils d&#039;un charpentier. La famille a d\u00e9m\u00e9nag\u00e9 \u00e0 Copenhague pour ouvrir un atelier \u00e0 Nyhavn, et Mathias Ortmann est devenu un apprenti \u00e0 un \u00e2ge pr\u00e9coce dans l&#039;atelier de son p\u00e8re en pleine croissance, qui a reconnu le fr\u00e8re de Frederik IV, le prince Carl, comme client de son palais \u00e0 Charlottenborg. La m\u00e8re de Mathias a continu\u00e9 dans les affaires apr\u00e8s la mort de son p\u00e8re en 1723, et deux ans plus tard Ortmann a r\u00e9ussi ses examens et est devenu citoyen en 1727. En tant que fabricant de meubles.<\/p>\n<p>Au cours de ses \u00e9tudes d&#039;apprenti dans toute l&#039;Europe, principalement dans la France de Ludwig XV, Ortmann a appris les avantages de d\u00e9dicacer ses meubles. Depuis, son \u00e9tiquette est devenue une garantie de collection pour le vrai Ortmann. Mais toutes les \u0153uvres d&#039;Ortmann ne portent pas r\u00e9ellement sa pr\u00e9cieuse signature, car il ne l&#039;a utilis\u00e9e qu&#039;entre 1745 et 1757 et certaines de ses productions remontent \u00e0 cette p\u00e9riode. Il existe \u00e9galement de nombreux \u00e9l\u00e9ments de cette \u00e9poque qui peuvent presque certainement \u00eatre attribu\u00e9s \u00e0 Ortmann pour leur style reconnaissable.<br \/>\nCaract\u00e9ristique principale<\/p>\n<p>La principale caract\u00e9ristique du style d&#039;Ortmann en mati\u00e8re de commodes est l&#039;inspiration qu&#039;il puise dans son voyage en France, mais ce n&#039;est pas enti\u00e8rement fran\u00e7ais. Certains aspects purement locaux ne se retrouvent que dans le Schleswig-Holstein et au Danemark. L\u00e0 o\u00f9 les meubles fran\u00e7ais \u00e9taient souvent fabriqu\u00e9s avec du bois exotique, Ortmann utilisait principalement du noyer import\u00e9 d&#039;Italie.<\/p>\n<p>Une autre particularit\u00e9 est ses ornements d&#039;angle en plomb dor\u00e9. Contrairement \u00e0 la plupart des fabricants de meubles de l&#039;\u00e9poque, qui fabriquaient leurs ornements d&#039;angle \u00e0 partir de sculptures en bois dor\u00e9 ou - \u00e0 la fran\u00e7aise - de garnitures en bronze dor\u00e9, Ortmann aimait sculpter ses pi\u00e9destaux et utilisait des moulages en laiton dor\u00e9 pour les cl\u00e9s et les poign\u00e9es de porte.<\/p>\n<p>Les premiers coffres Ortmann avaient des c\u00f4t\u00e9s droits, mais il a ensuite d\u00e9velopp\u00e9 son mod\u00e8le en forme de bombe avec un socle et des jambes dor\u00e9s et sculpt\u00e9s.<\/p>\n<p>Le look typique d&#039;Ortmann comprend \u00e9galement des bords de tiroir dor\u00e9s et une frise en pl\u00e2tre dor\u00e9 avec des lattes d\u00e9licates sous un surplomb dor\u00e9. Ce bracelet en or se trouve juste en dessous du dessus en marbre qui recouvre l&#039;\u00e9tiquette. Une frise de ce type n&#039;\u00e9tait pas une caract\u00e9ristique des commodes fran\u00e7aises, mais est d&#039;origine nord-europ\u00e9enne.<\/p>","protected":false},"excerpt":{"rendered":"<p>Commode rococo dans le go\u00fbt de Mathias Ortmann, c\u00f4t\u00e9s droits et fa\u00e7ade ondul\u00e9e \u00e0 quatre tiroirs, bandes profil\u00e9es au-dessus des tiroirs finis en polychrome or, garnitures rocailler dor\u00e9es et bandes profil\u00e9es, pieds en roseau avec rocailles polychromes.<br \/>\nPlacage de noyer.<br \/>\nL&#039;\u00e9tat de la commode dans son \u00e9tat d&#039;origine, les serrures et le vernis d&#039;origine, le seul inconv\u00e9nient est l&#039;ass\u00e8chement en haut et d&#039;un c\u00f4t\u00e9, et les pieds qui n\u00e9cessitent une meilleure fixation.<br \/>\nOrigine du Danemark.<br \/>\nDimensions: hauteur 108 cm, longueur 102 cm, largeur 56 cm<br \/>\nUn beau meuble.<br \/>\nPlus d&#039;informations sur les meubles ci-dessous.<\/p>","protected":false},"featured_media":1118,"comment_status":"closed","ping_status":"closed","template":"","meta":[],"product_cat":[26,17],"product_tag":[],"class_list":{"0":"post-1117","1":"product","2":"type-product","3":"status-publish","4":"has-post-thumbnail","6":"product_cat-komody","7":"product_cat-meble","9":"entry","10":"has-media","12":"first","13":"instock","14":"taxable","15":"shipping-taxable","16":"purchasable","17":"product-type-simple","18":"has-product-nav","19":"col","20":"span_1_of_3","21":"owp-content-center","22":"owp-thumbs-layout-horizontal","23":"owp-btn-normal","24":"owp-tabs-layout-horizontal"},"aioseo_notices":[],"_links":{"self":[{"href":"https:\/\/antykilion.pl\/fr\/wp-json\/wp\/v2\/product\/1117","targetHints":{"allow":["GET"]}}],"collection":[{"href":"https:\/\/antykilion.pl\/fr\/wp-json\/wp\/v2\/product"}],"about":[{"href":"https:\/\/antykilion.pl\/fr\/wp-json\/wp\/v2\/types\/product"}],"replies":[{"embeddable":true,"href":"https:\/\/antykilion.pl\/fr\/wp-json\/wp\/v2\/comments?post=1117"}],"wp:featuredmedia":[{"embeddable":true,"href":"https:\/\/antykilion.pl\/fr\/wp-json\/wp\/v2\/media\/1118"}],"wp:attachment":[{"href":"https:\/\/antykilion.pl\/fr\/wp-json\/wp\/v2\/media?parent=1117"}],"wp:term":[{"taxonomy":"product_cat","embeddable":true,"href":"https:\/\/antykilion.pl\/fr\/wp-json\/wp\/v2\/product_cat?post=1117"},{"taxonomy":"product_tag","embeddable":true,"href":"https:\/\/antykilion.pl\/fr\/wp-json\/wp\/v2\/product_tag?post=1117"}],"curies":[{"name":"wp","href":"https:\/\/api.w.org\/{rel}","templated":true}]}}