{"id":1238,"date":"2020-02-05T12:36:12","date_gmt":"2020-02-05T11:36:12","guid":{"rendered":"https:\/\/antykilion.pl\/?post_type=product&#038;p=1238"},"modified":"2021-09-03T14:16:39","modified_gmt":"2021-09-03T12:16:39","slug":"stol-xix-wiek-w-stylu-biedermeier-okolo-1820-40-rok","status":"publish","type":"product","link":"https:\/\/antykilion.pl\/fr\/product\/stol-xix-wiek-w-stylu-biedermeier-okolo-1820-40-rok\/","title":{"rendered":"Table du XIXe si\u00e8cle dans le style Biedermeier vers 1820\/40"},"content":{"rendered":"","protected":false},"excerpt":{"rendered":"<p>Table du XIXe si\u00e8cle dans le style Biedermeier vers 1820\/40<br \/>\navec un sommet rond soutenu sur une tige trilat\u00e9rale, s&#039;\u00e9largissant vers le bas, plac\u00e9 sur une plate-forme similaire, richement incrust\u00e9e d&#039;un motif de fleurs, de papillons et de rubans;<br \/>\nLa table a \u00e9t\u00e9 r\u00e9alis\u00e9e sur la vague du retour de la mode pour les meubles n\u00e9o-rococo et n\u00e9o-baroque et leurs d\u00e9corations. La marqueterie florale fait r\u00e9f\u00e9rence aux ornements hollandais utilis\u00e9s vers le milieu du XVIIIe si\u00e8cle.<\/p>\n<p>Origine: Europe de l&#039;Ouest, Pays-Bas (?), 1er semestre 19\u00e8me si\u00e8cle<br \/>\nEn: ch\u00eane, noyer, placage - noyer, marqueterie - bouleau flamm\u00e9, teint\u00e9;<br \/>\nCondition: la table a besoin de produits cosm\u00e9tiques l\u00e9gers pour la s\u00e9cher naturellement<br \/>\nDimensions: Hauteur 64 cm, diam\u00e8tre sup\u00e9rieur 94 cm<br \/>\nJe recommande la raret\u00e9, magnifique!<\/p>","protected":false},"featured_media":1239,"comment_status":"closed","ping_status":"closed","template":"","meta":[],"product_cat":[17,33],"product_tag":[],"class_list":{"0":"post-1238","1":"product","2":"type-product","3":"status-publish","4":"has-post-thumbnail","6":"product_cat-meble","7":"product_cat-stoly-stoliki","9":"entry","10":"has-media","12":"first","13":"instock","14":"taxable","15":"shipping-taxable","16":"purchasable","17":"product-type-simple","18":"has-product-nav","19":"col","20":"span_1_of_3","21":"owp-content-center","22":"owp-thumbs-layout-horizontal","23":"owp-btn-normal","24":"owp-tabs-layout-horizontal"},"aioseo_notices":[],"_links":{"self":[{"href":"https:\/\/antykilion.pl\/fr\/wp-json\/wp\/v2\/product\/1238","targetHints":{"allow":["GET"]}}],"collection":[{"href":"https:\/\/antykilion.pl\/fr\/wp-json\/wp\/v2\/product"}],"about":[{"href":"https:\/\/antykilion.pl\/fr\/wp-json\/wp\/v2\/types\/product"}],"replies":[{"embeddable":true,"href":"https:\/\/antykilion.pl\/fr\/wp-json\/wp\/v2\/comments?post=1238"}],"wp:featuredmedia":[{"embeddable":true,"href":"https:\/\/antykilion.pl\/fr\/wp-json\/wp\/v2\/media\/1239"}],"wp:attachment":[{"href":"https:\/\/antykilion.pl\/fr\/wp-json\/wp\/v2\/media?parent=1238"}],"wp:term":[{"taxonomy":"product_cat","embeddable":true,"href":"https:\/\/antykilion.pl\/fr\/wp-json\/wp\/v2\/product_cat?post=1238"},{"taxonomy":"product_tag","embeddable":true,"href":"https:\/\/antykilion.pl\/fr\/wp-json\/wp\/v2\/product_tag?post=1238"}],"curies":[{"name":"wp","href":"https:\/\/api.w.org\/{rel}","templated":true}]}}