{"id":1304,"date":"2020-02-06T10:57:38","date_gmt":"2020-02-06T09:57:38","guid":{"rendered":"https:\/\/antykilion.pl\/?post_type=product&#038;p=1304"},"modified":"2024-04-26T14:46:29","modified_gmt":"2024-04-26T12:46:29","slug":"stol-xix-wiek-w-stylu-ludwika-filipa-okolo-1840-50-duzy","status":"publish","type":"product","link":"https:\/\/antykilion.pl\/fr\/product\/stol-xix-wiek-w-stylu-ludwika-filipa-okolo-1840-50-duzy\/","title":{"rendered":"Tableau XIX si\u00e8cle, dans le style de Louis Philippe vers 1840\/50 grand"},"content":{"rendered":"","protected":false},"excerpt":{"rendered":"<p>avec un sommet semblable \u00e0 un ovale, avec un contour ondul\u00e9, soutenu par quatre pattes en forme de sigm, reli\u00e9es par une liaison crois\u00e9e ondul\u00e9e avec une orchid\u00e9e au milieu. La poitrine, les pattes et les liens sont d\u00e9cor\u00e9s d&#039;\u00e9l\u00e9ments d\u00e9coratifs sculpt\u00e9s: feuilles et fleurs.<br \/>\nConstruction - acajou, en plus sur certains \u00e9l\u00e9ments - placage d&#039;acajou;<br \/>\nOrigine: Europe centrale, environ 1880-1890<br \/>\nTr\u00e8s bon \u00e9tat, l\u00e9g\u00e8re courbure au bord du plateau de table, et il y a des d\u00e9cennies, le plateau de table \u00e9tait recouvert d&#039;un mat\u00e9riau synth\u00e9tique, tr\u00e8s populaire \u00e0 l&#039;\u00e9poque, ce qui rendait le plateau plus l\u00e9ger, il a aussi ses avantages; rev\u00eatement avec du vernis.<br \/>\nDimensions: longueur 145 cm, largeur 100 cm, hauteur 78 cm.<\/p>","protected":false},"featured_media":1306,"comment_status":"closed","ping_status":"closed","template":"","meta":[],"product_cat":[17,33],"product_tag":[],"class_list":{"0":"post-1304","1":"product","2":"type-product","3":"status-publish","4":"has-post-thumbnail","6":"product_cat-meble","7":"product_cat-stoly-stoliki","9":"entry","10":"has-media","12":"first","13":"instock","14":"taxable","15":"shipping-taxable","16":"purchasable","17":"product-type-simple","18":"has-product-nav","19":"col","20":"span_1_of_3","21":"owp-content-center","22":"owp-thumbs-layout-horizontal","23":"owp-btn-normal","24":"owp-tabs-layout-horizontal"},"aioseo_notices":[],"_links":{"self":[{"href":"https:\/\/antykilion.pl\/fr\/wp-json\/wp\/v2\/product\/1304","targetHints":{"allow":["GET"]}}],"collection":[{"href":"https:\/\/antykilion.pl\/fr\/wp-json\/wp\/v2\/product"}],"about":[{"href":"https:\/\/antykilion.pl\/fr\/wp-json\/wp\/v2\/types\/product"}],"replies":[{"embeddable":true,"href":"https:\/\/antykilion.pl\/fr\/wp-json\/wp\/v2\/comments?post=1304"}],"wp:featuredmedia":[{"embeddable":true,"href":"https:\/\/antykilion.pl\/fr\/wp-json\/wp\/v2\/media\/1306"}],"wp:attachment":[{"href":"https:\/\/antykilion.pl\/fr\/wp-json\/wp\/v2\/media?parent=1304"}],"wp:term":[{"taxonomy":"product_cat","embeddable":true,"href":"https:\/\/antykilion.pl\/fr\/wp-json\/wp\/v2\/product_cat?post=1304"},{"taxonomy":"product_tag","embeddable":true,"href":"https:\/\/antykilion.pl\/fr\/wp-json\/wp\/v2\/product_tag?post=1304"}],"curies":[{"name":"wp","href":"https:\/\/api.w.org\/{rel}","templated":true}]}}