{"id":1386,"date":"2020-02-07T12:10:31","date_gmt":"2020-02-07T11:10:31","guid":{"rendered":"https:\/\/antykilion.pl\/?post_type=product&#038;p=1386"},"modified":"2021-09-03T14:16:40","modified_gmt":"2021-09-03T12:16:40","slug":"fotel-eklektyczny-xix-wiek-w-stylu-eklektycznym-okolo-1870-90-roku-czerniony","status":"publish","type":"product","link":"https:\/\/antykilion.pl\/fr\/product\/fotel-eklektyczny-xix-wiek-w-stylu-eklektycznym-okolo-1870-90-roku-czerniony\/","title":{"rendered":"Fauteuil \u00e9clectique XIXe si\u00e8cle, de style \u00e9clectique vers 1870\/90, noirci"},"content":{"rendered":"","protected":false},"excerpt":{"rendered":"<p>Fauteuil \u00e9clectique XIXe si\u00e8cle, de style \u00e9clectique vers 1870\/90, noirci<br \/>\n rembourr\u00e9s (dossiers, si\u00e8ges, accoudoirs), avec des dossiers droits l\u00e9g\u00e8rement inclin\u00e9s et des si\u00e8ges trap\u00e9zo\u00efdaux, encadr\u00e9s par des balustres roul\u00e9s, soutenus par des pieds balustres \u00e0 l&#039;avant et angulaires en forme de sabre \u00e0 l&#039;arri\u00e8re. Les dossiers sont surmont\u00e9s de galeries ajour\u00e9es constitu\u00e9es de balustres, avec une coque stylis\u00e9e au milieu et des pinacles de balustres sur les c\u00f4t\u00e9s.<br \/>\nMobilier aux traits caract\u00e9ristiques de la fin du 19e si\u00e8cle, combinant des \u00e9l\u00e9ments des styles mani\u00e9riste et baroque. L&#039;\u00e9quipement est caract\u00e9ris\u00e9 par des sculptures de bonne qualit\u00e9.<br \/>\nOrigine: Europe centrale, Pologne<br \/>\nMati\u00e8re: h\u00eatre massif ou noyer noirci<br \/>\n\u00c9tat: tr\u00e8s bon pour l&#039;insertion<br \/>\nDimensions: hauteur hors tout <\/p>","protected":false},"featured_media":1388,"comment_status":"closed","ping_status":"closed","template":"","meta":[],"product_cat":[24,17],"product_tag":[],"class_list":{"0":"post-1386","1":"product","2":"type-product","3":"status-publish","4":"has-post-thumbnail","6":"product_cat-fotele","7":"product_cat-meble","9":"entry","10":"has-media","12":"first","13":"instock","14":"taxable","15":"shipping-taxable","16":"purchasable","17":"product-type-simple","18":"has-product-nav","19":"col","20":"span_1_of_3","21":"owp-content-center","22":"owp-thumbs-layout-horizontal","23":"owp-btn-normal","24":"owp-tabs-layout-horizontal"},"aioseo_notices":[],"_links":{"self":[{"href":"https:\/\/antykilion.pl\/fr\/wp-json\/wp\/v2\/product\/1386","targetHints":{"allow":["GET"]}}],"collection":[{"href":"https:\/\/antykilion.pl\/fr\/wp-json\/wp\/v2\/product"}],"about":[{"href":"https:\/\/antykilion.pl\/fr\/wp-json\/wp\/v2\/types\/product"}],"replies":[{"embeddable":true,"href":"https:\/\/antykilion.pl\/fr\/wp-json\/wp\/v2\/comments?post=1386"}],"wp:featuredmedia":[{"embeddable":true,"href":"https:\/\/antykilion.pl\/fr\/wp-json\/wp\/v2\/media\/1388"}],"wp:attachment":[{"href":"https:\/\/antykilion.pl\/fr\/wp-json\/wp\/v2\/media?parent=1386"}],"wp:term":[{"taxonomy":"product_cat","embeddable":true,"href":"https:\/\/antykilion.pl\/fr\/wp-json\/wp\/v2\/product_cat?post=1386"},{"taxonomy":"product_tag","embeddable":true,"href":"https:\/\/antykilion.pl\/fr\/wp-json\/wp\/v2\/product_tag?post=1386"}],"curies":[{"name":"wp","href":"https:\/\/api.w.org\/{rel}","templated":true}]}}