{"id":1486,"date":"2020-02-07T20:40:53","date_gmt":"2020-02-07T19:40:53","guid":{"rendered":"https:\/\/antykilion.pl\/?post_type=product&#038;p=1486"},"modified":"2024-07-01T21:53:39","modified_gmt":"2024-07-01T19:53:39","slug":"szafa-katowa-xix-wiek-w-stylu-biedermeier-okolo-1820-30-roku","status":"publish","type":"product","link":"https:\/\/antykilion.pl\/fr\/product\/szafa-katowa-xix-wiek-w-stylu-biedermeier-okolo-1820-30-roku\/","title":{"rendered":"Armoire d&#039;angle 19\u00e8me si\u00e8cle de style Biedermeier, vers 1820\/30"},"content":{"rendered":"","protected":false},"excerpt":{"rendered":"<p>Armoire d&#039;angle 19\u00e8me si\u00e8cle de style Biedermeier, vers 1820\/30<br \/>\nfait de deux corps ferm\u00e9s \u00e0 un seul battant, avec des c\u00f4t\u00e9s droits et un devant bomb\u00e9, plaqu\u00e9, soutenu sur trois pieds angulaires. A l&#039;int\u00e9rieur, deux \u00e9tag\u00e8res. une armoire servant \u00e0 ranger la vaisselle, la nourriture et le linge de table. Fabriqu\u00e9 sous la forme d&#039;un meuble d&#039;angle pratique, gr\u00e2ce auquel, malgr\u00e9 la surface utile interne relativement grande, il a pris moins de place \u00e0 l&#039;int\u00e9rieur.<br \/>\nMat\u00e9riel: structure - ch\u00eane, pin, noyer; placage - acajou,<br \/>\nOrigine: Europe centrale, Allemagne (?), Pologne, env.1820 \/ 1830.<br \/>\nDe plus, les \u00e9tiquettes sur les meubles !!!!!<br \/>\nDimensions: hauteur 209,5 cm. longueur. 83 cm. largeur. 53 cm.<br \/>\nUn meuble tr\u00e8s demand\u00e9 sur le march\u00e9 des antiquaires.<\/p>","protected":false},"featured_media":1488,"comment_status":"closed","ping_status":"closed","template":"","meta":[],"product_cat":[27,17,34],"product_tag":[],"class_list":{"0":"post-1486","1":"product","2":"type-product","3":"status-publish","4":"has-post-thumbnail","6":"product_cat-kredensy-bufety","7":"product_cat-meble","8":"product_cat-szafy","10":"entry","11":"has-media","13":"first","14":"instock","15":"taxable","16":"shipping-taxable","17":"purchasable","18":"product-type-simple","19":"has-product-nav","20":"col","21":"span_1_of_3","22":"owp-content-center","23":"owp-thumbs-layout-horizontal","24":"owp-btn-normal","25":"owp-tabs-layout-horizontal"},"aioseo_notices":[],"_links":{"self":[{"href":"https:\/\/antykilion.pl\/fr\/wp-json\/wp\/v2\/product\/1486","targetHints":{"allow":["GET"]}}],"collection":[{"href":"https:\/\/antykilion.pl\/fr\/wp-json\/wp\/v2\/product"}],"about":[{"href":"https:\/\/antykilion.pl\/fr\/wp-json\/wp\/v2\/types\/product"}],"replies":[{"embeddable":true,"href":"https:\/\/antykilion.pl\/fr\/wp-json\/wp\/v2\/comments?post=1486"}],"wp:featuredmedia":[{"embeddable":true,"href":"https:\/\/antykilion.pl\/fr\/wp-json\/wp\/v2\/media\/1488"}],"wp:attachment":[{"href":"https:\/\/antykilion.pl\/fr\/wp-json\/wp\/v2\/media?parent=1486"}],"wp:term":[{"taxonomy":"product_cat","embeddable":true,"href":"https:\/\/antykilion.pl\/fr\/wp-json\/wp\/v2\/product_cat?post=1486"},{"taxonomy":"product_tag","embeddable":true,"href":"https:\/\/antykilion.pl\/fr\/wp-json\/wp\/v2\/product_tag?post=1486"}],"curies":[{"name":"wp","href":"https:\/\/api.w.org\/{rel}","templated":true}]}}