{"id":1600,"date":"2020-02-09T11:55:57","date_gmt":"2020-02-09T10:55:57","guid":{"rendered":"https:\/\/antykilion.pl\/?post_type=product&#038;p=1600"},"modified":"2021-09-03T14:16:41","modified_gmt":"2021-09-03T12:16:41","slug":"miechunka-jesienne-lampiony-w-obrazie","status":"publish","type":"product","link":"https:\/\/antykilion.pl\/fr\/product\/miechunka-jesienne-lampiony-w-obrazie\/","title":{"rendered":"Miechunka - lanternes d&#039;automne dans la peinture."},"content":{"rendered":"","protected":false},"excerpt":{"rendered":"<p>Miechunka - lanternes d&#039;automne dans la peinture.<br \/>\nTr\u00e8s belle nature morte avec un cupcake et un buste, le tout dans un ton automnal. Encadr\u00e9 dans un beau cadre.<br \/>\nSignature: visible sur la photo, difficile \u00e0 lire.<br \/>\nTechnique: huile sur toile<br \/>\nEtat: tr\u00e8s bon, petite cassure invisible \u00e0 c\u00f4t\u00e9 de la signature<br \/>\nDimensions: avec un cadre 82 cm sur 62 cm <\/p>","protected":false},"featured_media":1602,"comment_status":"closed","ping_status":"closed","template":"","meta":[],"product_cat":[41,39,40],"product_tag":[],"class_list":{"0":"post-1600","1":"product","2":"type-product","3":"status-publish","4":"has-post-thumbnail","6":"product_cat-malarstwo-dawne","7":"product_cat-dziela-sztuki","8":"product_cat-malarstwo","10":"entry","11":"has-media","13":"first","14":"instock","15":"taxable","16":"shipping-taxable","17":"purchasable","18":"product-type-simple","19":"has-product-nav","20":"col","21":"span_1_of_3","22":"owp-content-center","23":"owp-thumbs-layout-horizontal","24":"owp-btn-normal","25":"owp-tabs-layout-horizontal"},"aioseo_notices":[],"_links":{"self":[{"href":"https:\/\/antykilion.pl\/fr\/wp-json\/wp\/v2\/product\/1600","targetHints":{"allow":["GET"]}}],"collection":[{"href":"https:\/\/antykilion.pl\/fr\/wp-json\/wp\/v2\/product"}],"about":[{"href":"https:\/\/antykilion.pl\/fr\/wp-json\/wp\/v2\/types\/product"}],"replies":[{"embeddable":true,"href":"https:\/\/antykilion.pl\/fr\/wp-json\/wp\/v2\/comments?post=1600"}],"wp:featuredmedia":[{"embeddable":true,"href":"https:\/\/antykilion.pl\/fr\/wp-json\/wp\/v2\/media\/1602"}],"wp:attachment":[{"href":"https:\/\/antykilion.pl\/fr\/wp-json\/wp\/v2\/media?parent=1600"}],"wp:term":[{"taxonomy":"product_cat","embeddable":true,"href":"https:\/\/antykilion.pl\/fr\/wp-json\/wp\/v2\/product_cat?post=1600"},{"taxonomy":"product_tag","embeddable":true,"href":"https:\/\/antykilion.pl\/fr\/wp-json\/wp\/v2\/product_tag?post=1600"}],"curies":[{"name":"wp","href":"https:\/\/api.w.org\/{rel}","templated":true}]}}