{"id":1708,"date":"2020-02-09T18:44:36","date_gmt":"2020-02-09T17:44:36","guid":{"rendered":"https:\/\/antykilion.pl\/?post_type=product&#038;p=1708"},"modified":"2021-09-03T14:16:41","modified_gmt":"2021-09-03T12:16:41","slug":"roman-bratkowski-polska-1869-1954-lodzi-zacumowane-lodzie","status":"publish","type":"product","link":"https:\/\/antykilion.pl\/fr\/product\/roman-bratkowski-polska-1869-1954-lodzi-zacumowane-lodzie\/","title":{"rendered":"Roman Bratkowski (bateaux Pologne 1869-1954), bateaux amarr\u00e9s"},"content":{"rendered":"<p>Roman BRATKOWSKI<\/p>\n<p>1869-1954<\/p>\n<p>Il a \u00e9tudi\u00e9 \u00e0 l&#039;\u00c9cole des Beaux-Arts de Cracovie aupr\u00e8s de Feliks Szynalewski, Ignacy Jab\u0142o\u0144ski et W\u0142adys\u0142aw \u0141uszczkiewicz (dans les ann\u00e9es 1888-1890). Il poursuit ses \u00e9tudes de peinture \u00e0 Vienne. Dans les ann\u00e9es 1894-1896, il \u00e9tudia \u00e0 l&#039;\u00e9cole de peinture priv\u00e9e d&#039;Anton A\u017eb\u00e9 \u00e0 Munich, o\u00f9 il retourna plusieurs fois. \u00c0 partir de 1891, l&#039;artiste participe r\u00e9guli\u00e8rement \u00e0 des expositions au TZSP de Varsovie et au TPSP \u00e0 Cracovie et Lviv. \u00c0 partir de 1903, il collabore avec Stanis\u0142aw Batowski dans l&#039;\u00e9cole de peinture qu&#039;il dirige \u00e0 Lviv. Bratkowski peint principalement des paysages, domin\u00e9s par les vues sur la mer et les nocturnes. Les peintures de l&#039;artiste se trouvent dans les collections des mus\u00e9es de Cracovie, Varsovie et Tarn\u00f3w ainsi que dans des collections priv\u00e9es. Ils \u00e9taient parfaitement compos\u00e9s et finis, empreints d&#039;une subtile m\u00e9lancolie. Ils se distinguaient par la capacit\u00e9 d&#039;observer et de synth\u00e9tiser les ph\u00e9nom\u00e8nes naturels, en mettant particuli\u00e8rement l&#039;accent sur le contraste du mouvement et de la paix dans le paysage.<\/p>","protected":false},"excerpt":{"rendered":"<p>Roman Bratkowski (bateaux Pologne 1869-1954), bateaux amarr\u00e9s<br \/>\nTechnique: huile sur toile<br \/>\nEtat: tr\u00e8s bon<br \/>\nSignature: coin inf\u00e9rieur gauche<br \/>\nDimensions: toiles de 60 cm sur 80 cm avec un cadre de 80 cm sur 100 cm<br \/>\nCi-dessous des informations sur l&#039;artiste<\/p>","protected":false},"featured_media":1709,"comment_status":"closed","ping_status":"closed","template":"","meta":[],"product_cat":[41,39,40],"product_tag":[],"class_list":{"0":"post-1708","1":"product","2":"type-product","3":"status-publish","4":"has-post-thumbnail","6":"product_cat-malarstwo-dawne","7":"product_cat-dziela-sztuki","8":"product_cat-malarstwo","10":"entry","11":"has-media","13":"first","14":"instock","15":"taxable","16":"shipping-taxable","17":"purchasable","18":"product-type-simple","19":"has-product-nav","20":"col","21":"span_1_of_3","22":"owp-content-center","23":"owp-thumbs-layout-horizontal","24":"owp-btn-normal","25":"owp-tabs-layout-horizontal"},"aioseo_notices":[],"_links":{"self":[{"href":"https:\/\/antykilion.pl\/fr\/wp-json\/wp\/v2\/product\/1708","targetHints":{"allow":["GET"]}}],"collection":[{"href":"https:\/\/antykilion.pl\/fr\/wp-json\/wp\/v2\/product"}],"about":[{"href":"https:\/\/antykilion.pl\/fr\/wp-json\/wp\/v2\/types\/product"}],"replies":[{"embeddable":true,"href":"https:\/\/antykilion.pl\/fr\/wp-json\/wp\/v2\/comments?post=1708"}],"wp:featuredmedia":[{"embeddable":true,"href":"https:\/\/antykilion.pl\/fr\/wp-json\/wp\/v2\/media\/1709"}],"wp:attachment":[{"href":"https:\/\/antykilion.pl\/fr\/wp-json\/wp\/v2\/media?parent=1708"}],"wp:term":[{"taxonomy":"product_cat","embeddable":true,"href":"https:\/\/antykilion.pl\/fr\/wp-json\/wp\/v2\/product_cat?post=1708"},{"taxonomy":"product_tag","embeddable":true,"href":"https:\/\/antykilion.pl\/fr\/wp-json\/wp\/v2\/product_tag?post=1708"}],"curies":[{"name":"wp","href":"https:\/\/api.w.org\/{rel}","templated":true}]}}