{"id":1720,"date":"2020-02-09T19:05:23","date_gmt":"2020-02-09T18:05:23","guid":{"rendered":"https:\/\/antykilion.pl\/?post_type=product&#038;p=1720"},"modified":"2021-09-03T14:16:41","modified_gmt":"2021-09-03T12:16:41","slug":"gunther-erwin-carl-wilhelm-gunter-1864-1927-sztorm-z-lodziami","status":"publish","type":"product","link":"https:\/\/antykilion.pl\/fr\/product\/gunther-erwin-carl-wilhelm-gunter-1864-1927-sztorm-z-lodziami\/","title":{"rendered":"(G\u00fcnther) Erwin Carl Wilhelm G\u00fcnter (1864-1927), temp\u00eate avec des bateaux"},"content":{"rendered":"<p>(G\u00fcnther) Erwin Carl Wilhelm G\u00fcnter (1864-1927)<\/p>\n<p>G\u00fcnther a \u00e9tudi\u00e9 la peinture \u00e0 la Kunstakademie D\u00fcsseldorf. L\u00e0, son professeur \u00e9tait Olof Jernberg. \u00c0 D\u00fcsseldorf, o\u00f9 il devient membre de l&#039;association d&#039;art Malkasten, il s&#039;impose comme peintre de la mer. Il fit de nombreux voyages \u00e0 travers l&#039;Europe, \u00e0 partir de 1890 aux Pays-Bas, ainsi qu&#039;en Egypte et dans d&#039;autres pays africains. \u00c0 partir de 1891, il est repr\u00e9sent\u00e9 \u00e0 des expositions au Palais de verre de Munich et \u00e0 partir de 1893 \u00e0 la grande exposition d&#039;art de Berlin. Pour le pavillon allemand de la mer \u00e0 l&#039;Exposition universelle de Paris en 1900. Il r\u00e9alise de grandes peintures d\u00e9coratives.<\/p>","protected":false},"excerpt":{"rendered":"<p>(G\u00fcnther) Erwin Carl Wilhelm G\u00fcnter (1864-1927), temp\u00eate avec des bateaux.<br \/>\nTechnique: huile sur toile<br \/>\nEtat: tr\u00e8s bonnes petites rayures dans le coin inf\u00e9rieur gauche<br \/>\nSignature: coin inf\u00e9rieur gauche<br \/>\nDimensions: avec un cadre 113 cm par 163 cm<br \/>\nCi-dessous, des informations sur l&#039;artiste.<\/p>","protected":false},"featured_media":1721,"comment_status":"closed","ping_status":"closed","template":"","meta":[],"product_cat":[41,39,40],"product_tag":[],"class_list":{"0":"post-1720","1":"product","2":"type-product","3":"status-publish","4":"has-post-thumbnail","6":"product_cat-malarstwo-dawne","7":"product_cat-dziela-sztuki","8":"product_cat-malarstwo","10":"entry","11":"has-media","13":"first","14":"instock","15":"taxable","16":"shipping-taxable","17":"purchasable","18":"product-type-simple","19":"has-product-nav","20":"col","21":"span_1_of_3","22":"owp-content-center","23":"owp-thumbs-layout-horizontal","24":"owp-btn-normal","25":"owp-tabs-layout-horizontal"},"aioseo_notices":[],"_links":{"self":[{"href":"https:\/\/antykilion.pl\/fr\/wp-json\/wp\/v2\/product\/1720","targetHints":{"allow":["GET"]}}],"collection":[{"href":"https:\/\/antykilion.pl\/fr\/wp-json\/wp\/v2\/product"}],"about":[{"href":"https:\/\/antykilion.pl\/fr\/wp-json\/wp\/v2\/types\/product"}],"replies":[{"embeddable":true,"href":"https:\/\/antykilion.pl\/fr\/wp-json\/wp\/v2\/comments?post=1720"}],"wp:featuredmedia":[{"embeddable":true,"href":"https:\/\/antykilion.pl\/fr\/wp-json\/wp\/v2\/media\/1721"}],"wp:attachment":[{"href":"https:\/\/antykilion.pl\/fr\/wp-json\/wp\/v2\/media?parent=1720"}],"wp:term":[{"taxonomy":"product_cat","embeddable":true,"href":"https:\/\/antykilion.pl\/fr\/wp-json\/wp\/v2\/product_cat?post=1720"},{"taxonomy":"product_tag","embeddable":true,"href":"https:\/\/antykilion.pl\/fr\/wp-json\/wp\/v2\/product_tag?post=1720"}],"curies":[{"name":"wp","href":"https:\/\/api.w.org\/{rel}","templated":true}]}}