{"id":1725,"date":"2020-02-09T19:12:03","date_gmt":"2020-02-09T18:12:03","guid":{"rendered":"https:\/\/antykilion.pl\/?post_type=product&#038;p=1725"},"modified":"2021-09-03T14:16:41","modified_gmt":"2021-09-03T12:16:41","slug":"jan-fyt-atrybucja-martwa-natura-okolo-1650-roku","status":"publish","type":"product","link":"https:\/\/antykilion.pl\/fr\/product\/jan-fyt-atrybucja-martwa-natura-okolo-1650-roku\/","title":{"rendered":"Attribution Jan Fyt, nature morte vers 1650"},"content":{"rendered":"<p>(Peintre Antverse - Jan Fyt), \u00e0 c\u00f4t\u00e9 de Frans Snyder, \u00e9tait le peintre flamand le plus c\u00e9l\u00e8bre de la nature morte [...] c&#039;\u00e9tait un artiste tr\u00e8s prolifique, il a laiss\u00e9 environ 300 tableaux dat\u00e9s de 1638 \u00e0 1661, il y a aussi beaucoup de ses oeuvres authentiques qui ne sont ni sign\u00e9es ni dat\u00e9es . L&#039;\u0153uvre est une peinture extr\u00eamement d\u00e9corative avec une composition compacte et bien pens\u00e9e qui montre la multitude de formes vari\u00e9es de la nature. Tant le gibier - les oiseaux abattus que le chien appartiennent au r\u00e9pertoire typique des natures mortes de Jan Fyt, mais les performances combinant ces deux th\u00e8mes apparaissent beaucoup moins fr\u00e9quemment dans le travail de l&#039;artiste. La peinture de Fyt pr\u00e9sente un r\u00e9pertoire similaire<\/p>\n<p>&quot;Https:\/\/www.khm.at\/en\/objectdb\/detail\/769\/?offset=0&amp;lv=list<\/p>\n<p>dans la collection du Kunsthistorisches Museum de Vienne,<\/p>","protected":false},"excerpt":{"rendered":"<p>Attribution Jan Fyt, nature morte avec des troph\u00e9es de chasse et un chien, vers 1650<br \/>\nTechnique: huile sur toile<br \/>\nEtat: tr\u00e8s bon<br \/>\nDimensions: toile 51,5 cm par 71,5 cm<br \/>\nCi-dessous des informations sur l&#039;artiste<\/p>","protected":false},"featured_media":1726,"comment_status":"closed","ping_status":"closed","template":"","meta":[],"product_cat":[41,39,40],"product_tag":[],"class_list":{"0":"post-1725","1":"product","2":"type-product","3":"status-publish","4":"has-post-thumbnail","6":"product_cat-malarstwo-dawne","7":"product_cat-dziela-sztuki","8":"product_cat-malarstwo","10":"entry","11":"has-media","13":"first","14":"instock","15":"taxable","16":"shipping-taxable","17":"purchasable","18":"product-type-simple","19":"has-product-nav","20":"col","21":"span_1_of_3","22":"owp-content-center","23":"owp-thumbs-layout-horizontal","24":"owp-btn-normal","25":"owp-tabs-layout-horizontal"},"aioseo_notices":[],"_links":{"self":[{"href":"https:\/\/antykilion.pl\/fr\/wp-json\/wp\/v2\/product\/1725","targetHints":{"allow":["GET"]}}],"collection":[{"href":"https:\/\/antykilion.pl\/fr\/wp-json\/wp\/v2\/product"}],"about":[{"href":"https:\/\/antykilion.pl\/fr\/wp-json\/wp\/v2\/types\/product"}],"replies":[{"embeddable":true,"href":"https:\/\/antykilion.pl\/fr\/wp-json\/wp\/v2\/comments?post=1725"}],"wp:featuredmedia":[{"embeddable":true,"href":"https:\/\/antykilion.pl\/fr\/wp-json\/wp\/v2\/media\/1726"}],"wp:attachment":[{"href":"https:\/\/antykilion.pl\/fr\/wp-json\/wp\/v2\/media?parent=1725"}],"wp:term":[{"taxonomy":"product_cat","embeddable":true,"href":"https:\/\/antykilion.pl\/fr\/wp-json\/wp\/v2\/product_cat?post=1725"},{"taxonomy":"product_tag","embeddable":true,"href":"https:\/\/antykilion.pl\/fr\/wp-json\/wp\/v2\/product_tag?post=1725"}],"curies":[{"name":"wp","href":"https:\/\/api.w.org\/{rel}","templated":true}]}}