{"id":1741,"date":"2020-02-09T19:42:17","date_gmt":"2020-02-09T18:42:17","guid":{"rendered":"https:\/\/antykilion.pl\/?post_type=product&#038;p=1741"},"modified":"2021-09-03T14:16:41","modified_gmt":"2021-09-03T12:16:41","slug":"gustave-de-breanski-british-1856-1898-sztorm","status":"publish","type":"product","link":"https:\/\/antykilion.pl\/fr\/product\/gustave-de-breanski-british-1856-1898-sztorm\/","title":{"rendered":"Gustave de Breanski (britannique 1856-1898), temp\u00eate"},"content":{"rendered":"<p>Gustave de Breanski (britannique 1856-1898)<\/p>\n<p>Fr\u00e8re d&#039;Alfred de Breanski (Snr.) Et membre de la c\u00e9l\u00e8bre famille de peintres. Son style \u00e9tait plus impressionniste que son fr\u00e8re. Il peint des champs de montagne, mais pr\u00e9f\u00e8re peindre des sc\u00e8nes c\u00f4ti\u00e8res qui repr\u00e9sentent souvent des bateaux de p\u00eache.<\/p>\n<p>Les peintures de cet artiste sont pr\u00e9sent\u00e9es dans les meilleures ventes aux ench\u00e8res du monde entier, y compris la n\u00f4tre<\/p>","protected":false},"excerpt":{"rendered":"<p>Gustave de Breanski (britannique 1856-1898), temp\u00eate.<br \/>\nTechnique: huile sur toile<br \/>\nEtat: tr\u00e8s bon<br \/>\nSignature: coin inf\u00e9rieur gauche<br \/>\nDimensions: toile 61 cm sur 91 cm.<br \/>\nVous trouverez ci-dessous des informations sur l&#039;artiste.<\/p>","protected":false},"featured_media":1742,"comment_status":"closed","ping_status":"closed","template":"","meta":[],"product_cat":[41,39,40],"product_tag":[],"class_list":{"0":"post-1741","1":"product","2":"type-product","3":"status-publish","4":"has-post-thumbnail","6":"product_cat-malarstwo-dawne","7":"product_cat-dziela-sztuki","8":"product_cat-malarstwo","10":"entry","11":"has-media","13":"first","14":"instock","15":"taxable","16":"shipping-taxable","17":"purchasable","18":"product-type-simple","19":"has-product-nav","20":"col","21":"span_1_of_3","22":"owp-content-center","23":"owp-thumbs-layout-horizontal","24":"owp-btn-normal","25":"owp-tabs-layout-horizontal"},"aioseo_notices":[],"_links":{"self":[{"href":"https:\/\/antykilion.pl\/fr\/wp-json\/wp\/v2\/product\/1741","targetHints":{"allow":["GET"]}}],"collection":[{"href":"https:\/\/antykilion.pl\/fr\/wp-json\/wp\/v2\/product"}],"about":[{"href":"https:\/\/antykilion.pl\/fr\/wp-json\/wp\/v2\/types\/product"}],"replies":[{"embeddable":true,"href":"https:\/\/antykilion.pl\/fr\/wp-json\/wp\/v2\/comments?post=1741"}],"wp:featuredmedia":[{"embeddable":true,"href":"https:\/\/antykilion.pl\/fr\/wp-json\/wp\/v2\/media\/1742"}],"wp:attachment":[{"href":"https:\/\/antykilion.pl\/fr\/wp-json\/wp\/v2\/media?parent=1741"}],"wp:term":[{"taxonomy":"product_cat","embeddable":true,"href":"https:\/\/antykilion.pl\/fr\/wp-json\/wp\/v2\/product_cat?post=1741"},{"taxonomy":"product_tag","embeddable":true,"href":"https:\/\/antykilion.pl\/fr\/wp-json\/wp\/v2\/product_tag?post=1741"}],"curies":[{"name":"wp","href":"https:\/\/api.w.org\/{rel}","templated":true}]}}