{"id":1793,"date":"2020-02-10T08:21:51","date_gmt":"2020-02-10T07:21:51","guid":{"rendered":"https:\/\/antykilion.pl\/?post_type=product&#038;p=1793"},"modified":"2022-10-07T07:12:52","modified_gmt":"2022-10-07T05:12:52","slug":"serwis-empirowy-sygnowany-paryz-okolo-1810-unikat","status":"publish","type":"product","link":"https:\/\/antykilion.pl\/fr\/product\/serwis-empirowy-sygnowany-paryz-okolo-1810-unikat\/","title":{"rendered":"Site Empire, sign\u00e9 Paris vers 1810 Unique!"},"content":{"rendered":"","protected":false},"excerpt":{"rendered":"<p>Site Empire, sign\u00e9 Paris vers 1810 Unique!<br \/>\nUn tr\u00e8s beau site Empire du d\u00e9but du 19\u00e8me si\u00e8cle, sign\u00e9 TGC Paris<br \/>\nle service consiste en:<br \/>\n1 cafeti\u00e8re,<br \/>\n1 th\u00e9i\u00e8re<br \/>\n1 sucrier<br \/>\n1 laiterie<br \/>\n6 tasses \u00e0 l&#039;int\u00e9rieur, d\u00e9coration en \u00e9toile dor\u00e9e suppl\u00e9mentaire<br \/>\nEtat: tr\u00e8s bon<br \/>\n6 soucoupes pour tasses<\/p>","protected":false},"featured_media":1794,"comment_status":"closed","ping_status":"closed","template":"","meta":[],"product_cat":[50],"product_tag":[],"class_list":{"0":"post-1793","1":"product","2":"type-product","3":"status-publish","4":"has-post-thumbnail","6":"product_cat-porcelana-i-fajans","8":"entry","9":"has-media","11":"first","12":"instock","13":"taxable","14":"shipping-taxable","15":"purchasable","16":"product-type-simple","17":"has-product-nav","18":"col","19":"span_1_of_3","20":"owp-content-center","21":"owp-thumbs-layout-horizontal","22":"owp-btn-normal","23":"owp-tabs-layout-horizontal"},"aioseo_notices":[],"_links":{"self":[{"href":"https:\/\/antykilion.pl\/fr\/wp-json\/wp\/v2\/product\/1793","targetHints":{"allow":["GET"]}}],"collection":[{"href":"https:\/\/antykilion.pl\/fr\/wp-json\/wp\/v2\/product"}],"about":[{"href":"https:\/\/antykilion.pl\/fr\/wp-json\/wp\/v2\/types\/product"}],"replies":[{"embeddable":true,"href":"https:\/\/antykilion.pl\/fr\/wp-json\/wp\/v2\/comments?post=1793"}],"wp:featuredmedia":[{"embeddable":true,"href":"https:\/\/antykilion.pl\/fr\/wp-json\/wp\/v2\/media\/1794"}],"wp:attachment":[{"href":"https:\/\/antykilion.pl\/fr\/wp-json\/wp\/v2\/media?parent=1793"}],"wp:term":[{"taxonomy":"product_cat","embeddable":true,"href":"https:\/\/antykilion.pl\/fr\/wp-json\/wp\/v2\/product_cat?post=1793"},{"taxonomy":"product_tag","embeddable":true,"href":"https:\/\/antykilion.pl\/fr\/wp-json\/wp\/v2\/product_tag?post=1793"}],"curies":[{"name":"wp","href":"https:\/\/api.w.org\/{rel}","templated":true}]}}