{"id":1831,"date":"2020-02-10T11:04:56","date_gmt":"2020-02-10T10:04:56","guid":{"rendered":"https:\/\/antykilion.pl\/?post_type=product&#038;p=1831"},"modified":"2025-06-12T10:28:51","modified_gmt":"2025-06-12T08:28:51","slug":"ogromny-serwis-obiadowy-na-14-osob-manufaktury-rosenthal-xix-wiek-okres-secesji","status":"publish","type":"product","link":"https:\/\/antykilion.pl\/fr\/product\/ogromny-serwis-obiadowy-na-14-osob-manufaktury-rosenthal-xix-wiek-okres-secesji\/","title":{"rendered":"\u00c9norme service de table pour 14 personnes, manufactures Rosenthal, 19e si\u00e8cle, p\u00e9riode Art nouveau"},"content":{"rendered":"","protected":false},"excerpt":{"rendered":"<p>\u00c9norme service de table pour 14 personnes, manufactures Rosenthal, 19e si\u00e8cle, p\u00e9riode Art nouveau<br \/>\nLe service de table Rosenthal Versailles.<br \/>\n1891-1904 marque<br \/>\nLe site Web comprend:<br \/>\n8 assiettes \u00e0 dessert<br \/>\n11 grands plats de petit-d\u00e9jeuner<br \/>\n14 plats pour le d\u00e9jeuner<br \/>\n14 d\u00e9jeuner profond<br \/>\n5 plateaux<br \/>\n1 sauci\u00e8re<br \/>\n1 pichet<br \/>\n1 vase<\/p>","protected":false},"featured_media":1833,"comment_status":"closed","ping_status":"closed","template":"","meta":[],"product_cat":[50],"product_tag":[],"class_list":{"0":"post-1831","1":"product","2":"type-product","3":"status-publish","4":"has-post-thumbnail","6":"product_cat-porcelana-i-fajans","8":"entry","9":"has-media","11":"first","12":"instock","13":"taxable","14":"shipping-taxable","15":"purchasable","16":"product-type-simple","17":"has-product-nav","18":"col","19":"span_1_of_3","20":"owp-content-center","21":"owp-thumbs-layout-horizontal","22":"owp-btn-normal","23":"owp-tabs-layout-horizontal"},"aioseo_notices":[],"_links":{"self":[{"href":"https:\/\/antykilion.pl\/fr\/wp-json\/wp\/v2\/product\/1831","targetHints":{"allow":["GET"]}}],"collection":[{"href":"https:\/\/antykilion.pl\/fr\/wp-json\/wp\/v2\/product"}],"about":[{"href":"https:\/\/antykilion.pl\/fr\/wp-json\/wp\/v2\/types\/product"}],"replies":[{"embeddable":true,"href":"https:\/\/antykilion.pl\/fr\/wp-json\/wp\/v2\/comments?post=1831"}],"wp:featuredmedia":[{"embeddable":true,"href":"https:\/\/antykilion.pl\/fr\/wp-json\/wp\/v2\/media\/1833"}],"wp:attachment":[{"href":"https:\/\/antykilion.pl\/fr\/wp-json\/wp\/v2\/media?parent=1831"}],"wp:term":[{"taxonomy":"product_cat","embeddable":true,"href":"https:\/\/antykilion.pl\/fr\/wp-json\/wp\/v2\/product_cat?post=1831"},{"taxonomy":"product_tag","embeddable":true,"href":"https:\/\/antykilion.pl\/fr\/wp-json\/wp\/v2\/product_tag?post=1831"}],"curies":[{"name":"wp","href":"https:\/\/api.w.org\/{rel}","templated":true}]}}