{"id":1838,"date":"2020-02-10T12:08:36","date_gmt":"2020-02-10T11:08:36","guid":{"rendered":"https:\/\/antykilion.pl\/?post_type=product&#038;p=1838"},"modified":"2021-11-29T07:22:48","modified_gmt":"2021-11-29T06:22:48","slug":"serwis-kawowy-xix-wiek-w-stylu-biedermeier-empir-manufaktury-nymphenburg","status":"publish","type":"product","link":"https:\/\/antykilion.pl\/fr\/product\/serwis-kawowy-xix-wiek-w-stylu-biedermeier-empir-manufaktury-nymphenburg\/","title":{"rendered":"Service \u00e0 caf\u00e9 du 19\u00e8me si\u00e8cle, de style Biedermeier \/ Empire, manufactures Nymphenburg"},"content":{"rendered":"<p> Pays d&#039;origine: Allemagne<\/p>\n<p>La manufacture de porcelaine de Nymphenburg retrace ses d\u00e9buts \u00e0 l&#039;\u00e9lecteur bavarois Maksymilian III, J\u00f3zef Wittelsbach, qui, apr\u00e8s avoir pris le pouvoir en 1745, a soutenu la cr\u00e9ation de manufactures qui devaient enrichir le tr\u00e9sor public. \u00c0 partir de 1747, des tentatives ont \u00e9t\u00e9 faites pour produire de la porcelaine en Bavi\u00e8re dans le ch\u00e2teau munichois de Neudeck. Jusqu&#039;en 1754, les tentatives ont \u00e9chou\u00e9, n&#039;apportant que des pertes. Ce n&#039;est que le 3 novembre de cette ann\u00e9e-l\u00e0 que le sculpteur-concepteur de figurines Franz Anton Bustelli a \u00e9t\u00e9 engag\u00e9 et la technologie de production ma\u00eetris\u00e9e. L&#039;ann\u00e9e suivante, le tribunal \u00e9lectoral a command\u00e9 la premi\u00e8re ordonnance. En 1761, la manufacture a obtenu un nouveau si\u00e8ge dans un b\u00e2timent con\u00e7u par Joseph Effner dans les locaux du ch\u00e2teau de Nymphenburg. Les successeurs de Bustelli, Dominik Auliczek l&#039;a\u00een\u00e9 et Johann Peter Melchior, ont contribu\u00e9 \u00e0 l&#039;\u00e9panouissement de la manufacture. En 1765, elle employait 187 personnes et le roi de Bavi\u00e8re, Louis Ier de Wittelsbach, passa de nombreuses commandes de services avec des copies de tableaux c\u00e9l\u00e8bres. En 1810, Anton Auer a \u00e9t\u00e9 charg\u00e9 de transf\u00e9rer la galerie royale \u00e0 un service de porcelaine. 1815 Christian Adler, \u00e9galement fils d&#039;Anton Auer, devient le peintre en chef. \u00c0 partir de 1822, Friedrich von G\u00e4rtner est nomm\u00e9 directeur artistique. Au milieu du XIXe si\u00e8cle, la fabrication d\u00e9cline et en 1856 la production de porcelaine artistique est arr\u00eat\u00e9e. En 1862, l&#039;usine est lou\u00e9e et ses produits se limitent \u00e0 la porcelaine technique et sanitaire. Albert B\u00e4uml (1855\u20131929) loua la manufacture en 1887 avec l&#039;intention de restaurer son ancienne gloire. Au d\u00e9but du XXe si\u00e8cle, \u00e0 c\u00f4t\u00e9 d&#039;une copie de porcelaine historique, des ensembles Art Nouveau ont \u00e9t\u00e9 produits. Apr\u00e8s la mort d&#039;Albert B\u00e4uml, la manufacture a \u00e9t\u00e9 dirig\u00e9e par ses trois fils, dans les ann\u00e9es 1975-2011, le gouvernement bavarois a lou\u00e9 la fabrication au Fonds Wittelsbach, et le 1er octobre 2011, la manufacture a \u00e9t\u00e9 reprise par le prince Luitpol de Bavi\u00e8re. La manufacture de porcelaine de Nymphenburg se classe, avec les manufactures de Meissen et de Sevr, parmi les plus remarquables du genre au monde.<\/p>","protected":false},"excerpt":{"rendered":"<p>Service \u00e0 caf\u00e9 du 19\u00e8me si\u00e8cle, de style Biedermeier \/ Empire, manufactures Nymphenburg<br \/>\nFond\u00e9e en 1830\/40<br \/>\nLe site Web comprend:<br \/>\n1 cafeti\u00e8re<br \/>\n1 laiterie<br \/>\n1 sucrier<br \/>\n4 soucoupes tasses<br \/>\n4 tasses<br \/>\nTr\u00e8s bon \u00e9tat.<br \/>\nVous trouverez ci-dessous des informations sur les manufactures.<\/p>","protected":false},"featured_media":1839,"comment_status":"closed","ping_status":"closed","template":"","meta":[],"product_cat":[50],"product_tag":[],"class_list":{"0":"post-1838","1":"product","2":"type-product","3":"status-publish","4":"has-post-thumbnail","6":"product_cat-porcelana-i-fajans","8":"entry","9":"has-media","11":"first","12":"instock","13":"taxable","14":"shipping-taxable","15":"purchasable","16":"product-type-simple","17":"has-product-nav","18":"col","19":"span_1_of_3","20":"owp-content-center","21":"owp-thumbs-layout-horizontal","22":"owp-btn-normal","23":"owp-tabs-layout-horizontal"},"aioseo_notices":[],"_links":{"self":[{"href":"https:\/\/antykilion.pl\/fr\/wp-json\/wp\/v2\/product\/1838","targetHints":{"allow":["GET"]}}],"collection":[{"href":"https:\/\/antykilion.pl\/fr\/wp-json\/wp\/v2\/product"}],"about":[{"href":"https:\/\/antykilion.pl\/fr\/wp-json\/wp\/v2\/types\/product"}],"replies":[{"embeddable":true,"href":"https:\/\/antykilion.pl\/fr\/wp-json\/wp\/v2\/comments?post=1838"}],"wp:featuredmedia":[{"embeddable":true,"href":"https:\/\/antykilion.pl\/fr\/wp-json\/wp\/v2\/media\/1839"}],"wp:attachment":[{"href":"https:\/\/antykilion.pl\/fr\/wp-json\/wp\/v2\/media?parent=1838"}],"wp:term":[{"taxonomy":"product_cat","embeddable":true,"href":"https:\/\/antykilion.pl\/fr\/wp-json\/wp\/v2\/product_cat?post=1838"},{"taxonomy":"product_tag","embeddable":true,"href":"https:\/\/antykilion.pl\/fr\/wp-json\/wp\/v2\/product_tag?post=1838"}],"curies":[{"name":"wp","href":"https:\/\/api.w.org\/{rel}","templated":true}]}}