{"id":1865,"date":"2020-02-10T15:01:02","date_gmt":"2020-02-10T14:01:02","guid":{"rendered":"https:\/\/antykilion.pl\/?post_type=product&#038;p=1865"},"modified":"2025-02-19T09:04:41","modified_gmt":"2025-02-19T08:04:41","slug":"zegar-wiszacy-koniec-xix-wieku-firmy-germania-swiebodzice-okolo-1890-roku-nr-2","status":"publish","type":"product","link":"https:\/\/antykilion.pl\/fr\/product\/zegar-wiszacy-koniec-xix-wieku-firmy-germania-swiebodzice-okolo-1890-roku-nr-2\/","title":{"rendered":"Horloge suspendue \u00e0 la fin du XIXe si\u00e8cle, par Germania \u015awiebodzice vers 1890, n \u00b0 2"},"content":{"rendered":"<p>\u00c0 \u015awiebodzice, anciennement dans les b\u00e2timents de la rue J\u00f3zefa Pi\u0142sudskiego, il y avait \u00e0 \u015awiebodzice l&#039;une des soci\u00e9t\u00e9s d&#039;horlogerie les plus connues: Germania. Au cours de ses plusieurs d\u00e9cennies d&#039;histoire, cette entreprise a connu des \u00e9v\u00e9nements tr\u00e8s mouvement\u00e9s. Dans son histoire, il y a eu des moments de croissance et de floraison, mais aussi des p\u00e9riodes de disputes et de proc\u00e8s. N\u00e9anmoins, Germania est aujourd&#039;hui consid\u00e9r\u00e9e comme une entreprise qui, dans l&#039;histoire de l&#039;industrie horlog\u00e8re de \u015awiebodzkie, peut se vanter d&#039;un nombre tr\u00e8s important d&#039;horloges produites, \u00e0 cet \u00e9gard, seul le groupe Gustav Becker.<\/p>\n<p>La date d&#039;ouverture de l&#039;usine est aujourd&#039;hui le 1er octobre 1871. Il convient d&#039;ajouter ici que la m\u00eame ann\u00e9e la cr\u00e9ation de l&#039;Empire allemand avec l&#039;empereur Guillaume I Hohenzollern a \u00e9t\u00e9 proclam\u00e9e (18 janvier 1871), donc, en m\u00e9moire de cet \u00e9v\u00e9nement m\u00e9morable, les fondateurs de \u015awiebodzice les entreprises ont d\u00e9cid\u00e9 de l&#039;appeler Germania. La soci\u00e9t\u00e9 locale \u00e9tait une entreprise fonctionnant initialement sur la base de coop\u00e9rative (en allemand: Genossenschaft), (1) ou une association volontaire de 17 personnes, anciens employ\u00e9s du groupe Gustav Becker, qui ont d\u00e9cid\u00e9 de quitter leur employeur et de cr\u00e9er leur propre entreprise.<\/p>","protected":false},"excerpt":{"rendered":"<p>Horloge suspendue \u00e0 la fin du XIXe si\u00e8cle, par Germania \u015awiebodzice vers 1890. N \u00b0 2<br \/>\nMat\u00e9riau: placage de noyer<br \/>\nDimensions: longueur: environ 135 cm, profondeur 17 cm, largeur: 43 cm.<br \/>\nEtat: tr\u00e8s bon apr\u00e8s l&#039;horlogerie<br \/>\nToutes les horloges de la galerie sont dans leur \u00e9tat d&#039;origine, elles n&#039;ont jamais rien fait de bo\u00eetiers et de m\u00e9canismes, ce qui est extr\u00eamement rare aujourd&#039;hui.<br \/>\nLa germanie est tr\u00e8s rare sur notre march\u00e9.<br \/>\nVous trouverez ci-dessous des informations sur l&#039;origine.<\/p>","protected":false},"featured_media":1866,"comment_status":"closed","ping_status":"closed","template":"","meta":[],"product_cat":[53,51],"product_tag":[],"class_list":{"0":"post-1865","1":"product","2":"type-product","3":"status-publish","4":"has-post-thumbnail","6":"product_cat-zegary-wiszace","7":"product_cat-zegary","9":"entry","10":"has-media","12":"first","13":"instock","14":"taxable","15":"shipping-taxable","16":"purchasable","17":"product-type-simple","18":"has-product-nav","19":"col","20":"span_1_of_3","21":"owp-content-center","22":"owp-thumbs-layout-horizontal","23":"owp-btn-normal","24":"owp-tabs-layout-horizontal"},"aioseo_notices":[],"_links":{"self":[{"href":"https:\/\/antykilion.pl\/fr\/wp-json\/wp\/v2\/product\/1865","targetHints":{"allow":["GET"]}}],"collection":[{"href":"https:\/\/antykilion.pl\/fr\/wp-json\/wp\/v2\/product"}],"about":[{"href":"https:\/\/antykilion.pl\/fr\/wp-json\/wp\/v2\/types\/product"}],"replies":[{"embeddable":true,"href":"https:\/\/antykilion.pl\/fr\/wp-json\/wp\/v2\/comments?post=1865"}],"wp:featuredmedia":[{"embeddable":true,"href":"https:\/\/antykilion.pl\/fr\/wp-json\/wp\/v2\/media\/1866"}],"wp:attachment":[{"href":"https:\/\/antykilion.pl\/fr\/wp-json\/wp\/v2\/media?parent=1865"}],"wp:term":[{"taxonomy":"product_cat","embeddable":true,"href":"https:\/\/antykilion.pl\/fr\/wp-json\/wp\/v2\/product_cat?post=1865"},{"taxonomy":"product_tag","embeddable":true,"href":"https:\/\/antykilion.pl\/fr\/wp-json\/wp\/v2\/product_tag?post=1865"}],"curies":[{"name":"wp","href":"https:\/\/api.w.org\/{rel}","templated":true}]}}