{"id":1926,"date":"2020-02-10T19:54:07","date_gmt":"2020-02-10T18:54:07","guid":{"rendered":"https:\/\/antykilion.pl\/?post_type=product&#038;p=1926"},"modified":"2021-09-03T14:16:42","modified_gmt":"2021-09-03T12:16:42","slug":"sofa-bez-oparc-xix-wiek-w-stylu-ludwika-xv-okolo-1870-80-roku","status":"publish","type":"product","link":"https:\/\/antykilion.pl\/fr\/product\/sofa-bez-oparc-xix-wiek-w-stylu-ludwika-xv-okolo-1870-80-roku\/","title":{"rendered":"Un canap\u00e9 sans dossier XIX si\u00e8cle, dans le go\u00fbt de Louis XV, vers 1870\/80."},"content":{"rendered":"","protected":false},"excerpt":{"rendered":"<p>Un canap\u00e9 sans dossier XIX si\u00e8cle, dans le go\u00fbt de Louis XV, vers 1870\/80.<br \/>\nil est rembourr\u00e9 sur le dos, l&#039;assise et les c\u00f4t\u00e9s, soutenu par quatre pieds convertibles avec fin volutes. Un canap\u00e9 avec des \u00e9l\u00e9ments de cadre ondul\u00e9s, avec un dossier qui descend sur les c\u00f4t\u00e9s inf\u00e9rieurs, divis\u00e9 en trois parties. Les dossiers sont d\u00e9cor\u00e9s de sculptures.<br \/>\nConstruction en noyer massif.<br \/>\nTr\u00e8s bon \u00e9tat.<br \/>\nOrigine: Autriche Vienne<br \/>\nDimensions: longueur 110 cm, <\/p>","protected":false},"featured_media":1927,"comment_status":"closed","ping_status":"closed","template":"","meta":[],"product_cat":[17,32],"product_tag":[],"class_list":{"0":"post-1926","1":"product","2":"type-product","3":"status-publish","4":"has-post-thumbnail","6":"product_cat-meble","7":"product_cat-sofy","9":"entry","10":"has-media","12":"first","13":"instock","14":"taxable","15":"shipping-taxable","16":"purchasable","17":"product-type-simple","18":"has-product-nav","19":"col","20":"span_1_of_3","21":"owp-content-center","22":"owp-thumbs-layout-horizontal","23":"owp-btn-normal","24":"owp-tabs-layout-horizontal"},"aioseo_notices":[],"_links":{"self":[{"href":"https:\/\/antykilion.pl\/fr\/wp-json\/wp\/v2\/product\/1926","targetHints":{"allow":["GET"]}}],"collection":[{"href":"https:\/\/antykilion.pl\/fr\/wp-json\/wp\/v2\/product"}],"about":[{"href":"https:\/\/antykilion.pl\/fr\/wp-json\/wp\/v2\/types\/product"}],"replies":[{"embeddable":true,"href":"https:\/\/antykilion.pl\/fr\/wp-json\/wp\/v2\/comments?post=1926"}],"wp:featuredmedia":[{"embeddable":true,"href":"https:\/\/antykilion.pl\/fr\/wp-json\/wp\/v2\/media\/1927"}],"wp:attachment":[{"href":"https:\/\/antykilion.pl\/fr\/wp-json\/wp\/v2\/media?parent=1926"}],"wp:term":[{"taxonomy":"product_cat","embeddable":true,"href":"https:\/\/antykilion.pl\/fr\/wp-json\/wp\/v2\/product_cat?post=1926"},{"taxonomy":"product_tag","embeddable":true,"href":"https:\/\/antykilion.pl\/fr\/wp-json\/wp\/v2\/product_tag?post=1926"}],"curies":[{"name":"wp","href":"https:\/\/api.w.org\/{rel}","templated":true}]}}