{"id":2022,"date":"2020-02-12T14:20:34","date_gmt":"2020-02-12T13:20:34","guid":{"rendered":"https:\/\/antykilion.pl\/?post_type=product&#038;p=2022"},"modified":"2021-09-03T14:16:42","modified_gmt":"2021-09-03T12:16:42","slug":"szafa-sieniowa-barok-xviii-wiek-piekna-okolo-1770-roku","status":"publish","type":"product","link":"https:\/\/antykilion.pl\/fr\/product\/szafa-sieniowa-barok-xviii-wiek-piekna-okolo-1770-roku\/","title":{"rendered":"Armoire de grange 18\u00e8me si\u00e8cle, belle vers 1770"},"content":{"rendered":"","protected":false},"excerpt":{"rendered":"<p>Une armoire d&#039;entr\u00e9e avec une structure de rebord, avec des c\u00f4t\u00e9s droits \u00e0 l&#039;avant, termin\u00e9e par une simple corniche richement profil\u00e9e, ferm\u00e9e avec deux ailes, avec quatre tiroirs dans le panneau inf\u00e9rieur, soutenu sur cinq pieds sph\u00e9riques. L&#039;ensemble est plaqu\u00e9 de placage \u00e0 motifs, incrust\u00e9 et vein\u00e9. La fa\u00e7ade est divis\u00e9e en deux axes par trois pilastres l\u00e9g\u00e8rement en saillie devant le corps, couronn\u00e9s de chapiteaux sculpt\u00e9s et richement d\u00e9cor\u00e9s, entre lesquels les vantaux de porte sont des pseudo-panneaux ovales. Le rebord inf\u00e9rieur r\u00e9p\u00e8te le contour du corps \u00e0 travers des supports de pilastre en saillie et des faces de tiroir en retrait. Le fond est large, cass\u00e9 au centre et d\u00e9passant vers l&#039;avant, avec un petit champ rectangulaire encadr\u00e9 par une bande profil\u00e9e. Le corps et le rebord inf\u00e9rieur sont d\u00e9cor\u00e9s de coussins polygonaux encadr\u00e9s par des bandes profil\u00e9es. Les coussins sur les vantaux de porte et les faces des tiroirs sont allong\u00e9s, avec un contour en forme d&#039;\u00e9toile, au milieu intarsi\u00e9 avec un motif en \u00e9toile \u00e0 quatre branches. Quatre \u00e9tag\u00e8res \u00e0 l&#039;int\u00e9rieur.<br \/>\nEtat: d&#039;origine, tr\u00e8s bon pour l&#039;\u00e2ge, sec sur les panneaux de porte<br \/>\nOrigine; Europe de l&#039;Ouest<br \/>\nConstruction; pin, placage de ch\u00eane fr\u00eane?<br \/>\nDimensions: Largeur 210 cm, profondeur 76 cm, hauteur 222 cm<\/p>","protected":false},"featured_media":2023,"comment_status":"closed","ping_status":"closed","template":"","meta":[],"product_cat":[17,34],"product_tag":[],"class_list":{"0":"post-2022","1":"product","2":"type-product","3":"status-publish","4":"has-post-thumbnail","6":"product_cat-meble","7":"product_cat-szafy","9":"entry","10":"has-media","12":"first","13":"instock","14":"taxable","15":"shipping-taxable","16":"purchasable","17":"product-type-simple","18":"has-product-nav","19":"col","20":"span_1_of_3","21":"owp-content-center","22":"owp-thumbs-layout-horizontal","23":"owp-btn-normal","24":"owp-tabs-layout-horizontal"},"aioseo_notices":[],"_links":{"self":[{"href":"https:\/\/antykilion.pl\/fr\/wp-json\/wp\/v2\/product\/2022","targetHints":{"allow":["GET"]}}],"collection":[{"href":"https:\/\/antykilion.pl\/fr\/wp-json\/wp\/v2\/product"}],"about":[{"href":"https:\/\/antykilion.pl\/fr\/wp-json\/wp\/v2\/types\/product"}],"replies":[{"embeddable":true,"href":"https:\/\/antykilion.pl\/fr\/wp-json\/wp\/v2\/comments?post=2022"}],"wp:featuredmedia":[{"embeddable":true,"href":"https:\/\/antykilion.pl\/fr\/wp-json\/wp\/v2\/media\/2023"}],"wp:attachment":[{"href":"https:\/\/antykilion.pl\/fr\/wp-json\/wp\/v2\/media?parent=2022"}],"wp:term":[{"taxonomy":"product_cat","embeddable":true,"href":"https:\/\/antykilion.pl\/fr\/wp-json\/wp\/v2\/product_cat?post=2022"},{"taxonomy":"product_tag","embeddable":true,"href":"https:\/\/antykilion.pl\/fr\/wp-json\/wp\/v2\/product_tag?post=2022"}],"curies":[{"name":"wp","href":"https:\/\/api.w.org\/{rel}","templated":true}]}}