{"id":2049,"date":"2020-02-12T16:47:26","date_gmt":"2020-02-12T15:47:26","guid":{"rendered":"https:\/\/antykilion.pl\/?post_type=product&#038;p=2049"},"modified":"2021-09-03T14:16:43","modified_gmt":"2021-09-03T12:16:43","slug":"madonna-z-dzieciatkiem-xviii-wiek-piekny","status":"publish","type":"product","link":"https:\/\/antykilion.pl\/fr\/product\/madonna-z-dzieciatkiem-xviii-wiek-piekny\/","title":{"rendered":"Vierge \u00e0 l&#039;enfant, XVIIIe si\u00e8cle, belle"},"content":{"rendered":"","protected":false},"excerpt":{"rendered":"<p>Vierge \u00e0 l&#039;enfant, XVIIIe si\u00e8cle, belle<br \/>\nTechnique: huile sur toile<br \/>\nPas de num\u00e9ro de r\u00e9f\u00e9rence, premi\u00e8re moiti\u00e9 du 18e si\u00e8cle<br \/>\nEtat; bon suppl\u00e9ment<br \/>\nDimensions: 47 cm par 57 cm <\/p>","protected":false},"featured_media":2050,"comment_status":"closed","ping_status":"closed","template":"","meta":[],"product_cat":[41,40],"product_tag":[],"class_list":{"0":"post-2049","1":"product","2":"type-product","3":"status-publish","4":"has-post-thumbnail","6":"product_cat-malarstwo-dawne","7":"product_cat-malarstwo","9":"entry","10":"has-media","12":"first","13":"instock","14":"taxable","15":"shipping-taxable","16":"purchasable","17":"product-type-simple","18":"has-product-nav","19":"col","20":"span_1_of_3","21":"owp-content-center","22":"owp-thumbs-layout-horizontal","23":"owp-btn-normal","24":"owp-tabs-layout-horizontal"},"aioseo_notices":[],"_links":{"self":[{"href":"https:\/\/antykilion.pl\/fr\/wp-json\/wp\/v2\/product\/2049","targetHints":{"allow":["GET"]}}],"collection":[{"href":"https:\/\/antykilion.pl\/fr\/wp-json\/wp\/v2\/product"}],"about":[{"href":"https:\/\/antykilion.pl\/fr\/wp-json\/wp\/v2\/types\/product"}],"replies":[{"embeddable":true,"href":"https:\/\/antykilion.pl\/fr\/wp-json\/wp\/v2\/comments?post=2049"}],"wp:featuredmedia":[{"embeddable":true,"href":"https:\/\/antykilion.pl\/fr\/wp-json\/wp\/v2\/media\/2050"}],"wp:attachment":[{"href":"https:\/\/antykilion.pl\/fr\/wp-json\/wp\/v2\/media?parent=2049"}],"wp:term":[{"taxonomy":"product_cat","embeddable":true,"href":"https:\/\/antykilion.pl\/fr\/wp-json\/wp\/v2\/product_cat?post=2049"},{"taxonomy":"product_tag","embeddable":true,"href":"https:\/\/antykilion.pl\/fr\/wp-json\/wp\/v2\/product_tag?post=2049"}],"curies":[{"name":"wp","href":"https:\/\/api.w.org\/{rel}","templated":true}]}}