{"id":2193,"date":"2020-03-02T16:11:15","date_gmt":"2020-03-02T15:11:15","guid":{"rendered":"https:\/\/antykilion.pl\/?post_type=product&#038;p=2193"},"modified":"2021-09-03T14:16:43","modified_gmt":"2021-09-03T12:16:43","slug":"zegar-wiszacy-linkowy-xix-wiek-sygnowany-gustav-becker-137-cm-okolo-1880-90-r","status":"publish","type":"product","link":"https:\/\/antykilion.pl\/fr\/product\/zegar-wiszacy-linkowy-xix-wiek-sygnowany-gustav-becker-137-cm-okolo-1880-90-r\/","title":{"rendered":"Horloge suspendue en corde XIXe si\u00e8cle, sign\u00e9e Gustav Becker 137 cm, vers 1880\/90"},"content":{"rendered":"<p>Gustav Eduard Becker (n\u00e9 le 2 mai 1819 \u00e0 Ole\u015bnica, d\u00e9c\u00e9d\u00e9 le 14 septembre 1885 \u00e0 Berchtesgaden) - horloger allemand et fondateur de la marque d&#039;horlogerie Gustav Becker.<\/p>\n<p>Il est n\u00e9 en Basse-Sil\u00e9sie. Il a \u00e9tudi\u00e9 en tant que compagnon \u00e0 Francfort, La Chaux-de-Fonds, Dresde, Munich, Berlin et Vienne (avec le ma\u00eetre horloger Philip Happacher). Le 1er avril 1847, il ouvre le premier magasin d&#039;horlogerie \u00e0 \u015awiebodzice. En 1852, \u00e0 l&#039;exposition industrielle de Wroc\u0142aw, ses horloges sont sign\u00e9es Gustav Becker. En 1854, Becker a re\u00e7u un contrat avec la poste. La production a fortement augment\u00e9 car en 1873, \u00e0 l&#039;Exposition universelle de Vienne, Becker a annonc\u00e9 la production de 75 000 et en 1875 100 000 horloges. Le 15 mai 1885, elle est d\u00e9j\u00e0 750 000 et, en 1892, elle produit 1 000 000 d&#039;horloges. Apr\u00e8s sa mort, l&#039;entreprise a \u00e9t\u00e9 reprise par son fils Paul Albert Becker et est devenu le chef de l&#039;entreprise. La millioni\u00e8me horloge se trouve dans la collection Termet SA (anciennement Predom Termet) \u00e0 \u015awiebodzice, qui a repris les actifs de l&#039;usine Becker apr\u00e8s 1945. La tombe de Gustav Becker est situ\u00e9e au cimeti\u00e8re municipal de \u015awiebodzice.<\/p>","protected":false},"excerpt":{"rendered":"<p>Pendule \u00e0 suspendre 19\u00e8me si\u00e8cle, sign\u00e9e Gustav Becker 137 cm, vers 1880\/90, dans un bo\u00eetier viennois<br \/>\nMat\u00e9riel: placage de noyer.<br \/>\nM\u00e9canisme sign\u00e9 et num\u00e9rot\u00e9, type de m\u00e9canisme tr\u00e8s rare.<br \/>\n\u00c9tat: tr\u00e8s bon, apr\u00e8s examen par un horloger, bo\u00eetier d&#039;origine tr\u00e8s bon.<br \/>\nDimensions: hauteur 137 cm, largeur 20 cm, longueur 41 cm<br \/>\nImpressionnant!<br \/>\nCi-dessous, des informations sur le fabricant.<\/p>","protected":false},"featured_media":2194,"comment_status":"closed","ping_status":"closed","template":"","meta":[],"product_cat":[53,51],"product_tag":[],"class_list":{"0":"post-2193","1":"product","2":"type-product","3":"status-publish","4":"has-post-thumbnail","6":"product_cat-zegary-wiszace","7":"product_cat-zegary","9":"entry","10":"has-media","12":"first","13":"instock","14":"taxable","15":"shipping-taxable","16":"purchasable","17":"product-type-simple","18":"has-product-nav","19":"col","20":"span_1_of_3","21":"owp-content-center","22":"owp-thumbs-layout-horizontal","23":"owp-btn-normal","24":"owp-tabs-layout-horizontal"},"aioseo_notices":[],"_links":{"self":[{"href":"https:\/\/antykilion.pl\/fr\/wp-json\/wp\/v2\/product\/2193","targetHints":{"allow":["GET"]}}],"collection":[{"href":"https:\/\/antykilion.pl\/fr\/wp-json\/wp\/v2\/product"}],"about":[{"href":"https:\/\/antykilion.pl\/fr\/wp-json\/wp\/v2\/types\/product"}],"replies":[{"embeddable":true,"href":"https:\/\/antykilion.pl\/fr\/wp-json\/wp\/v2\/comments?post=2193"}],"wp:featuredmedia":[{"embeddable":true,"href":"https:\/\/antykilion.pl\/fr\/wp-json\/wp\/v2\/media\/2194"}],"wp:attachment":[{"href":"https:\/\/antykilion.pl\/fr\/wp-json\/wp\/v2\/media?parent=2193"}],"wp:term":[{"taxonomy":"product_cat","embeddable":true,"href":"https:\/\/antykilion.pl\/fr\/wp-json\/wp\/v2\/product_cat?post=2193"},{"taxonomy":"product_tag","embeddable":true,"href":"https:\/\/antykilion.pl\/fr\/wp-json\/wp\/v2\/product_tag?post=2193"}],"curies":[{"name":"wp","href":"https:\/\/api.w.org\/{rel}","templated":true}]}}