{"id":2238,"date":"2020-03-05T14:57:14","date_gmt":"2020-03-05T13:57:14","guid":{"rendered":"https:\/\/antykilion.pl\/?post_type=product&#038;p=2238"},"modified":"2021-09-03T14:16:43","modified_gmt":"2021-09-03T12:16:43","slug":"zegar-kominkowy-empirowy-xix-wiek-sygnowany-paryz-1827-rok","status":"publish","type":"product","link":"https:\/\/antykilion.pl\/fr\/product\/zegar-kominkowy-empirowy-xix-wiek-sygnowany-paryz-1827-rok\/","title":{"rendered":"Horloge de chemin\u00e9e, style Empire XIX\u00e8me si\u00e8cle, sign\u00e9e Paris 1827"},"content":{"rendered":"","protected":false},"excerpt":{"rendered":"<p>Horloge de chemin\u00e9e, style Empire XIX\u00e8me si\u00e8cle, sign\u00e9e Paris 1827<br \/>\nOrigine: pendule de chemin\u00e9e, fran\u00e7aise, suspension \u00e0 fil 1827, sign\u00e9e Paris 1827 Medaile de ore, en plus la signature sur le cadran est malheureusement difficile \u00e0 lire, cloche sign\u00e9e de D. Gorme,<br \/>\nEtat: tr\u00e8s bon apr\u00e8s avis de l&#039;horloger.<br \/>\nMati\u00e8re: bronze dor\u00e9, cisel\u00e9<br \/>\nDimensions: hauteur 46 cm, largeur 12 cm, longueur 36 cm<br \/>\nLes prix de ces horloges varient de 15 000 PLN.<\/p>","protected":false},"featured_media":2244,"comment_status":"closed","ping_status":"closed","template":"","meta":[],"product_cat":[54,51],"product_tag":[],"class_list":{"0":"post-2238","1":"product","2":"type-product","3":"status-publish","4":"has-post-thumbnail","6":"product_cat-zegary-kominkowe","7":"product_cat-zegary","9":"entry","10":"has-media","12":"first","13":"instock","14":"taxable","15":"shipping-taxable","16":"purchasable","17":"product-type-simple","18":"has-product-nav","19":"col","20":"span_1_of_3","21":"owp-content-center","22":"owp-thumbs-layout-horizontal","23":"owp-btn-normal","24":"owp-tabs-layout-horizontal"},"aioseo_notices":[],"_links":{"self":[{"href":"https:\/\/antykilion.pl\/fr\/wp-json\/wp\/v2\/product\/2238","targetHints":{"allow":["GET"]}}],"collection":[{"href":"https:\/\/antykilion.pl\/fr\/wp-json\/wp\/v2\/product"}],"about":[{"href":"https:\/\/antykilion.pl\/fr\/wp-json\/wp\/v2\/types\/product"}],"replies":[{"embeddable":true,"href":"https:\/\/antykilion.pl\/fr\/wp-json\/wp\/v2\/comments?post=2238"}],"wp:featuredmedia":[{"embeddable":true,"href":"https:\/\/antykilion.pl\/fr\/wp-json\/wp\/v2\/media\/2244"}],"wp:attachment":[{"href":"https:\/\/antykilion.pl\/fr\/wp-json\/wp\/v2\/media?parent=2238"}],"wp:term":[{"taxonomy":"product_cat","embeddable":true,"href":"https:\/\/antykilion.pl\/fr\/wp-json\/wp\/v2\/product_cat?post=2238"},{"taxonomy":"product_tag","embeddable":true,"href":"https:\/\/antykilion.pl\/fr\/wp-json\/wp\/v2\/product_tag?post=2238"}],"curies":[{"name":"wp","href":"https:\/\/api.w.org\/{rel}","templated":true}]}}