{"id":2284,"date":"2020-03-07T16:26:54","date_gmt":"2020-03-07T15:26:54","guid":{"rendered":"https:\/\/antykilion.pl\/?post_type=product&#038;p=2284"},"modified":"2021-09-03T14:16:43","modified_gmt":"2021-09-03T12:16:43","slug":"muzealne-malarstwo-przed-polowaniem-xvii-wiek","status":"publish","type":"product","link":"https:\/\/antykilion.pl\/fr\/product\/muzealne-malarstwo-przed-polowaniem-xvii-wiek\/","title":{"rendered":"Muzealne malarstwo, &#8220;Przed polowaniem &#8221; XVII wiek"},"content":{"rendered":"","protected":false},"excerpt":{"rendered":"<p>Muzealne malarstwo, &#8220;Przed polowaniem &#8221; XVII wiek<br \/>\nUne belle et vaste sc\u00e8ne repr\u00e9sentant une exp\u00e9dition de chasse, au loin, vous pouvez voir, entre autres, des fauconniers et des chiens.<br \/>\nLa peinture de classe mus\u00e9e sur la civi\u00e8re montre de nombreux autocollants et signatures, apr\u00e8s conservation professionnelle.<br \/>\nJe recommande \u00e7a vaut le coup<br \/>\nTechnique: huile sur toile<br \/>\nOrigine: Europe occidentale<br \/>\nP\u00e9riode de cr\u00e9ation; XVII si\u00e8cle<br \/>\nDimensions: avec un cadre 66 cm par 92 cm <\/p>","protected":false},"featured_media":2285,"comment_status":"closed","ping_status":"closed","template":"","meta":[],"product_cat":[41,39,40],"product_tag":[],"class_list":{"0":"post-2284","1":"product","2":"type-product","3":"status-publish","4":"has-post-thumbnail","6":"product_cat-malarstwo-dawne","7":"product_cat-dziela-sztuki","8":"product_cat-malarstwo","10":"entry","11":"has-media","13":"first","14":"instock","15":"taxable","16":"shipping-taxable","17":"purchasable","18":"product-type-simple","19":"has-product-nav","20":"col","21":"span_1_of_3","22":"owp-content-center","23":"owp-thumbs-layout-horizontal","24":"owp-btn-normal","25":"owp-tabs-layout-horizontal"},"aioseo_notices":[],"_links":{"self":[{"href":"https:\/\/antykilion.pl\/fr\/wp-json\/wp\/v2\/product\/2284","targetHints":{"allow":["GET"]}}],"collection":[{"href":"https:\/\/antykilion.pl\/fr\/wp-json\/wp\/v2\/product"}],"about":[{"href":"https:\/\/antykilion.pl\/fr\/wp-json\/wp\/v2\/types\/product"}],"replies":[{"embeddable":true,"href":"https:\/\/antykilion.pl\/fr\/wp-json\/wp\/v2\/comments?post=2284"}],"wp:featuredmedia":[{"embeddable":true,"href":"https:\/\/antykilion.pl\/fr\/wp-json\/wp\/v2\/media\/2285"}],"wp:attachment":[{"href":"https:\/\/antykilion.pl\/fr\/wp-json\/wp\/v2\/media?parent=2284"}],"wp:term":[{"taxonomy":"product_cat","embeddable":true,"href":"https:\/\/antykilion.pl\/fr\/wp-json\/wp\/v2\/product_cat?post=2284"},{"taxonomy":"product_tag","embeddable":true,"href":"https:\/\/antykilion.pl\/fr\/wp-json\/wp\/v2\/product_tag?post=2284"}],"curies":[{"name":"wp","href":"https:\/\/api.w.org\/{rel}","templated":true}]}}