{"id":2313,"date":"2020-03-14T19:26:05","date_gmt":"2020-03-14T18:26:05","guid":{"rendered":"https:\/\/antykilion.pl\/?post_type=product&#038;p=2313"},"modified":"2021-09-03T14:16:43","modified_gmt":"2021-09-03T12:16:43","slug":"stol-konsolowy-z-pozlacanym-drewnem-z-okresu-regencji-okolo-1720-40-rok","status":"publish","type":"product","link":"https:\/\/antykilion.pl\/fr\/product\/stol-konsolowy-z-pozlacanym-drewnem-z-okresu-regencji-okolo-1720-40-rok\/","title":{"rendered":"Table console en bois dor\u00e9 d&#039;\u00e9poque R\u00e9gence vers 1720\/40"},"content":{"rendered":"","protected":false},"excerpt":{"rendered":"<p>Table console en bois dor\u00e9 d&#039;\u00e9poque R\u00e9gence vers 1720\/40<br \/>\nSa fa\u00e7ade est sculpt\u00e9e d&#039;un grand tablier ajour\u00e9 et sculpt\u00e9e de feuilles d&#039;acanthe et de fleurs de lys. Les trois c\u00f4t\u00e9s sont sculpt\u00e9s avec un d\u00e9cor pour la reine (fleurs dans le cadre des bretelles). La table repose sur quatre pieds galb\u00e9s avec des mascaras richement sculpt\u00e9s de feuilles d&#039;acanthe et de fleurs de lys qui se terminent par des pieds sculpt\u00e9s \u00e0 enroulements.<br \/>\nCette table est surmont\u00e9e d&#039;un important marbre rouge royal moul\u00e9 en bec-de-corbin.<br \/>\nUne \u0153uvre d&#039;Ile-de-France de la premi\u00e8re moiti\u00e9 du XVIIIe si\u00e8cle.<br \/>\nDimensions: longueur 126 cm, largeur 88 cm, hauteur 72 cm<br \/>\nEtat: tr\u00e8s bon \u00e9tat d&#039;origine, traces d&#039;usure visibles, r\u00e9paration de marbre ancien<\/p>","protected":false},"featured_media":3764,"comment_status":"closed","ping_status":"closed","template":"","meta":[],"product_cat":[17,33],"product_tag":[],"class_list":{"0":"post-2313","1":"product","2":"type-product","3":"status-publish","4":"has-post-thumbnail","6":"product_cat-meble","7":"product_cat-stoly-stoliki","9":"entry","10":"has-media","12":"first","13":"instock","14":"taxable","15":"shipping-taxable","16":"purchasable","17":"product-type-simple","18":"has-product-nav","19":"col","20":"span_1_of_3","21":"owp-content-center","22":"owp-thumbs-layout-horizontal","23":"owp-btn-normal","24":"owp-tabs-layout-horizontal"},"aioseo_notices":[],"_links":{"self":[{"href":"https:\/\/antykilion.pl\/fr\/wp-json\/wp\/v2\/product\/2313","targetHints":{"allow":["GET"]}}],"collection":[{"href":"https:\/\/antykilion.pl\/fr\/wp-json\/wp\/v2\/product"}],"about":[{"href":"https:\/\/antykilion.pl\/fr\/wp-json\/wp\/v2\/types\/product"}],"replies":[{"embeddable":true,"href":"https:\/\/antykilion.pl\/fr\/wp-json\/wp\/v2\/comments?post=2313"}],"wp:featuredmedia":[{"embeddable":true,"href":"https:\/\/antykilion.pl\/fr\/wp-json\/wp\/v2\/media\/3764"}],"wp:attachment":[{"href":"https:\/\/antykilion.pl\/fr\/wp-json\/wp\/v2\/media?parent=2313"}],"wp:term":[{"taxonomy":"product_cat","embeddable":true,"href":"https:\/\/antykilion.pl\/fr\/wp-json\/wp\/v2\/product_cat?post=2313"},{"taxonomy":"product_tag","embeddable":true,"href":"https:\/\/antykilion.pl\/fr\/wp-json\/wp\/v2\/product_tag?post=2313"}],"curies":[{"name":"wp","href":"https:\/\/api.w.org\/{rel}","templated":true}]}}