{"id":2389,"date":"2020-03-25T20:21:12","date_gmt":"2020-03-25T19:21:12","guid":{"rendered":"https:\/\/antykilion.pl\/?post_type=product&#038;p=2389"},"modified":"2026-04-08T07:26:04","modified_gmt":"2026-04-08T05:26:04","slug":"czeslaw-chojnowski-odlewnia-metali-dzik-ogromna-rzadkosc","status":"publish","type":"product","link":"https:\/\/antykilion.pl\/fr\/product\/czeslaw-chojnowski-odlewnia-metali-dzik-ogromna-rzadkosc\/","title":{"rendered":"Czes\u0142aw CHOJNOWSKI - Fonderie de m\u00e9tal, sanglier - Raret\u00e9 \u00e9norme"},"content":{"rendered":"","protected":false},"excerpt":{"rendered":"<p>Czes\u0142aw CHOJNOWSKI - Fonderie de m\u00e9taux, sanglier<br \/>\nSculpture en bronze patin\u00e9<br \/>\nWymiary: wysoko\u015b\u0107 16 cm d\u0142ugo\u015b\u0107 26,5 cm<br \/>\nUne \u00e9norme raret\u00e9!<\/p>","protected":false},"featured_media":2398,"comment_status":"closed","ping_status":"closed","template":"","meta":[],"product_cat":[44,39,43],"product_tag":[],"class_list":{"0":"post-2389","1":"product","2":"type-product","3":"status-publish","4":"has-post-thumbnail","6":"product_cat-rzezba-dawna","7":"product_cat-dziela-sztuki","8":"product_cat-rzezba","10":"entry","11":"has-media","13":"first","14":"instock","15":"taxable","16":"shipping-taxable","17":"purchasable","18":"product-type-simple","19":"has-product-nav","20":"col","21":"span_1_of_3","22":"owp-content-center","23":"owp-thumbs-layout-horizontal","24":"owp-btn-normal","25":"owp-tabs-layout-horizontal"},"aioseo_notices":[],"_links":{"self":[{"href":"https:\/\/antykilion.pl\/fr\/wp-json\/wp\/v2\/product\/2389","targetHints":{"allow":["GET"]}}],"collection":[{"href":"https:\/\/antykilion.pl\/fr\/wp-json\/wp\/v2\/product"}],"about":[{"href":"https:\/\/antykilion.pl\/fr\/wp-json\/wp\/v2\/types\/product"}],"replies":[{"embeddable":true,"href":"https:\/\/antykilion.pl\/fr\/wp-json\/wp\/v2\/comments?post=2389"}],"wp:featuredmedia":[{"embeddable":true,"href":"https:\/\/antykilion.pl\/fr\/wp-json\/wp\/v2\/media\/2398"}],"wp:attachment":[{"href":"https:\/\/antykilion.pl\/fr\/wp-json\/wp\/v2\/media?parent=2389"}],"wp:term":[{"taxonomy":"product_cat","embeddable":true,"href":"https:\/\/antykilion.pl\/fr\/wp-json\/wp\/v2\/product_cat?post=2389"},{"taxonomy":"product_tag","embeddable":true,"href":"https:\/\/antykilion.pl\/fr\/wp-json\/wp\/v2\/product_tag?post=2389"}],"curies":[{"name":"wp","href":"https:\/\/api.w.org\/{rel}","templated":true}]}}