{"id":2478,"date":"2020-03-30T09:10:18","date_gmt":"2020-03-30T07:10:18","guid":{"rendered":"https:\/\/antykilion.pl\/?post_type=product&#038;p=2478"},"modified":"2021-09-03T14:16:44","modified_gmt":"2021-09-03T12:16:44","slug":"filizanka-z-spodkiem-manufaktury-sorau-1919-45-piekna-przezroczysta-porcelana-nr-2","status":"publish","type":"product","link":"https:\/\/antykilion.pl\/fr\/product\/filizanka-z-spodkiem-manufaktury-sorau-1919-45-piekna-przezroczysta-porcelana-nr-2\/","title":{"rendered":"Tasse et soucoupe de Sorau 1919-45, belle porcelaine transparente n \u00b0 2"},"content":{"rendered":"<p>Marques de porcelaine et de poterie - Marques Sorau <\/p>\n<p>L&#039;usine de porcelaine de Sorau (\u017bary) a \u00e9t\u00e9 fond\u00e9e par Gustav Otremb en 1888. Gustav Otremba Porzellanfabrik Sorau NL a commenc\u00e9 la production dans les b\u00e2timents de l&#039;ancienne usine de clous. Un an plus tard, Franz B\u00f6hme rejoint l&#039;entreprise. En 1892, B\u00f6hme ach\u00e8te les actions d&#039;Otremba et devient l&#039;unique propri\u00e9taire de l&#039;entreprise. En 1901, l&#039;usine a \u00e9t\u00e9 transform\u00e9e en soci\u00e9t\u00e9 \u00e0 responsabilit\u00e9 limit\u00e9e (Porzellanfabrik Sorau GmbH), et le nouveau propri\u00e9taire \u00e9tait Fritz, sym Franz.<\/p>\n<p>La Premi\u00e8re Guerre mondiale n&#039;\u00e9tait pas un bon moment pour l&#039;industrie de la porcelaine. La plupart des travailleurs qualifi\u00e9s ont \u00e9t\u00e9 mobilis\u00e9s, certains march\u00e9s \u00e9trangers ont \u00e9t\u00e9 perdus et le march\u00e9 int\u00e9rieur s&#039;est r\u00e9tr\u00e9ci. En 1918, l&#039;usine de Sorau est achet\u00e9e par le marchand Gotthard Curtius. Quelques mois plus tard, l&#039;entreprise est reprise par le consortium Christian &amp; Ernst Carstens. L&#039;usine a \u00e9t\u00e9 rebaptis\u00e9e C. &amp; E. Carstens Porzellanfabrik Sorau NL Ernst Carstens est d\u00e9c\u00e9d\u00e9 en 1923, mais ses h\u00e9ritiers ont continu\u00e9 \u00e0 diriger l&#039;entreprise.<\/p>\n<p>L&#039;usine de Sorau a r\u00e9guli\u00e8rement renforc\u00e9 sa position gr\u00e2ce aux exportations vers les pays europ\u00e9ens et les \u00c9tats-Unis. Dans les ann\u00e9es 30, le nombre d&#039;employ\u00e9s est pass\u00e9 \u00e0 400.<\/p>\n<p>Pendant la Seconde Guerre mondiale, l&#039;usine a continu\u00e9 sa production malgr\u00e9 les restrictions de guerre. Les plantes ont \u00e9t\u00e9 d\u00e9truites en f\u00e9vrier 1945.<\/p>","protected":false},"excerpt":{"rendered":"<p>Tasse et soucoupe de Sorau 1919-45, belle porcelaine transparente n \u00b0 2<br \/>\nTasse \u00e0 moka, la vente n&#039;est qu&#039;une tasse et une soucoupe sans la soucoupe et le costume de caf\u00e9.<br \/>\nTr\u00e8s bonne condition<br \/>\nDimensions:<br \/>\nL&#039;histoire de l&#039;usine suit<\/p>","protected":false},"featured_media":2475,"comment_status":"closed","ping_status":"closed","template":"","meta":[],"product_cat":[50],"product_tag":[],"class_list":{"0":"post-2478","1":"product","2":"type-product","3":"status-publish","4":"has-post-thumbnail","6":"product_cat-porcelana-i-fajans","8":"entry","9":"has-media","11":"first","12":"instock","13":"taxable","14":"shipping-taxable","15":"purchasable","16":"product-type-simple","17":"has-product-nav","18":"col","19":"span_1_of_3","20":"owp-content-center","21":"owp-thumbs-layout-horizontal","22":"owp-btn-normal","23":"owp-tabs-layout-horizontal"},"aioseo_notices":[],"_links":{"self":[{"href":"https:\/\/antykilion.pl\/fr\/wp-json\/wp\/v2\/product\/2478","targetHints":{"allow":["GET"]}}],"collection":[{"href":"https:\/\/antykilion.pl\/fr\/wp-json\/wp\/v2\/product"}],"about":[{"href":"https:\/\/antykilion.pl\/fr\/wp-json\/wp\/v2\/types\/product"}],"replies":[{"embeddable":true,"href":"https:\/\/antykilion.pl\/fr\/wp-json\/wp\/v2\/comments?post=2478"}],"wp:featuredmedia":[{"embeddable":true,"href":"https:\/\/antykilion.pl\/fr\/wp-json\/wp\/v2\/media\/2475"}],"wp:attachment":[{"href":"https:\/\/antykilion.pl\/fr\/wp-json\/wp\/v2\/media?parent=2478"}],"wp:term":[{"taxonomy":"product_cat","embeddable":true,"href":"https:\/\/antykilion.pl\/fr\/wp-json\/wp\/v2\/product_cat?post=2478"},{"taxonomy":"product_tag","embeddable":true,"href":"https:\/\/antykilion.pl\/fr\/wp-json\/wp\/v2\/product_tag?post=2478"}],"curies":[{"name":"wp","href":"https:\/\/api.w.org\/{rel}","templated":true}]}}