{"id":2530,"date":"2020-04-14T16:33:36","date_gmt":"2020-04-14T14:33:36","guid":{"rendered":"https:\/\/antykilion.pl\/?post_type=product&#038;p=2530"},"modified":"2021-09-03T14:16:44","modified_gmt":"2021-09-03T12:16:44","slug":"szafa-barokowa-sieniowa-polowa-xviii-wieku-okolo-1740-50-roku-elblag","status":"publish","type":"product","link":"https:\/\/antykilion.pl\/fr\/product\/szafa-barokowa-sieniowa-polowa-xviii-wieku-okolo-1740-50-roku-elblag\/","title":{"rendered":"Armoire baroque, vestibule, milieu du XVIIIe si\u00e8cle vers 1740\/50 Elbl\u0105g?"},"content":{"rendered":"","protected":false},"excerpt":{"rendered":"<p>Armoire baroque, hall, milieu du XVIIIe si\u00e8cle, vers 1740\/50, Elbl\u0105g?<br \/>\nUne armoire d&#039;entr\u00e9e avec une structure de rebord, avec des c\u00f4t\u00e9s droits \u00e0 l&#039;avant, termin\u00e9e par une simple corniche richement profil\u00e9e, ferm\u00e9e par deux portes, avec quatre tiroirs dans le panneau inf\u00e9rieur, soutenu sur cinq pieds sph\u00e9riques avec des anneaux en haut. L&#039;ensemble est plaqu\u00e9 de placage \u00e0 motifs, incrust\u00e9 et vein\u00e9. La fa\u00e7ade est divis\u00e9e en deux axes par trois pilastres l\u00e9g\u00e8rement en saillie devant le corps, couronn\u00e9s de chapiteaux sculpt\u00e9s et richement d\u00e9cor\u00e9s, entre lesquels la porte sort avec des pseudo-panneaux ovales, et les c\u00f4t\u00e9s. Le rebord inf\u00e9rieur r\u00e9p\u00e8te le contour du corps \u00e0 travers des supports de pilastre en saillie et des faces de tiroir en retrait. Fond large, cass\u00e9 au centre et d\u00e9passant vers l&#039;avant, avec un petit champ rectangulaire entour\u00e9 d&#039;une bande profil\u00e9e. Le corps et le rebord inf\u00e9rieur sont d\u00e9cor\u00e9s de coussins polygonaux encadr\u00e9s par des bandes profil\u00e9es. Coussins longs en forme d&#039;\u00e9toile sur les vantaux et les faces des tiroirs, panneaux de porte incrust\u00e9s de rubans et de tulipes. Quatre \u00e9tag\u00e8res \u00e0 l&#039;int\u00e9rieur.<\/p>\n<p>\u00c9tat: d&#039;origine, tr\u00e8s bon, apr\u00e8s maintenance conservatrice, documentation compl\u00e8te <\/p>\n<p>Origine; Europe centrale Elbl\u0105g?<\/p>\n<p>Construction; placages en pin, ch\u00eane, noyer et acajou <\/p>\n<p>Dimensions: longueur 190 cm, largeur 75 cm, hauteur 198 cm.<\/p>","protected":false},"featured_media":3406,"comment_status":"closed","ping_status":"closed","template":"","meta":[],"product_cat":[17,34],"product_tag":[],"class_list":{"0":"post-2530","1":"product","2":"type-product","3":"status-publish","4":"has-post-thumbnail","6":"product_cat-meble","7":"product_cat-szafy","9":"entry","10":"has-media","12":"first","13":"instock","14":"taxable","15":"shipping-taxable","16":"purchasable","17":"product-type-simple","18":"has-product-nav","19":"col","20":"span_1_of_3","21":"owp-content-center","22":"owp-thumbs-layout-horizontal","23":"owp-btn-normal","24":"owp-tabs-layout-horizontal"},"aioseo_notices":[],"_links":{"self":[{"href":"https:\/\/antykilion.pl\/fr\/wp-json\/wp\/v2\/product\/2530","targetHints":{"allow":["GET"]}}],"collection":[{"href":"https:\/\/antykilion.pl\/fr\/wp-json\/wp\/v2\/product"}],"about":[{"href":"https:\/\/antykilion.pl\/fr\/wp-json\/wp\/v2\/types\/product"}],"replies":[{"embeddable":true,"href":"https:\/\/antykilion.pl\/fr\/wp-json\/wp\/v2\/comments?post=2530"}],"wp:featuredmedia":[{"embeddable":true,"href":"https:\/\/antykilion.pl\/fr\/wp-json\/wp\/v2\/media\/3406"}],"wp:attachment":[{"href":"https:\/\/antykilion.pl\/fr\/wp-json\/wp\/v2\/media?parent=2530"}],"wp:term":[{"taxonomy":"product_cat","embeddable":true,"href":"https:\/\/antykilion.pl\/fr\/wp-json\/wp\/v2\/product_cat?post=2530"},{"taxonomy":"product_tag","embeddable":true,"href":"https:\/\/antykilion.pl\/fr\/wp-json\/wp\/v2\/product_tag?post=2530"}],"curies":[{"name":"wp","href":"https:\/\/api.w.org\/{rel}","templated":true}]}}