{"id":2563,"date":"2020-04-14T20:49:22","date_gmt":"2020-04-14T18:49:22","guid":{"rendered":"https:\/\/antykilion.pl\/?post_type=product&#038;p=2563"},"modified":"2024-08-29T09:13:55","modified_gmt":"2024-08-29T07:13:55","slug":"para-polek-konsolek-w-stylu-secesyjnym-okolo-1900-roku","status":"publish","type":"product","link":"https:\/\/antykilion.pl\/fr\/product\/para-polek-konsolek-w-stylu-secesyjnym-okolo-1900-roku\/","title":{"rendered":"Une paire d&#039;\u00e9tag\u00e8res \/ consoles Art Nouveau vers 1900."},"content":{"rendered":"","protected":false},"excerpt":{"rendered":"<p>Une paire d&#039;\u00e9tag\u00e8res \/ consoles Art nouveau fabriqu\u00e9es vers 1900. Supports ajour\u00e9s, en bronze dor\u00e9 au feu. S\u00e9cession florale, grimpeurs, tiges, fleurs, bourgeons.<br \/>\nMati\u00e8re: bois d&#039;acajou, bronze dor\u00e9<br \/>\nTr\u00e8s bonne condition<br \/>\nDimensions: Longueur 21 cm, hauteur 17 cm<br \/>\nLe prix est pour deux pi\u00e8ces.<\/p>","protected":false},"featured_media":2564,"comment_status":"closed","ping_status":"closed","template":"","meta":[],"product_cat":[23,17,55],"product_tag":[],"class_list":{"0":"post-2563","1":"product","2":"type-product","3":"status-publish","4":"has-post-thumbnail","6":"product_cat-biblioteki","7":"product_cat-meble","8":"product_cat-varia","10":"entry","11":"has-media","13":"first","14":"instock","15":"taxable","16":"shipping-taxable","17":"purchasable","18":"product-type-simple","19":"has-product-nav","20":"col","21":"span_1_of_3","22":"owp-content-center","23":"owp-thumbs-layout-horizontal","24":"owp-btn-normal","25":"owp-tabs-layout-horizontal"},"aioseo_notices":[],"_links":{"self":[{"href":"https:\/\/antykilion.pl\/fr\/wp-json\/wp\/v2\/product\/2563","targetHints":{"allow":["GET"]}}],"collection":[{"href":"https:\/\/antykilion.pl\/fr\/wp-json\/wp\/v2\/product"}],"about":[{"href":"https:\/\/antykilion.pl\/fr\/wp-json\/wp\/v2\/types\/product"}],"replies":[{"embeddable":true,"href":"https:\/\/antykilion.pl\/fr\/wp-json\/wp\/v2\/comments?post=2563"}],"wp:featuredmedia":[{"embeddable":true,"href":"https:\/\/antykilion.pl\/fr\/wp-json\/wp\/v2\/media\/2564"}],"wp:attachment":[{"href":"https:\/\/antykilion.pl\/fr\/wp-json\/wp\/v2\/media?parent=2563"}],"wp:term":[{"taxonomy":"product_cat","embeddable":true,"href":"https:\/\/antykilion.pl\/fr\/wp-json\/wp\/v2\/product_cat?post=2563"},{"taxonomy":"product_tag","embeddable":true,"href":"https:\/\/antykilion.pl\/fr\/wp-json\/wp\/v2\/product_tag?post=2563"}],"curies":[{"name":"wp","href":"https:\/\/api.w.org\/{rel}","templated":true}]}}