{"id":2620,"date":"2020-04-18T12:55:56","date_gmt":"2020-04-18T10:55:56","guid":{"rendered":"https:\/\/antykilion.pl\/?post_type=product&#038;p=2620"},"modified":"2021-09-03T14:16:45","modified_gmt":"2021-09-03T12:16:45","slug":"monumentalny-pejzaz-z-wiatrakiem-xix-w-okolo-1820-40-r","status":"publish","type":"product","link":"https:\/\/antykilion.pl\/fr\/product\/monumentalny-pejzaz-z-wiatrakiem-xix-w-okolo-1820-40-r\/","title":{"rendered":"Paysage monumental avec moulin \u00e0 vent du 19e si\u00e8cle vers 1820\/40"},"content":{"rendered":"","protected":false},"excerpt":{"rendered":"<p>Paysage monumental avec moulin \u00e0 vent du 19e si\u00e8cle vers 1820\/40<br \/>\nUne peinture extr\u00eamement d\u00e9corative repr\u00e9sentant une sc\u00e8ne de genre dans un paysage d&#039;hiver.<br \/>\nTechnique: huile sur toile<br \/>\nSignature: difficile \u00e0 lire visible sur la photo<br \/>\nTr\u00e8s bon \u00e9tat apr\u00e8s entretien professionnel, toile miroir.<br \/>\nDimensions:<\/p>","protected":false},"featured_media":2622,"comment_status":"closed","ping_status":"closed","template":"","meta":[],"product_cat":[41,39,40],"product_tag":[],"class_list":{"0":"post-2620","1":"product","2":"type-product","3":"status-publish","4":"has-post-thumbnail","6":"product_cat-malarstwo-dawne","7":"product_cat-dziela-sztuki","8":"product_cat-malarstwo","10":"entry","11":"has-media","13":"first","14":"instock","15":"taxable","16":"shipping-taxable","17":"purchasable","18":"product-type-simple","19":"has-product-nav","20":"col","21":"span_1_of_3","22":"owp-content-center","23":"owp-thumbs-layout-horizontal","24":"owp-btn-normal","25":"owp-tabs-layout-horizontal"},"aioseo_notices":[],"_links":{"self":[{"href":"https:\/\/antykilion.pl\/fr\/wp-json\/wp\/v2\/product\/2620","targetHints":{"allow":["GET"]}}],"collection":[{"href":"https:\/\/antykilion.pl\/fr\/wp-json\/wp\/v2\/product"}],"about":[{"href":"https:\/\/antykilion.pl\/fr\/wp-json\/wp\/v2\/types\/product"}],"replies":[{"embeddable":true,"href":"https:\/\/antykilion.pl\/fr\/wp-json\/wp\/v2\/comments?post=2620"}],"wp:featuredmedia":[{"embeddable":true,"href":"https:\/\/antykilion.pl\/fr\/wp-json\/wp\/v2\/media\/2622"}],"wp:attachment":[{"href":"https:\/\/antykilion.pl\/fr\/wp-json\/wp\/v2\/media?parent=2620"}],"wp:term":[{"taxonomy":"product_cat","embeddable":true,"href":"https:\/\/antykilion.pl\/fr\/wp-json\/wp\/v2\/product_cat?post=2620"},{"taxonomy":"product_tag","embeddable":true,"href":"https:\/\/antykilion.pl\/fr\/wp-json\/wp\/v2\/product_tag?post=2620"}],"curies":[{"name":"wp","href":"https:\/\/api.w.org\/{rel}","templated":true}]}}