{"id":2696,"date":"2020-05-12T18:56:00","date_gmt":"2020-05-12T16:56:00","guid":{"rendered":"https:\/\/antykilion.pl\/?post_type=product&#038;p=2696"},"modified":"2021-09-03T14:16:46","modified_gmt":"2021-09-03T12:16:46","slug":"srebrna-papierosnica-xix-wiek-piekna","status":"publish","type":"product","link":"https:\/\/antykilion.pl\/fr\/product\/srebrna-papierosnica-xix-wiek-piekna\/","title":{"rendered":"Etui \u00e0 cigarettes en argent XIX si\u00e8cle magnifique!"},"content":{"rendered":"","protected":false},"excerpt":{"rendered":"<p>Etui \u00e0 cigarettes en argent XIX si\u00e8cle magnifique!<br \/>\nArgent dor\u00e9 grav\u00e9<br \/>\nEtat: tr\u00e8s bon<br \/>\nOrigine: Su\u00e8de XIX si\u00e8cle<br \/>\nDimensions: <\/p>","protected":false},"featured_media":2698,"comment_status":"closed","ping_status":"closed","template":"","meta":[],"product_cat":[46],"product_tag":[],"class_list":{"0":"post-2696","1":"product","2":"type-product","3":"status-publish","4":"has-post-thumbnail","6":"product_cat-srebra-i-platery","8":"entry","9":"has-media","11":"first","12":"instock","13":"taxable","14":"shipping-taxable","15":"purchasable","16":"product-type-simple","17":"has-product-nav","18":"col","19":"span_1_of_3","20":"owp-content-center","21":"owp-thumbs-layout-horizontal","22":"owp-btn-normal","23":"owp-tabs-layout-horizontal"},"aioseo_notices":[],"_links":{"self":[{"href":"https:\/\/antykilion.pl\/fr\/wp-json\/wp\/v2\/product\/2696","targetHints":{"allow":["GET"]}}],"collection":[{"href":"https:\/\/antykilion.pl\/fr\/wp-json\/wp\/v2\/product"}],"about":[{"href":"https:\/\/antykilion.pl\/fr\/wp-json\/wp\/v2\/types\/product"}],"replies":[{"embeddable":true,"href":"https:\/\/antykilion.pl\/fr\/wp-json\/wp\/v2\/comments?post=2696"}],"wp:featuredmedia":[{"embeddable":true,"href":"https:\/\/antykilion.pl\/fr\/wp-json\/wp\/v2\/media\/2698"}],"wp:attachment":[{"href":"https:\/\/antykilion.pl\/fr\/wp-json\/wp\/v2\/media?parent=2696"}],"wp:term":[{"taxonomy":"product_cat","embeddable":true,"href":"https:\/\/antykilion.pl\/fr\/wp-json\/wp\/v2\/product_cat?post=2696"},{"taxonomy":"product_tag","embeddable":true,"href":"https:\/\/antykilion.pl\/fr\/wp-json\/wp\/v2\/product_tag?post=2696"}],"curies":[{"name":"wp","href":"https:\/\/api.w.org\/{rel}","templated":true}]}}