{"id":2781,"date":"2020-05-16T11:32:31","date_gmt":"2020-05-16T09:32:31","guid":{"rendered":"https:\/\/antykilion.pl\/?post_type=product&#038;p=2781"},"modified":"2023-09-13T19:00:20","modified_gmt":"2023-09-13T17:00:20","slug":"pianoharpa-bardzo-rzadki-instrument-na-naszym-rynku-antykwarycznym-xix-w","status":"publish","type":"product","link":"https:\/\/antykilion.pl\/fr\/product\/pianoharpa-bardzo-rzadki-instrument-na-naszym-rynku-antykwarycznym-xix-w\/","title":{"rendered":"Pianoharp, un instrument tr\u00e8s rare sur notre march\u00e9 d&#039;antiquit\u00e9s au XIXe si\u00e8cle"},"content":{"rendered":"","protected":false},"excerpt":{"rendered":"<p>Pianoharp, un instrument tr\u00e8s rare sur notre march\u00e9 d&#039;antiquit\u00e9s au XIXe si\u00e8cle<br \/>\nTr\u00e8s bonne condition<br \/>\ndimensions: longueur 80 cm, largeur 52 cm, hauteur 78 cm<br \/>\nLa harpe \u00e0 piano (hymne) ou harpe \u00e0 piano est appel\u00e9e un instrument constitu\u00e9 d&#039;un rouleau \u00e0 broches similaire \u00e0 celui d&#039;une bo\u00eete de jeu, dans lequel les broches dans la tige affectent plusieurs b\u00e2tons de feutre qui frappent le ton des cordes. Le tambour est coud\u00e9 et peut \u00eatre d\u00e9plac\u00e9 lat\u00e9ralement pour jouer diff\u00e9rentes m\u00e9lodies. Le tambour est \u00e9galement facile \u00e0 lib\u00e9rer et \u00e0 remplacer pour \u00e9largir votre r\u00e9pertoire. La m\u00eame technique utilis\u00e9e sur un piano de rue, mais la harpe \u00e0 piano a \u00e9t\u00e9 int\u00e9gr\u00e9e \u00e0 diverses formes de table. On l&#039;appelle parfois une harpe de petite ville, car la majeure partie a \u00e9t\u00e9 produite \u00e0 N\u00e4ssja et N\u00e4shult dans le Sm\u00e5land dans les ann\u00e9es 1880, jusqu&#039;\u00e0 ce que l&#039;usine S\u00f6der N\u00e4ssja br\u00fble en 1929.<\/p>\n<p>L&#039;invention est attribu\u00e9e au facteur d&#039;orgues auto-apprenant Johannes Magnusson \u00e0 N\u00e4ssja, mais le principe \u00e9tait auparavant connu et appliqu\u00e9 en Europe au piano de rue, \u00e0 l&#039;orchestration et \u00e0 d&#039;autres instruments \u00e0 jeu automatique. Les harpes \u00e0 piano ont \u00e9t\u00e9 vendues aux \u00e9coles et aux paroisses o\u00f9 le professeur ou le pr\u00eatre ne pouvait pas jouer de l&#039;instrument lui-m\u00eame, mais le march\u00e9 a disparu dans les ann\u00e9es 1920 en raison des progr\u00e8s du gramophone.<\/p>","protected":false},"featured_media":2782,"comment_status":"closed","ping_status":"closed","template":"","meta":[],"product_cat":[16,55],"product_tag":[],"class_list":{"0":"post-2781","1":"product","2":"type-product","3":"status-publish","4":"has-post-thumbnail","6":"product_cat-inne","7":"product_cat-varia","9":"entry","10":"has-media","12":"first","13":"instock","14":"taxable","15":"shipping-taxable","16":"purchasable","17":"product-type-simple","18":"has-product-nav","19":"col","20":"span_1_of_3","21":"owp-content-center","22":"owp-thumbs-layout-horizontal","23":"owp-btn-normal","24":"owp-tabs-layout-horizontal"},"aioseo_notices":[],"_links":{"self":[{"href":"https:\/\/antykilion.pl\/fr\/wp-json\/wp\/v2\/product\/2781","targetHints":{"allow":["GET"]}}],"collection":[{"href":"https:\/\/antykilion.pl\/fr\/wp-json\/wp\/v2\/product"}],"about":[{"href":"https:\/\/antykilion.pl\/fr\/wp-json\/wp\/v2\/types\/product"}],"replies":[{"embeddable":true,"href":"https:\/\/antykilion.pl\/fr\/wp-json\/wp\/v2\/comments?post=2781"}],"wp:featuredmedia":[{"embeddable":true,"href":"https:\/\/antykilion.pl\/fr\/wp-json\/wp\/v2\/media\/2782"}],"wp:attachment":[{"href":"https:\/\/antykilion.pl\/fr\/wp-json\/wp\/v2\/media?parent=2781"}],"wp:term":[{"taxonomy":"product_cat","embeddable":true,"href":"https:\/\/antykilion.pl\/fr\/wp-json\/wp\/v2\/product_cat?post=2781"},{"taxonomy":"product_tag","embeddable":true,"href":"https:\/\/antykilion.pl\/fr\/wp-json\/wp\/v2\/product_tag?post=2781"}],"curies":[{"name":"wp","href":"https:\/\/api.w.org\/{rel}","templated":true}]}}