{"id":2784,"date":"2020-05-16T12:30:14","date_gmt":"2020-05-16T10:30:14","guid":{"rendered":"https:\/\/antykilion.pl\/?post_type=product&#038;p=2784"},"modified":"2021-09-03T14:16:46","modified_gmt":"2021-09-03T12:16:46","slug":"chinska-waza-z-przelomu-xix-xx-wieku-piekna-sygnowana","status":"publish","type":"product","link":"https:\/\/antykilion.pl\/fr\/product\/chinska-waza-z-przelomu-xix-xx-wieku-piekna-sygnowana\/","title":{"rendered":"Vase chinois du d\u00e9but du 19\u00e8me et 20\u00e8me si\u00e8cle tr\u00e8s beau sign\u00e9"},"content":{"rendered":"","protected":false},"excerpt":{"rendered":"<p>Vase chinois du d\u00e9but du 19\u00e8me et 20\u00e8me si\u00e8cle tr\u00e8s beau sign\u00e9<br \/>\nEtat: tr\u00e8s bon<br \/>\nSignature: visible sur la photo<br \/>\nOrigine; Chine<br \/>\nDimensions: hauteur 40 cm <\/p>","protected":false},"featured_media":2785,"comment_status":"closed","ping_status":"closed","template":"","meta":[],"product_cat":[50],"product_tag":[],"class_list":{"0":"post-2784","1":"product","2":"type-product","3":"status-publish","4":"has-post-thumbnail","6":"product_cat-porcelana-i-fajans","8":"entry","9":"has-media","11":"first","12":"instock","13":"taxable","14":"shipping-taxable","15":"purchasable","16":"product-type-simple","17":"has-product-nav","18":"col","19":"span_1_of_3","20":"owp-content-center","21":"owp-thumbs-layout-horizontal","22":"owp-btn-normal","23":"owp-tabs-layout-horizontal"},"aioseo_notices":[],"_links":{"self":[{"href":"https:\/\/antykilion.pl\/fr\/wp-json\/wp\/v2\/product\/2784","targetHints":{"allow":["GET"]}}],"collection":[{"href":"https:\/\/antykilion.pl\/fr\/wp-json\/wp\/v2\/product"}],"about":[{"href":"https:\/\/antykilion.pl\/fr\/wp-json\/wp\/v2\/types\/product"}],"replies":[{"embeddable":true,"href":"https:\/\/antykilion.pl\/fr\/wp-json\/wp\/v2\/comments?post=2784"}],"wp:featuredmedia":[{"embeddable":true,"href":"https:\/\/antykilion.pl\/fr\/wp-json\/wp\/v2\/media\/2785"}],"wp:attachment":[{"href":"https:\/\/antykilion.pl\/fr\/wp-json\/wp\/v2\/media?parent=2784"}],"wp:term":[{"taxonomy":"product_cat","embeddable":true,"href":"https:\/\/antykilion.pl\/fr\/wp-json\/wp\/v2\/product_cat?post=2784"},{"taxonomy":"product_tag","embeddable":true,"href":"https:\/\/antykilion.pl\/fr\/wp-json\/wp\/v2\/product_tag?post=2784"}],"curies":[{"name":"wp","href":"https:\/\/api.w.org\/{rel}","templated":true}]}}