{"id":2811,"date":"2020-05-20T06:40:59","date_gmt":"2020-05-20T04:40:59","guid":{"rendered":"https:\/\/antykilion.pl\/?post_type=product&#038;p=2811"},"modified":"2022-10-07T07:10:28","modified_gmt":"2022-10-07T05:10:28","slug":"palacowa-waza-typu-sevres-xix-wiek-62-cm","status":"publish","type":"product","link":"https:\/\/antykilion.pl\/fr\/product\/palacowa-waza-typu-sevres-xix-wiek-62-cm\/","title":{"rendered":"Vase de palais de type S\u00e8vres, 19e si\u00e8cle 62 cm"},"content":{"rendered":"","protected":false},"excerpt":{"rendered":"<p>Vase avec une sc\u00e8ne de cour<\/p>\n<p>porcelaine (p\u00e2te nouvelle), cobalt (bleu roi), dorure brillante et mate, dorure convexe, peintures sur gla\u00e7ure (gla\u00e7ure?), bronze dor\u00e9; hauteur 62 cm; num\u00e9ro de r\u00e9ference sur la miniature<\/p>\n<p>France, S\u00e8vres (?) Ou dans le style de S\u00e8vres, avec une miniature sign\u00e9e dans la seconde moiti\u00e9 du 19\u00e8me si\u00e8cle.<\/p>\n<p>Vase - d\u00e9coratif, avec un ventre tordu \u00e9lanc\u00e9 de forme ovale avec une tige, plac\u00e9 sur une \u00e9pingle en m\u00e9tal, dans un cadre en bronze dor\u00e9 (couvercle, bec, cou, pied et poign\u00e9es). Autour du ventre, une miniature circulaire avec une repr\u00e9sentation dans le jardin d&#039;une sc\u00e8ne de cour \u00e0 la cr\u00e8me<\/p>\n<p>une robe verd\u00e2tre et fluide, avec des personnages de cour; de l&#039;autre c\u00f4t\u00e9 du ventre une s\u00e9quence avec un paysage, avec des ruines en arri\u00e8re-plan. Miniature<\/p>\n<p>sign\u00e9 en bas (sur la v\u00e9g\u00e9tation)<\/p>\n<p>D\u00e9coration ornementale soign\u00e9e et miniature de grande qualit\u00e9 dans le style des produits de S\u00e8vres du XVIIIe si\u00e8cle.Les vases de ce type apparaissent dans le commerce des antiquaires, le plus souvent appel\u00e9s produits de la fin du XIXe si\u00e8cle dans le style de S\u00e8vres.<\/p>","protected":false},"featured_media":2814,"comment_status":"closed","ping_status":"closed","template":"","meta":[],"product_cat":[50],"product_tag":[],"class_list":{"0":"post-2811","1":"product","2":"type-product","3":"status-publish","4":"has-post-thumbnail","6":"product_cat-porcelana-i-fajans","8":"entry","9":"has-media","11":"first","12":"instock","13":"taxable","14":"shipping-taxable","15":"purchasable","16":"product-type-simple","17":"has-product-nav","18":"col","19":"span_1_of_3","20":"owp-content-center","21":"owp-thumbs-layout-horizontal","22":"owp-btn-normal","23":"owp-tabs-layout-horizontal"},"aioseo_notices":[],"_links":{"self":[{"href":"https:\/\/antykilion.pl\/fr\/wp-json\/wp\/v2\/product\/2811","targetHints":{"allow":["GET"]}}],"collection":[{"href":"https:\/\/antykilion.pl\/fr\/wp-json\/wp\/v2\/product"}],"about":[{"href":"https:\/\/antykilion.pl\/fr\/wp-json\/wp\/v2\/types\/product"}],"replies":[{"embeddable":true,"href":"https:\/\/antykilion.pl\/fr\/wp-json\/wp\/v2\/comments?post=2811"}],"wp:featuredmedia":[{"embeddable":true,"href":"https:\/\/antykilion.pl\/fr\/wp-json\/wp\/v2\/media\/2814"}],"wp:attachment":[{"href":"https:\/\/antykilion.pl\/fr\/wp-json\/wp\/v2\/media?parent=2811"}],"wp:term":[{"taxonomy":"product_cat","embeddable":true,"href":"https:\/\/antykilion.pl\/fr\/wp-json\/wp\/v2\/product_cat?post=2811"},{"taxonomy":"product_tag","embeddable":true,"href":"https:\/\/antykilion.pl\/fr\/wp-json\/wp\/v2\/product_tag?post=2811"}],"curies":[{"name":"wp","href":"https:\/\/api.w.org\/{rel}","templated":true}]}}