{"id":2837,"date":"2020-05-20T07:07:54","date_gmt":"2020-05-20T05:07:54","guid":{"rendered":"https:\/\/antykilion.pl\/?post_type=product&#038;p=2837"},"modified":"2022-12-14T21:58:32","modified_gmt":"2022-12-14T20:58:32","slug":"palacowy-wazon-z-szkla-cudny-paryz-xix-wiek","status":"publish","type":"product","link":"https:\/\/antykilion.pl\/fr\/product\/palacowy-wazon-z-szkla-cudny-paryz-xix-wiek\/","title":{"rendered":"Vase en verre de palais, magnifique Paris 19\u00e8me si\u00e8cle !!!"},"content":{"rendered":"","protected":false},"excerpt":{"rendered":"<p>Vase en verre Palace, merveilleux Paris !!!<br \/>\nEtat: tr\u00e8s bon<br \/>\nOrigine: France, premi\u00e8re moiti\u00e9 du XIXe si\u00e8cle<br \/>\nSignature: visible sur la photo, Paris?<br \/>\nDimensions: 37 cm<br \/>\nBeau et tr\u00e8s d\u00e9coratif!<\/p>","protected":false},"featured_media":2838,"comment_status":"closed","ping_status":"closed","template":"","meta":[],"product_cat":[49],"product_tag":[],"class_list":{"0":"post-2837","1":"product","2":"type-product","3":"status-publish","4":"has-post-thumbnail","6":"product_cat-szklo","8":"entry","9":"has-media","11":"first","12":"instock","13":"taxable","14":"shipping-taxable","15":"purchasable","16":"product-type-simple","17":"has-product-nav","18":"col","19":"span_1_of_3","20":"owp-content-center","21":"owp-thumbs-layout-horizontal","22":"owp-btn-normal","23":"owp-tabs-layout-horizontal"},"aioseo_notices":[],"_links":{"self":[{"href":"https:\/\/antykilion.pl\/fr\/wp-json\/wp\/v2\/product\/2837","targetHints":{"allow":["GET"]}}],"collection":[{"href":"https:\/\/antykilion.pl\/fr\/wp-json\/wp\/v2\/product"}],"about":[{"href":"https:\/\/antykilion.pl\/fr\/wp-json\/wp\/v2\/types\/product"}],"replies":[{"embeddable":true,"href":"https:\/\/antykilion.pl\/fr\/wp-json\/wp\/v2\/comments?post=2837"}],"wp:featuredmedia":[{"embeddable":true,"href":"https:\/\/antykilion.pl\/fr\/wp-json\/wp\/v2\/media\/2838"}],"wp:attachment":[{"href":"https:\/\/antykilion.pl\/fr\/wp-json\/wp\/v2\/media?parent=2837"}],"wp:term":[{"taxonomy":"product_cat","embeddable":true,"href":"https:\/\/antykilion.pl\/fr\/wp-json\/wp\/v2\/product_cat?post=2837"},{"taxonomy":"product_tag","embeddable":true,"href":"https:\/\/antykilion.pl\/fr\/wp-json\/wp\/v2\/product_tag?post=2837"}],"curies":[{"name":"wp","href":"https:\/\/api.w.org\/{rel}","templated":true}]}}