{"id":2845,"date":"2020-06-05T07:30:45","date_gmt":"2020-06-05T05:30:45","guid":{"rendered":"https:\/\/antykilion.pl\/?post_type=product&#038;p=2845"},"modified":"2026-04-08T10:08:59","modified_gmt":"2026-04-08T08:08:59","slug":"dama-w-ogrodzie-rozanym-xix-wieczny-przepiekny-obraz-sygnowany","status":"publish","type":"product","link":"https:\/\/antykilion.pl\/fr\/product\/dama-w-ogrodzie-rozanym-xix-wieczny-przepiekny-obraz-sygnowany\/","title":{"rendered":"Dame dans une roseraie, belle photo du XIX\u00e8me si\u00e8cle sign\u00e9e !!!"},"content":{"rendered":"","protected":false},"excerpt":{"rendered":"<p>Dame dans une roseraie, belle photo du XIX\u00e8me si\u00e8cle sign\u00e9e !!!<\/p>\n<p>Bardzo dekoracyjny obraz<\/p>\n<p>Obraz klasy muzealnej !!!<\/p>\n<p>Okazja !!!<\/p>\n<p>Technique: huile sur toile<\/p>\n<p>Stan:\u00a0 Bardzo dobry, po konserwacji, ostatnie zdj\u0119cie przedstawia obraz przed konserwacj\u0105<\/p>\n<p>Signature: monogramme reli\u00e9 visible sur la photo, nombreux autocollants et tampons sur la civi\u00e8re et la toile<\/p>\n<p>Wymiary: p\u0142\u00f3tno 61 cm na 41 cm z ram\u0105 85 cm na 55 cm<\/p>\n<p>Obraz oprawiony w przepi\u0119kn\u0105 ram\u0119<\/p>\n<p>Do ka\u017cdego przedmiotu Galeria wystawia certyfikat.<\/p>","protected":false},"featured_media":10909,"comment_status":"closed","ping_status":"closed","template":"","meta":[],"product_cat":[41,39,40],"product_tag":[],"class_list":{"0":"post-2845","1":"product","2":"type-product","3":"status-publish","4":"has-post-thumbnail","6":"product_cat-malarstwo-dawne","7":"product_cat-dziela-sztuki","8":"product_cat-malarstwo","10":"entry","11":"has-media","13":"first","14":"instock","15":"taxable","16":"shipping-taxable","17":"purchasable","18":"product-type-simple","19":"has-product-nav","20":"col","21":"span_1_of_3","22":"owp-content-center","23":"owp-thumbs-layout-horizontal","24":"owp-btn-normal","25":"owp-tabs-layout-horizontal"},"aioseo_notices":[],"_links":{"self":[{"href":"https:\/\/antykilion.pl\/fr\/wp-json\/wp\/v2\/product\/2845","targetHints":{"allow":["GET"]}}],"collection":[{"href":"https:\/\/antykilion.pl\/fr\/wp-json\/wp\/v2\/product"}],"about":[{"href":"https:\/\/antykilion.pl\/fr\/wp-json\/wp\/v2\/types\/product"}],"replies":[{"embeddable":true,"href":"https:\/\/antykilion.pl\/fr\/wp-json\/wp\/v2\/comments?post=2845"}],"wp:featuredmedia":[{"embeddable":true,"href":"https:\/\/antykilion.pl\/fr\/wp-json\/wp\/v2\/media\/10909"}],"wp:attachment":[{"href":"https:\/\/antykilion.pl\/fr\/wp-json\/wp\/v2\/media?parent=2845"}],"wp:term":[{"taxonomy":"product_cat","embeddable":true,"href":"https:\/\/antykilion.pl\/fr\/wp-json\/wp\/v2\/product_cat?post=2845"},{"taxonomy":"product_tag","embeddable":true,"href":"https:\/\/antykilion.pl\/fr\/wp-json\/wp\/v2\/product_tag?post=2845"}],"curies":[{"name":"wp","href":"https:\/\/api.w.org\/{rel}","templated":true}]}}