{"id":2947,"date":"2020-07-12T16:32:49","date_gmt":"2020-07-12T14:32:49","guid":{"rendered":"https:\/\/antykilion.pl\/?post_type=product&#038;p=2947"},"modified":"2024-01-07T07:40:22","modified_gmt":"2024-01-07T06:40:22","slug":"zegar-junghans-orginal-cacuszko-nr-2","status":"publish","type":"product","link":"https:\/\/antykilion.pl\/fr\/product\/zegar-junghans-orginal-cacuszko-nr-2\/","title":{"rendered":"L&#039;HORLOGE Junghans \u00e9tait le b\u00e9b\u00e9 original! non 2"},"content":{"rendered":"","protected":false},"excerpt":{"rendered":"<p>L&#039;horloge du 100% est d&#039;origine, tant le bo\u00eetier que le mouvement, ce qui est rare aujourd&#039;hui.<br \/>\nHorloge apr\u00e8s inspection horlog\u00e8re en fonctionnement 100%.<br \/>\nL&#039;histoire de Junghans, qui a d\u00e9but\u00e9 en For\u00eat-Noire en 1861, est l&#039;une des r\u00e9ussites les plus \u00e9mouvantes et, en m\u00eame temps, les plus fascinantes de l&#039;industrie horlog\u00e8re allemande.<br \/>\nDimensions: hauteur 89 cm, largeur 30 cm<br \/>\nMat\u00e9riel: placage de noyer, garniture en dentelle<br \/>\nFond\u00e9e vers 1890<\/p>","protected":false},"featured_media":2948,"comment_status":"closed","ping_status":"closed","template":"","meta":[],"product_cat":[53,51],"product_tag":[],"class_list":{"0":"post-2947","1":"product","2":"type-product","3":"status-publish","4":"has-post-thumbnail","6":"product_cat-zegary-wiszace","7":"product_cat-zegary","9":"entry","10":"has-media","12":"first","13":"instock","14":"taxable","15":"shipping-taxable","16":"purchasable","17":"product-type-simple","18":"has-product-nav","19":"col","20":"span_1_of_3","21":"owp-content-center","22":"owp-thumbs-layout-horizontal","23":"owp-btn-normal","24":"owp-tabs-layout-horizontal"},"aioseo_notices":[],"_links":{"self":[{"href":"https:\/\/antykilion.pl\/fr\/wp-json\/wp\/v2\/product\/2947","targetHints":{"allow":["GET"]}}],"collection":[{"href":"https:\/\/antykilion.pl\/fr\/wp-json\/wp\/v2\/product"}],"about":[{"href":"https:\/\/antykilion.pl\/fr\/wp-json\/wp\/v2\/types\/product"}],"replies":[{"embeddable":true,"href":"https:\/\/antykilion.pl\/fr\/wp-json\/wp\/v2\/comments?post=2947"}],"wp:featuredmedia":[{"embeddable":true,"href":"https:\/\/antykilion.pl\/fr\/wp-json\/wp\/v2\/media\/2948"}],"wp:attachment":[{"href":"https:\/\/antykilion.pl\/fr\/wp-json\/wp\/v2\/media?parent=2947"}],"wp:term":[{"taxonomy":"product_cat","embeddable":true,"href":"https:\/\/antykilion.pl\/fr\/wp-json\/wp\/v2\/product_cat?post=2947"},{"taxonomy":"product_tag","embeddable":true,"href":"https:\/\/antykilion.pl\/fr\/wp-json\/wp\/v2\/product_tag?post=2947"}],"curies":[{"name":"wp","href":"https:\/\/api.w.org\/{rel}","templated":true}]}}