{"id":3088,"date":"2020-08-16T17:40:32","date_gmt":"2020-08-16T15:40:32","guid":{"rendered":"https:\/\/antykilion.pl\/?post_type=product&#038;p=3088"},"modified":"2021-09-03T14:16:48","modified_gmt":"2021-09-03T12:16:48","slug":"obraz-adriaen-van-diest-xvii-wiek-orginal-obledny","status":"publish","type":"product","link":"https:\/\/antykilion.pl\/fr\/product\/obraz-adriaen-van-diest-xvii-wiek-orginal-obledny\/","title":{"rendered":"Peinture d&#039;Adriaen van Diest originale du 17\u00e8me si\u00e8cle Crazy!"},"content":{"rendered":"","protected":false},"excerpt":{"rendered":"<p>Peinture d&#039;Adriaen van Diest originale du 17\u00e8me si\u00e8cle Crazy!<br \/>\nIl est n\u00e9 \u00e0 La Haye en 1655, fils de Jeronim van Diest, peintre d&#039;objets nautiques dont il a \u00e9t\u00e9 form\u00e9 dans ce domaine. \u00c0 dix-sept ans, il s&#039;installe \u00e0 Londres, o\u00f9 il est employ\u00e9 par Granville, comte de Bath, pour qui il peint plusieurs vues et ruines dans l&#039;ouest de l&#039;Angleterre. Ses peintures, en particulier les paysages, sont d&#039;une grande valeur; Pour preuve, Horace Walpole d\u00e9clare qu&#039;il y avait sept tableaux de Van Diesta dans la collection de Sir Peter Lely. Il a grav\u00e9 plusieurs paysages selon ses propres projets, dans un style l\u00e9ger et magistral. Van Diest est mort \u00e0 Londres en 1704. [1]<br \/>\nEtat: tr\u00e8s bon<br \/>\nMat\u00e9riel: toile \u00e0 l&#039;huile<br \/>\nDimensions: longueur 57 cm, hauteur 72 cm<br \/>\nNombreux autocollants et inscriptions sur la civi\u00e8re.<br \/>\nSignature: Adriaen van Diest en bas \u00e0 droite<\/p>","protected":false},"featured_media":3089,"comment_status":"closed","ping_status":"closed","template":"","meta":[],"product_cat":[41,39,40],"product_tag":[],"class_list":{"0":"post-3088","1":"product","2":"type-product","3":"status-publish","4":"has-post-thumbnail","6":"product_cat-malarstwo-dawne","7":"product_cat-dziela-sztuki","8":"product_cat-malarstwo","10":"entry","11":"has-media","13":"first","14":"instock","15":"taxable","16":"shipping-taxable","17":"purchasable","18":"product-type-simple","19":"has-product-nav","20":"col","21":"span_1_of_3","22":"owp-content-center","23":"owp-thumbs-layout-horizontal","24":"owp-btn-normal","25":"owp-tabs-layout-horizontal"},"aioseo_notices":[],"_links":{"self":[{"href":"https:\/\/antykilion.pl\/fr\/wp-json\/wp\/v2\/product\/3088","targetHints":{"allow":["GET"]}}],"collection":[{"href":"https:\/\/antykilion.pl\/fr\/wp-json\/wp\/v2\/product"}],"about":[{"href":"https:\/\/antykilion.pl\/fr\/wp-json\/wp\/v2\/types\/product"}],"replies":[{"embeddable":true,"href":"https:\/\/antykilion.pl\/fr\/wp-json\/wp\/v2\/comments?post=3088"}],"wp:featuredmedia":[{"embeddable":true,"href":"https:\/\/antykilion.pl\/fr\/wp-json\/wp\/v2\/media\/3089"}],"wp:attachment":[{"href":"https:\/\/antykilion.pl\/fr\/wp-json\/wp\/v2\/media?parent=3088"}],"wp:term":[{"taxonomy":"product_cat","embeddable":true,"href":"https:\/\/antykilion.pl\/fr\/wp-json\/wp\/v2\/product_cat?post=3088"},{"taxonomy":"product_tag","embeddable":true,"href":"https:\/\/antykilion.pl\/fr\/wp-json\/wp\/v2\/product_tag?post=3088"}],"curies":[{"name":"wp","href":"https:\/\/api.w.org\/{rel}","templated":true}]}}