{"id":3183,"date":"2020-09-27T12:40:27","date_gmt":"2020-09-27T10:40:27","guid":{"rendered":"https:\/\/antykilion.pl\/?post_type=product&#038;p=3183"},"modified":"2021-09-03T14:16:48","modified_gmt":"2021-09-03T12:16:48","slug":"jerzy-kolacz-abstrakcja-okolo-1950-r-nr-2","status":"publish","type":"product","link":"https:\/\/antykilion.pl\/fr\/product\/jerzy-kolacz-abstrakcja-okolo-1950-r-nr-2\/","title":{"rendered":"Abstraction de Jerzy Ko\u0142acz vers 1950, n \u00b0 2"},"content":{"rendered":"","protected":false},"excerpt":{"rendered":"<p>Abstraction de Jerzy Ko\u0142acz vers 1950<\/p>\n<p>Etat: tr\u00e8s bon<\/p>\n<p>Technique: huile sur toile<\/p>\n<p>Dimensions: longueur 80 cm, hauteur 70 cm<\/p>\n<p>Jerzy Ko\u0142acz (1938\u22122009) - artiste, peintre, graphiste, illustrateur<\/p>\n<p>Jerzy Ko\u0142acz est n\u00e9 le 16 octobre 1938 \u00e0 Czelad\u017a, en Sil\u00e9sie. Apr\u00e8s la guerre, lui et sa famille ont d\u00e9m\u00e9nag\u00e9 \u00e0 Szczecin. Il a \u00e9tudi\u00e9 \u00e0 l&#039;Acad\u00e9mie des Beaux-Arts de Gda\u0144sk et \u00e0 l&#039;Acad\u00e9mie des Beaux-Arts de Varsovie, qu&#039;il a obtenu en 1962 avec un dipl\u00f4me dans l&#039;atelier d&#039;affiches de Wojciech Tomaszewski et l&#039;atelier de peinture de Wojciech Fangor. Apr\u00e8s avoir obtenu son dipl\u00f4me, il a particip\u00e9 activement \u00e0 la vie de la communaut\u00e9 artistique de Szczecin: il a cofond\u00e9 la branche locale de l&#039;Union des artistes et designers, a particip\u00e9 \u00e0 l&#039;organisation du Festival de peinture contemporaine, a travaill\u00e9 comme \u00e9diteur graphique \u00e0 Wydawnictwo Artystyczno-Graficzne (1962-1974), a con\u00e7u des affiches, et surtout peint et expos\u00e9 ses travaille \u00e0 la fois en Pologne (Szczecin, Gda\u0144sk, Varsovie, Zielona G\u00f3ra) et \u00e0 l&#039;\u00e9tranger (Su\u00e8de, Danemark, Pays-Bas, R\u00e9publique f\u00e9d\u00e9rale d&#039;Allemagne, Hongrie).<\/p>\n<p>En 1978, il a \u00e9migr\u00e9 en Su\u00e8de puis au Canada. \u00c0 Toronto, o\u00f9 il a pass\u00e9 trente ans de sa vie, il a agi \u00e0 la fois comme illustrateur, publiant dans des magazines du monde entier, et comme peintre. Apr\u00e8s 1989, il a visit\u00e9 la Pologne \u00e0 plusieurs reprises, notamment \u00e0 Szczecin (exposition &quot;Memory Filters&quot;, 2008, Centre culturel et artistique de Wroc\u0142aw, Ch\u00e2teau des ducs de Pom\u00e9ranie \u00e0 Szczecin).<\/p>\n<p>D\u00e8s le d\u00e9but, la cr\u00e9ativit\u00e9 artistique de l&#039;artiste s&#039;est d\u00e9velopp\u00e9e de deux mani\u00e8res. En peinture, il s&#039;oriente vers l&#039;abstraction, totalement d\u00e9pourvue d&#039;allusions figuratives, allusive, riche en texture et extr\u00eamement sophistiqu\u00e9e en couleur. Dans l&#039;affiche, puis dans l&#039;illustration, il utilise une figure picturale, ironique, parfois directe, toujours spirituelle.<\/p>\n<p>Ses \u0153uvres ont \u00e9t\u00e9 r\u00e9compens\u00e9es en Pologne et \u00e0 l&#039;\u00e9tranger. En reconnaissance de son activit\u00e9 cr\u00e9ative globale, il a \u00e9t\u00e9 \u00e9lu membre de l&#039;Acad\u00e9mie royale des arts du Canada.<\/p>\n<p>Il est d\u00e9c\u00e9d\u00e9 le 22 mars 2009 au Mexique. Il est enterr\u00e9 \u00e0 Toronto. \u00c0 l&#039;initiative de l&#039;Association Szczecin &quot;Czas Przestrze\u0144 To\u017csamo\u015b\u0107&quot;, un arbre de m\u00e9moire a \u00e9t\u00e9 plant\u00e9 au cimeti\u00e8re central en 2010, qui a \u00e9t\u00e9 honor\u00e9 par Jerzy Ko\u0142acz en tant que personne de m\u00e9rite \u00e0 Szczecin.<\/p>","protected":false},"featured_media":3184,"comment_status":"closed","ping_status":"closed","template":"","meta":[],"product_cat":[39,40,42],"product_tag":[],"class_list":{"0":"post-3183","1":"product","2":"type-product","3":"status-publish","4":"has-post-thumbnail","6":"product_cat-dziela-sztuki","7":"product_cat-malarstwo","8":"product_cat-malartswo-wspolczesne","10":"entry","11":"has-media","13":"first","14":"instock","15":"taxable","16":"shipping-taxable","17":"purchasable","18":"product-type-simple","19":"has-product-nav","20":"col","21":"span_1_of_3","22":"owp-content-center","23":"owp-thumbs-layout-horizontal","24":"owp-btn-normal","25":"owp-tabs-layout-horizontal"},"aioseo_notices":[],"_links":{"self":[{"href":"https:\/\/antykilion.pl\/fr\/wp-json\/wp\/v2\/product\/3183","targetHints":{"allow":["GET"]}}],"collection":[{"href":"https:\/\/antykilion.pl\/fr\/wp-json\/wp\/v2\/product"}],"about":[{"href":"https:\/\/antykilion.pl\/fr\/wp-json\/wp\/v2\/types\/product"}],"replies":[{"embeddable":true,"href":"https:\/\/antykilion.pl\/fr\/wp-json\/wp\/v2\/comments?post=3183"}],"wp:featuredmedia":[{"embeddable":true,"href":"https:\/\/antykilion.pl\/fr\/wp-json\/wp\/v2\/media\/3184"}],"wp:attachment":[{"href":"https:\/\/antykilion.pl\/fr\/wp-json\/wp\/v2\/media?parent=3183"}],"wp:term":[{"taxonomy":"product_cat","embeddable":true,"href":"https:\/\/antykilion.pl\/fr\/wp-json\/wp\/v2\/product_cat?post=3183"},{"taxonomy":"product_tag","embeddable":true,"href":"https:\/\/antykilion.pl\/fr\/wp-json\/wp\/v2\/product_tag?post=3183"}],"curies":[{"name":"wp","href":"https:\/\/api.w.org\/{rel}","templated":true}]}}