{"id":3203,"date":"2020-10-01T12:45:53","date_gmt":"2020-10-01T10:45:53","guid":{"rendered":"https:\/\/antykilion.pl\/?post_type=product&#038;p=3203"},"modified":"2021-09-03T14:16:48","modified_gmt":"2021-09-03T12:16:48","slug":"3203","status":"publish","type":"product","link":"https:\/\/antykilion.pl\/fr\/product\/3203\/","title":{"rendered":"Horloge du mus\u00e9e Anthony Aviolet Londres vers 1680\/1720"},"content":{"rendered":"","protected":false},"excerpt":{"rendered":"<p>Horloge du mus\u00e9e Anthony Aviolet Londres vers 1680\/1720<\/p>\n<p>Une horloge d&#039;armoire, plancher<\/p>\n<p>bo\u00eetier: noyer, acajou, buis, olivier et de nombreux autres types de placages, verre; m\u00e9canisme: laiton, bronze, acier; hauteur: 216 cm; largeur cm; profondeur cm.<br \/>\nAngleterre, Londres, d\u00e9but du 17e \/ 18e si\u00e8cle<br \/>\nBo\u00eetier d&#039;armoire de forme simple. Avec une porte avec une glissi\u00e8re circulaire montrant le mouvement du pendule. Hotte avec porte vitr\u00e9e, corniche simple. Cadran en laiton, sur la bague Chiffres romains, heure et minutes, arabe; au centre du cadran en haut il y a une trotteuse, sous l&#039;inscription &quot;Anthony Aviolet \/ London&quot;; une fen\u00eatre de calendrier carr\u00e9e en dessous. Conseils ajour\u00e9s. Au sommet, dans l&#039;arcade, un bouclier qui allume et \u00e9teint l&#039;horloge. Coins moul\u00e9s et ajour\u00e9s avec un motif de flagelle v\u00e9g\u00e9tal et de cornet; cupidons tenant la couronne dans le marigot. Toute la surface de l&#039;armoire est recouverte de riches incrustations de placage en noyer, m\u00fbre, buis, olive, acajou et bien d&#039;autres.<br \/>\nUn exemple extr\u00eamement impressionnant de l&#039;horloge anglaise la plus luxueuse du type \u00abbo\u00eetier long\u00bb<br \/>\nBeautiful fait bonne impression !!!<br \/>\nVoici les prix des horloges en Angleterre.<\/p>\n<p>http:\/\/www.british-antiqueclocks.com\/stock\/floral-marquetry-grandfather-clock-by-thomas-bridge-of-london\/<br \/>\nhttps:\/\/www.antique-clock.co.uk\/antique\/marquetry_longcase_clock_by_john_williamson_leeds\/rc003a208<\/p>","protected":false},"featured_media":3217,"comment_status":"closed","ping_status":"closed","template":"","meta":[],"product_cat":[52,51],"product_tag":[],"class_list":{"0":"post-3203","1":"product","2":"type-product","3":"status-publish","4":"has-post-thumbnail","6":"product_cat-zegary-stojace","7":"product_cat-zegary","9":"entry","10":"has-media","12":"first","13":"instock","14":"taxable","15":"shipping-taxable","16":"purchasable","17":"product-type-simple","18":"has-product-nav","19":"col","20":"span_1_of_3","21":"owp-content-center","22":"owp-thumbs-layout-horizontal","23":"owp-btn-normal","24":"owp-tabs-layout-horizontal"},"aioseo_notices":[],"_links":{"self":[{"href":"https:\/\/antykilion.pl\/fr\/wp-json\/wp\/v2\/product\/3203","targetHints":{"allow":["GET"]}}],"collection":[{"href":"https:\/\/antykilion.pl\/fr\/wp-json\/wp\/v2\/product"}],"about":[{"href":"https:\/\/antykilion.pl\/fr\/wp-json\/wp\/v2\/types\/product"}],"replies":[{"embeddable":true,"href":"https:\/\/antykilion.pl\/fr\/wp-json\/wp\/v2\/comments?post=3203"}],"wp:featuredmedia":[{"embeddable":true,"href":"https:\/\/antykilion.pl\/fr\/wp-json\/wp\/v2\/media\/3217"}],"wp:attachment":[{"href":"https:\/\/antykilion.pl\/fr\/wp-json\/wp\/v2\/media?parent=3203"}],"wp:term":[{"taxonomy":"product_cat","embeddable":true,"href":"https:\/\/antykilion.pl\/fr\/wp-json\/wp\/v2\/product_cat?post=3203"},{"taxonomy":"product_tag","embeddable":true,"href":"https:\/\/antykilion.pl\/fr\/wp-json\/wp\/v2\/product_tag?post=3203"}],"curies":[{"name":"wp","href":"https:\/\/api.w.org\/{rel}","templated":true}]}}