{"id":3236,"date":"2020-10-01T16:12:27","date_gmt":"2020-10-01T14:12:27","guid":{"rendered":"https:\/\/antykilion.pl\/?post_type=product&#038;p=3236"},"modified":"2022-10-23T12:57:18","modified_gmt":"2022-10-23T10:57:18","slug":"cukiernica-skrzynkowa-na-kluczyk-berlin-lata-30-xix-wieku","status":"publish","type":"product","link":"https:\/\/antykilion.pl\/fr\/product\/cukiernica-skrzynkowa-na-kluczyk-berlin-lata-30-xix-wieku\/","title":{"rendered":"Bo\u00eete \u00e0 cl\u00e9s sucrier, Berlin, 1830"},"content":{"rendered":"","protected":false},"excerpt":{"rendered":"<p>Bo\u00eete \u00e0 cl\u00e9s sucrier, Berlin, 1830<br \/>\nLe sucrier \u00e0 cl\u00e9s a \u00e9t\u00e9 fabriqu\u00e9 \u00e0 Berlin le 13 f\u00e9vrier 750\/1000 dans les ann\u00e9es 1820-1850 par l&#039;orf\u00e8vre NiedlichSohn, actif dans les ann\u00e9es 1830<br \/>\nLa vo\u00fbte du couvercle avec un d\u00e9cor en forme d&#039;aigle, une taille avec un riche d\u00e9cor en reliefs de fleurs, pattes,<br \/>\nDimensions: longueur 15, largeur 10,5, hauteur 11 cm, poids environ 465 grammes.<br \/>\nCl\u00e9 disponible.<br \/>\nzamek nie dzia\u0142a<br \/>\nSilver 13 f\u00e9vrier, essai 750\/1000<br \/>\nDe plus, un tube \u00e0 essai<br \/>\nBeau et unique !!!<\/p>","protected":false},"featured_media":3237,"comment_status":"closed","ping_status":"closed","template":"","meta":[],"product_cat":[46],"product_tag":[],"class_list":{"0":"post-3236","1":"product","2":"type-product","3":"status-publish","4":"has-post-thumbnail","6":"product_cat-srebra-i-platery","8":"entry","9":"has-media","11":"first","12":"instock","13":"taxable","14":"shipping-taxable","15":"purchasable","16":"product-type-simple","17":"has-product-nav","18":"col","19":"span_1_of_3","20":"owp-content-center","21":"owp-thumbs-layout-horizontal","22":"owp-btn-normal","23":"owp-tabs-layout-horizontal"},"aioseo_notices":[],"_links":{"self":[{"href":"https:\/\/antykilion.pl\/fr\/wp-json\/wp\/v2\/product\/3236","targetHints":{"allow":["GET"]}}],"collection":[{"href":"https:\/\/antykilion.pl\/fr\/wp-json\/wp\/v2\/product"}],"about":[{"href":"https:\/\/antykilion.pl\/fr\/wp-json\/wp\/v2\/types\/product"}],"replies":[{"embeddable":true,"href":"https:\/\/antykilion.pl\/fr\/wp-json\/wp\/v2\/comments?post=3236"}],"wp:featuredmedia":[{"embeddable":true,"href":"https:\/\/antykilion.pl\/fr\/wp-json\/wp\/v2\/media\/3237"}],"wp:attachment":[{"href":"https:\/\/antykilion.pl\/fr\/wp-json\/wp\/v2\/media?parent=3236"}],"wp:term":[{"taxonomy":"product_cat","embeddable":true,"href":"https:\/\/antykilion.pl\/fr\/wp-json\/wp\/v2\/product_cat?post=3236"},{"taxonomy":"product_tag","embeddable":true,"href":"https:\/\/antykilion.pl\/fr\/wp-json\/wp\/v2\/product_tag?post=3236"}],"curies":[{"name":"wp","href":"https:\/\/api.w.org\/{rel}","templated":true}]}}