{"id":3259,"date":"2020-10-01T17:53:11","date_gmt":"2020-10-01T15:53:11","guid":{"rendered":"https:\/\/antykilion.pl\/?post_type=product&#038;p=3259"},"modified":"2021-09-03T14:16:48","modified_gmt":"2021-09-03T12:16:48","slug":"wazon-xviii-w-delft-pieter-adriaen-pynacker","status":"publish","type":"product","link":"https:\/\/antykilion.pl\/fr\/product\/wazon-xviii-w-delft-pieter-adriaen-pynacker\/","title":{"rendered":"VASE, 18e si\u00e8cle Delft, Pieter Adriaen Pynacker"},"content":{"rendered":"","protected":false},"excerpt":{"rendered":"<p>VASE, XVIIIe si\u00e8cle<\/p>\n<p>Delft, Pieter Adriaen Pynacker (w\u0142a\u015bciciel warsztatu &#8220;De Grieksche A&#8221;)<br \/>\nFa\u00efence (argile cr\u00e8me), cobalt sous gla\u00e7ure, gla\u00e7ure \u00e9tain<br \/>\nwys. 47 cm, sygnowany kobaltem podszkliwnym &#8220;PAK&#8221; (na spodzie)<br \/>\n\u00e9tat de conservation: d\u00e9fauts tr\u00e8s minimes de l&#039;\u00e9mail, pratiquement invisibles<br \/>\nUn vase octogonal avec un couvercle, une jambe haute s&#039;\u00e9largissant vers le bas, un ventre sph\u00e9rique et un col bas et cylindrique. Couvercle en d\u00f4me \u00e0 division octogonale et parois cannel\u00e9es, avec une bride pro\u00e9minente. Manche en forme de perroquet avec fruits.<br \/>\nLe pied et le ventre sont recouverts de motifs chinois de diff\u00e9rentes tailles et formes, sur fond d&#039;\u00e9toiles minuscules et de projections v\u00e9g\u00e9tales. Dans la partie sup\u00e9rieure du vaisseau, une dentelle stylis\u00e9e aux motifs floraux entrelac\u00e9s. Un flagelle en spirale (motif de flammes chinoises?) Autour du cou.<br \/>\nLe vase provient d&#039;un costume de chemin\u00e9e, appel\u00e9 kaststel (caste hollandaise - garde-robe, st\u00e8le - ensemble), compos\u00e9 d&#039;un nombre impair de r\u00e9cipients (de trois \u00e0 neuf) de formes vari\u00e9es (par exemple fl\u00fbte, vase en forme de poire, potiche ou calebasse) et d\u00e9corations identiques. Dans ces ensembles, un type de navire est apparu seul, tandis que le reste \u00e9tait compos\u00e9 de paires. Le plus souvent, ils imitaient \u00e0 la fois la forme des plats d&#039;Extr\u00eame-Orient et les d\u00e9corations bleu et blanc. Plac\u00e9s sur les corniches d&#039;armoires ou de chemin\u00e9es, ils sont devenus populaires au XVIIIe si\u00e8cle, o\u00f9 ils \u00e9taient un compl\u00e9ment caract\u00e9ristique des int\u00e9rieurs hollandais.<br \/>\nL&#039;un des mod\u00e8les typiques de costumes de d\u00e9coration, \u00e0 c\u00f4t\u00e9 du populaire soi-disant cachemire avec lambrequins, il y avait un motif floral blanc et bleu appel\u00e9 paterseliedekor (persil) par les Hollandais, dans lequel le d\u00e9cor \u00e9tait fait de petites feuilles, \u00e9toiles et spirales, avec des roses, des pivoines ou des oiseaux exotiques tiss\u00e9s dedans. La composition \u00e9tait compl\u00e9t\u00e9e par des lambrequins ou des lacets stylis\u00e9s (plac\u00e9s sur le pied ou en haut du ventre).<br \/>\nOferowany wazon pochodzi zapewne z wytw\u00f3rni &#8220;De Grieksche A&#8221; (za\u0142o\u017conej w 1658 roku przez Woutera van Eenhorna), gdy w\u0142a\u015bcicielem zak\u0142adu w latach 1701-1703 by\u0142 Pieter Adriaensz Kocks. Wyroby z tego okresu wyr\u00f3\u017cniaj\u0105 si\u0119 du\u017c\u0105 elegancj\u0105 form, finezj\u0105 rysunku i subteln\u0105 malatur\u0105 camaieu bleu.<\/p>","protected":false},"featured_media":3260,"comment_status":"closed","ping_status":"closed","template":"","meta":[],"product_cat":[50],"product_tag":[],"class_list":{"0":"post-3259","1":"product","2":"type-product","3":"status-publish","4":"has-post-thumbnail","6":"product_cat-porcelana-i-fajans","8":"entry","9":"has-media","11":"first","12":"instock","13":"taxable","14":"shipping-taxable","15":"purchasable","16":"product-type-simple","17":"has-product-nav","18":"col","19":"span_1_of_3","20":"owp-content-center","21":"owp-thumbs-layout-horizontal","22":"owp-btn-normal","23":"owp-tabs-layout-horizontal"},"aioseo_notices":[],"_links":{"self":[{"href":"https:\/\/antykilion.pl\/fr\/wp-json\/wp\/v2\/product\/3259","targetHints":{"allow":["GET"]}}],"collection":[{"href":"https:\/\/antykilion.pl\/fr\/wp-json\/wp\/v2\/product"}],"about":[{"href":"https:\/\/antykilion.pl\/fr\/wp-json\/wp\/v2\/types\/product"}],"replies":[{"embeddable":true,"href":"https:\/\/antykilion.pl\/fr\/wp-json\/wp\/v2\/comments?post=3259"}],"wp:featuredmedia":[{"embeddable":true,"href":"https:\/\/antykilion.pl\/fr\/wp-json\/wp\/v2\/media\/3260"}],"wp:attachment":[{"href":"https:\/\/antykilion.pl\/fr\/wp-json\/wp\/v2\/media?parent=3259"}],"wp:term":[{"taxonomy":"product_cat","embeddable":true,"href":"https:\/\/antykilion.pl\/fr\/wp-json\/wp\/v2\/product_cat?post=3259"},{"taxonomy":"product_tag","embeddable":true,"href":"https:\/\/antykilion.pl\/fr\/wp-json\/wp\/v2\/product_tag?post=3259"}],"curies":[{"name":"wp","href":"https:\/\/api.w.org\/{rel}","templated":true}]}}