{"id":3293,"date":"2020-10-09T10:01:37","date_gmt":"2020-10-09T08:01:37","guid":{"rendered":"https:\/\/antykilion.pl\/?post_type=product&#038;p=3293"},"modified":"2021-09-03T14:16:48","modified_gmt":"2021-09-03T12:16:48","slug":"paul-bernard-lefebvre-de-ville-1731-1819-czerwona-gwardia-krola-polskiego","status":"publish","type":"product","link":"https:\/\/antykilion.pl\/fr\/product\/paul-bernard-lefebvre-de-ville-1731-1819-czerwona-gwardia-krola-polskiego\/","title":{"rendered":"Paul Bernard LEFEBVRE DE VILLE (1731\u20131819), la garde rouge du roi polonais"},"content":{"rendered":"","protected":false},"excerpt":{"rendered":"<p>Portrait d&#039;un officier<\/p>\n<p>Paul Bernard LEFEBVRE DE VILLE (1731\u20131819), garde rouge du roi de Pologne, contrema\u00eetre de la garde de la Cte S&#039;Artois, chef de brigade du 23e r\u00e9giment. . Louis. (Grand-p\u00e8re du grand-p\u00e8re Kazimierz de Boulloche, n\u00e9 en 1789) \u00bb.<\/p>\n<p>Origine: Vera Tersmeden (1892\u20131987), puis par h\u00e9ritage au propri\u00e9taire actuel.<\/p>\n<p>Condition: nombreuses retouches<\/p>\n<p>doublure en toile<\/p>\n<p>Technique: huile sur toile<\/p>\n<p>Dimensions: 41 cm sur 51 cm sans blessure<\/p>","protected":false},"featured_media":3294,"comment_status":"closed","ping_status":"closed","template":"","meta":[],"product_cat":[41,39,40],"product_tag":[],"class_list":{"0":"post-3293","1":"product","2":"type-product","3":"status-publish","4":"has-post-thumbnail","6":"product_cat-malarstwo-dawne","7":"product_cat-dziela-sztuki","8":"product_cat-malarstwo","10":"entry","11":"has-media","13":"first","14":"instock","15":"taxable","16":"shipping-taxable","17":"purchasable","18":"product-type-simple","19":"has-product-nav","20":"col","21":"span_1_of_3","22":"owp-content-center","23":"owp-thumbs-layout-horizontal","24":"owp-btn-normal","25":"owp-tabs-layout-horizontal"},"aioseo_notices":[],"_links":{"self":[{"href":"https:\/\/antykilion.pl\/fr\/wp-json\/wp\/v2\/product\/3293","targetHints":{"allow":["GET"]}}],"collection":[{"href":"https:\/\/antykilion.pl\/fr\/wp-json\/wp\/v2\/product"}],"about":[{"href":"https:\/\/antykilion.pl\/fr\/wp-json\/wp\/v2\/types\/product"}],"replies":[{"embeddable":true,"href":"https:\/\/antykilion.pl\/fr\/wp-json\/wp\/v2\/comments?post=3293"}],"wp:featuredmedia":[{"embeddable":true,"href":"https:\/\/antykilion.pl\/fr\/wp-json\/wp\/v2\/media\/3294"}],"wp:attachment":[{"href":"https:\/\/antykilion.pl\/fr\/wp-json\/wp\/v2\/media?parent=3293"}],"wp:term":[{"taxonomy":"product_cat","embeddable":true,"href":"https:\/\/antykilion.pl\/fr\/wp-json\/wp\/v2\/product_cat?post=3293"},{"taxonomy":"product_tag","embeddable":true,"href":"https:\/\/antykilion.pl\/fr\/wp-json\/wp\/v2\/product_tag?post=3293"}],"curies":[{"name":"wp","href":"https:\/\/api.w.org\/{rel}","templated":true}]}}