{"id":3330,"date":"2020-11-08T15:35:38","date_gmt":"2020-11-08T14:35:38","guid":{"rendered":"https:\/\/antykilion.pl\/?post_type=product&#038;p=3330"},"modified":"2021-09-03T14:16:49","modified_gmt":"2021-09-03T12:16:49","slug":"waldemar-sehwohl-1887-1967-motyw-portowy","status":"publish","type":"product","link":"https:\/\/antykilion.pl\/fr\/product\/waldemar-sehwohl-1887-1967-motyw-portowy\/","title":{"rendered":"WALDEMAR SEWOHL (1887-1967): Th\u00e8me du port"},"content":{"rendered":"<p>Waldemar Sewohl - peintre allemand; il a \u00e9tudi\u00e9 \u00e0 Berlin avec Wilhelm Blank. Plus tard, il a voyag\u00e9 plusieurs fois en Allemagne, en Autriche et aux Pays-Bas. Il a peint des paysages des r\u00e9gions qu&#039;il a visit\u00e9es - des paysages de Bavi\u00e8re, de Pom\u00e9ranie et des environs de Berlin. Il a \u00e9galement peint des vues de la ville - places, rues, coins et ruelles pittoresques de Berlin, Gda\u0144sk, Francfort-sur-le-Main, Dresde, Wismar etc.<\/p>","protected":false},"excerpt":{"rendered":"<p>WALDEMAR SEWOHL (1887-1967): Th\u00e8me du port<\/p>\n<p>Signature visible sur la photo<\/p>\n<p>Technique: huile sur carton<\/p>\n<p>Etat: tr\u00e8s bon<\/p>\n<p>Cadre tr\u00e8s d\u00e9coratif<\/p>\n<p>Dimensions: 47 \u00d7 69<\/p>\n<p>Peinture tr\u00e8s d\u00e9corative. Je recommande beau.<br \/>\nci-dessous des informations sur l&#039;artiste <\/p>","protected":false},"featured_media":3331,"comment_status":"closed","ping_status":"closed","template":"","meta":[],"product_cat":[41,39,40],"product_tag":[],"class_list":{"0":"post-3330","1":"product","2":"type-product","3":"status-publish","4":"has-post-thumbnail","6":"product_cat-malarstwo-dawne","7":"product_cat-dziela-sztuki","8":"product_cat-malarstwo","10":"entry","11":"has-media","13":"first","14":"instock","15":"taxable","16":"shipping-taxable","17":"purchasable","18":"product-type-simple","19":"has-product-nav","20":"col","21":"span_1_of_3","22":"owp-content-center","23":"owp-thumbs-layout-horizontal","24":"owp-btn-normal","25":"owp-tabs-layout-horizontal","26":"has-no-thumbnails"},"aioseo_notices":[],"_links":{"self":[{"href":"https:\/\/antykilion.pl\/fr\/wp-json\/wp\/v2\/product\/3330","targetHints":{"allow":["GET"]}}],"collection":[{"href":"https:\/\/antykilion.pl\/fr\/wp-json\/wp\/v2\/product"}],"about":[{"href":"https:\/\/antykilion.pl\/fr\/wp-json\/wp\/v2\/types\/product"}],"replies":[{"embeddable":true,"href":"https:\/\/antykilion.pl\/fr\/wp-json\/wp\/v2\/comments?post=3330"}],"wp:featuredmedia":[{"embeddable":true,"href":"https:\/\/antykilion.pl\/fr\/wp-json\/wp\/v2\/media\/3331"}],"wp:attachment":[{"href":"https:\/\/antykilion.pl\/fr\/wp-json\/wp\/v2\/media?parent=3330"}],"wp:term":[{"taxonomy":"product_cat","embeddable":true,"href":"https:\/\/antykilion.pl\/fr\/wp-json\/wp\/v2\/product_cat?post=3330"},{"taxonomy":"product_tag","embeddable":true,"href":"https:\/\/antykilion.pl\/fr\/wp-json\/wp\/v2\/product_tag?post=3330"}],"curies":[{"name":"wp","href":"https:\/\/api.w.org\/{rel}","templated":true}]}}