{"id":3353,"date":"2020-11-22T11:53:16","date_gmt":"2020-11-22T10:53:16","guid":{"rendered":"https:\/\/antykilion.pl\/?post_type=product&#038;p=3353"},"modified":"2026-03-12T09:42:28","modified_gmt":"2026-03-12T08:42:28","slug":"muzealny-zegar-anthony-hutchinson-leeds-okolo-1750-1780-r","status":"publish","type":"product","link":"https:\/\/antykilion.pl\/fr\/product\/muzealny-zegar-anthony-hutchinson-leeds-okolo-1750-1780-r\/","title":{"rendered":"Horloge du mus\u00e9e Anthony Hutchinson Leeds vers 1750\/1780"},"content":{"rendered":"","protected":false},"excerpt":{"rendered":"<p>Horloge du mus\u00e9e Anthony Hutchinson Leeds vers 1750\/1780<\/p>\n<p>Horloge murale, horloge au sol avec phases de lune<\/p>\n<p>bo\u00eetier: acajou, buis, olive et de nombreux autres types de placages, verre; m\u00e9canisme: laiton, bronze, acier; hauteur 220 cm; largeur 50 cm; profondeur 26 cm.<\/p>\n<p>Angleterre, XVIIIe si\u00e8cle<\/p>\n<p>dans le style de George III<\/p>\n<p>sur 4 pieds de console; large socle rectangulaire, s\u00e9par\u00e9 par une corniche profil\u00e9e du f\u00fbt plus \u00e9troit, d\u00e9cor\u00e9 aux angles de quarts de colonnes cannel\u00e9es en bronze dor\u00e9; avec une porte \u00e0 un vantail ferm\u00e9e par un arc de rideau en trois parties. Un capot massif, plus large que le f\u00fbt, flanqu\u00e9 d&#039;une paire de colonnes cannel\u00e9es; un fleuron allong\u00e9, avec un arc de volute bris\u00e9, d\u00e9cor\u00e9 de pinacles en laiton. Un bouclier recouvert d&#039;une porte en verre, en laiton, avec des chiffres d&#039;heure romains sur l&#039;anneau; gravures au centre<\/p>\n<p>floral; coins ajour\u00e9s appliqu\u00e9s, avec vases et flagelles v\u00e9g\u00e9taux; calendrier lunaire peint \u00e0 mi-chemin; m\u00e9canisme avec une tension de poids (2 \u00e9chelles), un \u00e9chappement \u00e0 ancre et un r\u00e9gulateur \u00e0 pendule peint dans une sc\u00e8ne, un syst\u00e8me de frappe en peigne et un r\u00e9p\u00e9teur<\/p>\n<p>Un exemple extr\u00eamement impressionnant de l&#039;horloge anglaise la plus luxueuse du type \u00abbo\u00eetier long\u00bb<\/p>\n<p>Beautiful fait bonne impression !!!<\/p>","protected":false},"featured_media":3359,"comment_status":"closed","ping_status":"closed","template":"","meta":[],"product_cat":[52,51],"product_tag":[],"class_list":{"0":"post-3353","1":"product","2":"type-product","3":"status-publish","4":"has-post-thumbnail","6":"product_cat-zegary-stojace","7":"product_cat-zegary","9":"entry","10":"has-media","12":"first","13":"instock","14":"taxable","15":"shipping-taxable","16":"purchasable","17":"product-type-simple","18":"has-product-nav","19":"col","20":"span_1_of_3","21":"owp-content-center","22":"owp-thumbs-layout-horizontal","23":"owp-btn-normal","24":"owp-tabs-layout-horizontal"},"aioseo_notices":[],"_links":{"self":[{"href":"https:\/\/antykilion.pl\/fr\/wp-json\/wp\/v2\/product\/3353","targetHints":{"allow":["GET"]}}],"collection":[{"href":"https:\/\/antykilion.pl\/fr\/wp-json\/wp\/v2\/product"}],"about":[{"href":"https:\/\/antykilion.pl\/fr\/wp-json\/wp\/v2\/types\/product"}],"replies":[{"embeddable":true,"href":"https:\/\/antykilion.pl\/fr\/wp-json\/wp\/v2\/comments?post=3353"}],"wp:featuredmedia":[{"embeddable":true,"href":"https:\/\/antykilion.pl\/fr\/wp-json\/wp\/v2\/media\/3359"}],"wp:attachment":[{"href":"https:\/\/antykilion.pl\/fr\/wp-json\/wp\/v2\/media?parent=3353"}],"wp:term":[{"taxonomy":"product_cat","embeddable":true,"href":"https:\/\/antykilion.pl\/fr\/wp-json\/wp\/v2\/product_cat?post=3353"},{"taxonomy":"product_tag","embeddable":true,"href":"https:\/\/antykilion.pl\/fr\/wp-json\/wp\/v2\/product_tag?post=3353"}],"curies":[{"name":"wp","href":"https:\/\/api.w.org\/{rel}","templated":true}]}}