{"id":3361,"date":"2020-11-22T13:33:08","date_gmt":"2020-11-22T12:33:08","guid":{"rendered":"https:\/\/antykilion.pl\/?post_type=product&#038;p=3361"},"modified":"2026-03-12T09:46:56","modified_gmt":"2026-03-12T08:46:56","slug":"zegar-kominkowy-braz-zlocony-z-postacia-orfeusza-1844-49-r","status":"publish","type":"product","link":"https:\/\/antykilion.pl\/fr\/product\/zegar-kominkowy-braz-zlocony-z-postacia-orfeusza-1844-49-r\/","title":{"rendered":"Pendule de chemin\u00e9e en bronze dor\u00e9 avec la figure d&#039;Orph\u00e9e 1844\/49"},"content":{"rendered":"","protected":false},"excerpt":{"rendered":"<p>Pendule de chemin\u00e9e en bronze dor\u00e9 avec la figure d&#039;Orph\u00e9e 1844\/49<\/p>\n<p>sur un socle allong\u00e9 en bronze dor\u00e9, richement d\u00e9cor\u00e9 d&#039;appliques de type sevres, sign\u00e9 au dos d&#039;un motif floral et putti; une figure plus \u00e9lev\u00e9e d&#039;Orph\u00e9e dans une robe ancienne, derri\u00e8re lui une structure florale avec un m\u00e9canisme d&#039;horloge int\u00e9gr\u00e9, battant des heures et demie dans le syst\u00e8me parisien; un bouclier dans un bord de perle; \u00e9maill\u00e9, avec division des heures romaine et division des minutes en arabe<\/p>\n<p>M\u00e9canisme sign\u00e9 Japy Fils M\u00e9daille D&#039;argent et dat\u00e9 1844-1949.<\/p>\n<p>m\u00e9daill\u00e9 d&#039;argent<\/p>\n<p>Dimensions: hauteur environ 30,5 cm, largeur 18 cm, longueur 55 cm<\/p>\n<p>Tr\u00e8s bonne condition<\/p>\n<p>Origine: France<\/p>\n<p>Charmant!<\/p>\n<p>horloge fonctionnant apr\u00e8s l&#039;examen de l&#039;horloger<\/p>","protected":false},"featured_media":3362,"comment_status":"closed","ping_status":"closed","template":"","meta":[],"product_cat":[54,51],"product_tag":[],"class_list":{"0":"post-3361","1":"product","2":"type-product","3":"status-publish","4":"has-post-thumbnail","6":"product_cat-zegary-kominkowe","7":"product_cat-zegary","9":"entry","10":"has-media","12":"first","13":"instock","14":"taxable","15":"shipping-taxable","16":"purchasable","17":"product-type-simple","18":"has-product-nav","19":"col","20":"span_1_of_3","21":"owp-content-center","22":"owp-thumbs-layout-horizontal","23":"owp-btn-normal","24":"owp-tabs-layout-horizontal"},"aioseo_notices":[],"_links":{"self":[{"href":"https:\/\/antykilion.pl\/fr\/wp-json\/wp\/v2\/product\/3361","targetHints":{"allow":["GET"]}}],"collection":[{"href":"https:\/\/antykilion.pl\/fr\/wp-json\/wp\/v2\/product"}],"about":[{"href":"https:\/\/antykilion.pl\/fr\/wp-json\/wp\/v2\/types\/product"}],"replies":[{"embeddable":true,"href":"https:\/\/antykilion.pl\/fr\/wp-json\/wp\/v2\/comments?post=3361"}],"wp:featuredmedia":[{"embeddable":true,"href":"https:\/\/antykilion.pl\/fr\/wp-json\/wp\/v2\/media\/3362"}],"wp:attachment":[{"href":"https:\/\/antykilion.pl\/fr\/wp-json\/wp\/v2\/media?parent=3361"}],"wp:term":[{"taxonomy":"product_cat","embeddable":true,"href":"https:\/\/antykilion.pl\/fr\/wp-json\/wp\/v2\/product_cat?post=3361"},{"taxonomy":"product_tag","embeddable":true,"href":"https:\/\/antykilion.pl\/fr\/wp-json\/wp\/v2\/product_tag?post=3361"}],"curies":[{"name":"wp","href":"https:\/\/api.w.org\/{rel}","templated":true}]}}