{"id":3386,"date":"2020-12-04T07:31:35","date_gmt":"2020-12-04T06:31:35","guid":{"rendered":"https:\/\/antykilion.pl\/?post_type=product&#038;p=3386"},"modified":"2024-04-19T09:34:47","modified_gmt":"2024-04-19T07:34:47","slug":"tremo-biedermeier-xix-wiek-okolo-1830-40-r","status":"publish","type":"product","link":"https:\/\/antykilion.pl\/fr\/product\/tremo-biedermeier-xix-wiek-okolo-1830-40-r\/","title":{"rendered":"Tremo Biedermeier 19e si\u00e8cle vers 1830\/40"},"content":{"rendered":"","protected":false},"excerpt":{"rendered":"<p>Tremo Biedermeier 19e si\u00e8cle vers 1830\/40<br \/>\nUne console avec un dessus rectangulaire, avec des coins avant arrondis, appuy\u00e9e sur des supports en forme de S plac\u00e9s sur la plate-forme, concave \u00e0 l&#039;avant, coupe ondul\u00e9e, support\u00e9e sur quatre rondelles. Cadre de miroir rectangulaire, encadr\u00e9 sur des c\u00f4t\u00e9s concaves - convexes, avec un dessus riche de coupe fantaisiste.<br \/>\nUn meuble de tr\u00e8s grande qualit\u00e9.<\/p>\n<p>Tr\u00e8s bon \u00e9tat d&#039;origine, traces d&#039;utilisation visibles<br \/>\nMat\u00e9riel: acajou<br \/>\nDimensions: Miroir de 170 cm de haut, 84 cm de large. Console 84 cm de long, 39 cm de large, 89 cm de haut.<br \/>\nOrigine: Pologne<\/p>","protected":false},"featured_media":3387,"comment_status":"closed","ping_status":"closed","template":"","meta":[],"product_cat":[30,17],"product_tag":[],"class_list":{"0":"post-3386","1":"product","2":"type-product","3":"status-publish","4":"has-post-thumbnail","6":"product_cat-lustra","7":"product_cat-meble","9":"entry","10":"has-media","12":"first","13":"instock","14":"taxable","15":"shipping-taxable","16":"purchasable","17":"product-type-simple","18":"has-product-nav","19":"col","20":"span_1_of_3","21":"owp-content-center","22":"owp-thumbs-layout-horizontal","23":"owp-btn-normal","24":"owp-tabs-layout-horizontal"},"aioseo_notices":[],"_links":{"self":[{"href":"https:\/\/antykilion.pl\/fr\/wp-json\/wp\/v2\/product\/3386","targetHints":{"allow":["GET"]}}],"collection":[{"href":"https:\/\/antykilion.pl\/fr\/wp-json\/wp\/v2\/product"}],"about":[{"href":"https:\/\/antykilion.pl\/fr\/wp-json\/wp\/v2\/types\/product"}],"replies":[{"embeddable":true,"href":"https:\/\/antykilion.pl\/fr\/wp-json\/wp\/v2\/comments?post=3386"}],"wp:featuredmedia":[{"embeddable":true,"href":"https:\/\/antykilion.pl\/fr\/wp-json\/wp\/v2\/media\/3387"}],"wp:attachment":[{"href":"https:\/\/antykilion.pl\/fr\/wp-json\/wp\/v2\/media?parent=3386"}],"wp:term":[{"taxonomy":"product_cat","embeddable":true,"href":"https:\/\/antykilion.pl\/fr\/wp-json\/wp\/v2\/product_cat?post=3386"},{"taxonomy":"product_tag","embeddable":true,"href":"https:\/\/antykilion.pl\/fr\/wp-json\/wp\/v2\/product_tag?post=3386"}],"curies":[{"name":"wp","href":"https:\/\/api.w.org\/{rel}","templated":true}]}}