{"id":3427,"date":"2020-12-06T14:10:53","date_gmt":"2020-12-06T13:10:53","guid":{"rendered":"https:\/\/antykilion.pl\/?post_type=product&#038;p=3427"},"modified":"2024-07-01T21:49:05","modified_gmt":"2024-07-01T19:49:05","slug":"para-krzesel-biedermeier-warszawa-wilno-okolo-1830","status":"publish","type":"product","link":"https:\/\/antykilion.pl\/fr\/product\/para-krzesel-biedermeier-warszawa-wilno-okolo-1830\/","title":{"rendered":"Paire de chaises Biedermeier Varsovie-Vilnius vers 1830"},"content":{"rendered":"","protected":false},"excerpt":{"rendered":"<p>Paire de chaises Biedermeier<\/p>\n<p>avec un dossier de planche, un coussin de si\u00e8ge rembourr\u00e9, soutenu par quatre planches, pieds en forme de S. Panneau de dossier en forme de S, encadr\u00e9 d&#039;ornements floraux sculpt\u00e9s.<\/p>\n<p>Un meuble avec une forme et une d\u00e9coration adapt\u00e9es au style Biedermeier de la Pologne centrale et orientale. (Varsovie, Vilnius) Ils ont une forme de planche typique d&#039;un dossier et d&#039;un si\u00e8ge fait d&#039;un coussin rembourr\u00e9, et des d\u00e9corations en bas-relief populaires compos\u00e9es de feuilles stylis\u00e9es et de rosaces.<\/p>\n<p>Mat\u00e9riel: structure - h\u00eatre, placage d&#039;acajou;<\/p>\n<p>Origine: Pologne centrale et orientale, vers 1830-1835<\/p>\n<p>Etat: d&#039;origine, tr\u00e8s bon, traces d&#039;utilisation visibles<\/p>\n<p>Dimensions: hauteur d&#039;assise environ 44, hauteur maximale de la chaise<\/p>","protected":false},"featured_media":3428,"comment_status":"closed","ping_status":"closed","template":"","meta":[],"product_cat":[28,17],"product_tag":[],"class_list":{"0":"post-3427","1":"product","2":"type-product","3":"status-publish","4":"has-post-thumbnail","6":"product_cat-krzesla","7":"product_cat-meble","9":"entry","10":"has-media","12":"first","13":"instock","14":"taxable","15":"shipping-taxable","16":"purchasable","17":"product-type-simple","18":"has-product-nav","19":"col","20":"span_1_of_3","21":"owp-content-center","22":"owp-thumbs-layout-horizontal","23":"owp-btn-normal","24":"owp-tabs-layout-horizontal"},"aioseo_notices":[],"_links":{"self":[{"href":"https:\/\/antykilion.pl\/fr\/wp-json\/wp\/v2\/product\/3427","targetHints":{"allow":["GET"]}}],"collection":[{"href":"https:\/\/antykilion.pl\/fr\/wp-json\/wp\/v2\/product"}],"about":[{"href":"https:\/\/antykilion.pl\/fr\/wp-json\/wp\/v2\/types\/product"}],"replies":[{"embeddable":true,"href":"https:\/\/antykilion.pl\/fr\/wp-json\/wp\/v2\/comments?post=3427"}],"wp:featuredmedia":[{"embeddable":true,"href":"https:\/\/antykilion.pl\/fr\/wp-json\/wp\/v2\/media\/3428"}],"wp:attachment":[{"href":"https:\/\/antykilion.pl\/fr\/wp-json\/wp\/v2\/media?parent=3427"}],"wp:term":[{"taxonomy":"product_cat","embeddable":true,"href":"https:\/\/antykilion.pl\/fr\/wp-json\/wp\/v2\/product_cat?post=3427"},{"taxonomy":"product_tag","embeddable":true,"href":"https:\/\/antykilion.pl\/fr\/wp-json\/wp\/v2\/product_tag?post=3427"}],"curies":[{"name":"wp","href":"https:\/\/api.w.org\/{rel}","templated":true}]}}