{"id":3441,"date":"2020-12-27T12:14:44","date_gmt":"2020-12-27T11:14:44","guid":{"rendered":"https:\/\/antykilion.pl\/?post_type=product&#038;p=3441"},"modified":"2022-12-14T19:46:03","modified_gmt":"2022-12-14T18:46:03","slug":"sekretera-szyfoniera-xix-wiek-w-stylu-boulle-okolo-1860-70-roku-2","status":"publish","type":"product","link":"https:\/\/antykilion.pl\/fr\/product\/sekretera-szyfoniera-xix-wiek-w-stylu-boulle-okolo-1860-70-roku-2\/","title":{"rendered":"Secr\u00e9taire \/ chiffonnier du 19\u00e8me si\u00e8cle, dans le style Boulle vers 1860\/70"},"content":{"rendered":"<p>Ce meuble est d\u00e9cor\u00e9 de &quot;Bulowska marketing&quot;, une technique de d\u00e9coration popularis\u00e9e et perfectionn\u00e9e par le cr\u00e9ateur de mobilier royal Charles Andr\u00e9 Boulle (1642 - 1732).<\/p>","protected":false},"excerpt":{"rendered":"<p>Secr\u00e9taire \/ chiffonnier du 19\u00e8me si\u00e8cle, dans le style Boulle vers 1860\/70<br \/>\navec c\u00f4t\u00e9s et devant ondul\u00e9s et coins avant coup\u00e9s, avec un rabat de secr\u00e9taire et avec des tiroirs, soutenus sur des jambes de console. L&#039;ensemble est plaqu\u00e9, teint\u00e9 noir, poli sur le soi-disant Tapis fran\u00e7ais, d\u00e9cor\u00e9 d&#039;une incrustation de fil de laiton cr\u00e9ant des motifs floraux, sur fond d&#039;\u00e9caille de tortue, d\u00e9cor\u00e9 en outre de bronzes dor\u00e9s. La corniche sup\u00e9rieure et le socle sont encadr\u00e9s par une bande profil\u00e9e. Les coins avant sont d\u00e9cor\u00e9s de rosaces en haut et en bas, ainsi que de cariatides dans la partie sup\u00e9rieure. Deux \u00e9tag\u00e8res et deux tiroirs \u00e0 l&#039;int\u00e9rieur.<br \/>\nMati\u00e8re: structure - ch\u00eane, placage - acajou, poire noircie?<br \/>\nOrigine: France, vers 1860-70<br \/>\n\u00c9tat: tr\u00e8s bon, apr\u00e8s entretien professionnel, serrures sign\u00e9es<br \/>\nDimensions: hauteur 124 cm, longueur 64,5 cm, largeur 36 cm<br \/>\nVous trouverez ci-dessous des informations sur la technique du meuble.<\/p>","protected":false},"featured_media":3444,"comment_status":"closed","ping_status":"closed","template":"","meta":[],"product_cat":[26,17,31,35],"product_tag":[],"class_list":{"0":"post-3441","1":"product","2":"type-product","3":"status-publish","4":"has-post-thumbnail","6":"product_cat-komody","7":"product_cat-meble","8":"product_cat-sekretery-sekretarzyki-biurka","9":"product_cat-szyfoniery","11":"entry","12":"has-media","14":"first","15":"instock","16":"taxable","17":"shipping-taxable","18":"purchasable","19":"product-type-simple","20":"has-product-nav","21":"col","22":"span_1_of_3","23":"owp-content-center","24":"owp-thumbs-layout-horizontal","25":"owp-btn-normal","26":"owp-tabs-layout-horizontal"},"aioseo_notices":[],"_links":{"self":[{"href":"https:\/\/antykilion.pl\/fr\/wp-json\/wp\/v2\/product\/3441","targetHints":{"allow":["GET"]}}],"collection":[{"href":"https:\/\/antykilion.pl\/fr\/wp-json\/wp\/v2\/product"}],"about":[{"href":"https:\/\/antykilion.pl\/fr\/wp-json\/wp\/v2\/types\/product"}],"replies":[{"embeddable":true,"href":"https:\/\/antykilion.pl\/fr\/wp-json\/wp\/v2\/comments?post=3441"}],"wp:featuredmedia":[{"embeddable":true,"href":"https:\/\/antykilion.pl\/fr\/wp-json\/wp\/v2\/media\/3444"}],"wp:attachment":[{"href":"https:\/\/antykilion.pl\/fr\/wp-json\/wp\/v2\/media?parent=3441"}],"wp:term":[{"taxonomy":"product_cat","embeddable":true,"href":"https:\/\/antykilion.pl\/fr\/wp-json\/wp\/v2\/product_cat?post=3441"},{"taxonomy":"product_tag","embeddable":true,"href":"https:\/\/antykilion.pl\/fr\/wp-json\/wp\/v2\/product_tag?post=3441"}],"curies":[{"name":"wp","href":"https:\/\/api.w.org\/{rel}","templated":true}]}}